{"id":5839,"date":"2025-06-28T17:31:21","date_gmt":"2025-06-28T15:31:21","guid":{"rendered":"https:\/\/uj.adatbank.ro\/lexikon\/termek\/crainic-iuliu\/"},"modified":"2025-06-28T17:31:21","modified_gmt":"2025-06-28T15:31:21","slug":"crainic-iuliu","status":"publish","type":"product","link":"https:\/\/uj.adatbank.ro\/lexikon\/termek\/crainic-iuliu\/","title":{"rendered":"CRAINIC Iuliu"},"content":{"rendered":"<p>Als\u00f3oroszi, 1862. okt. 30., \u2020 1924\u201328, ? : g\u00f6r. kat. pap. \u2013 Bal\u00e1zsfalv\u00e1n szentelt\u00e9k papp\u00e1 1889. aug. 27.). Als\u00f3orosziban szolg\u00e1lt hal\u00e1l\u00e1ig (1889\u2013). <br \/><strong>Irod.:<\/strong> Dobozi<\/br><\/p>\n","protected":false},"excerpt":{"rendered":"<p>Als\u00f3oroszi, 1862. okt. 30., \u2020 1924\u201328, ? : g\u00f6r. kat. pap. \u2013 Bal\u00e1zsfalv\u00e1n szentelt\u00e9k papp\u00e1 1889. aug. 27.). Als\u00f3orosziban szolg\u00e1lt hal\u00e1l\u00e1ig (1889\u2013). Irod.: Dobozi<\/p>\n","protected":false},"featured_media":0,"comment_status":"open","ping_status":"closed","template":"","meta":[],"product_brand":[],"product_cat":[137],"product_tag":[],"class_list":{"0":"post-5839","1":"product","2":"type-product","3":"status-publish","5":"product_cat-maros-megyei-eletrajzi-lexikon","7":"first","8":"instock","9":"shipping-taxable","10":"product-type-simple"},"_links":{"self":[{"href":"https:\/\/uj.adatbank.ro\/lexikon\/wp-json\/wp\/v2\/product\/5839","targetHints":{"allow":["GET"]}}],"collection":[{"href":"https:\/\/uj.adatbank.ro\/lexikon\/wp-json\/wp\/v2\/product"}],"about":[{"href":"https:\/\/uj.adatbank.ro\/lexikon\/wp-json\/wp\/v2\/types\/product"}],"replies":[{"embeddable":true,"href":"https:\/\/uj.adatbank.ro\/lexikon\/wp-json\/wp\/v2\/comments?post=5839"}],"wp:attachment":[{"href":"https:\/\/uj.adatbank.ro\/lexikon\/wp-json\/wp\/v2\/media?parent=5839"}],"wp:term":[{"taxonomy":"product_brand","embeddable":true,"href":"https:\/\/uj.adatbank.ro\/lexikon\/wp-json\/wp\/v2\/product_brand?post=5839"},{"taxonomy":"product_cat","embeddable":true,"href":"https:\/\/uj.adatbank.ro\/lexikon\/wp-json\/wp\/v2\/product_cat?post=5839"},{"taxonomy":"product_tag","embeddable":true,"href":"https:\/\/uj.adatbank.ro\/lexikon\/wp-json\/wp\/v2\/product_tag?post=5839"}],"curies":[{"name":"wp","href":"https:\/\/api.w.org\/{rel}","templated":true}]}}