{"id":5840,"date":"2025-06-28T17:31:23","date_gmt":"2025-06-28T15:31:23","guid":{"rendered":"https:\/\/uj.adatbank.ro\/lexikon\/termek\/crainic-iuon-krainik-iuon\/"},"modified":"2025-06-28T17:31:23","modified_gmt":"2025-06-28T15:31:23","slug":"crainic-iuon-krainik-iuon","status":"publish","type":"product","link":"https:\/\/uj.adatbank.ro\/lexikon\/termek\/crainic-iuon-krainik-iuon\/","title":{"rendered":"CRAINIC Iuon, Krainik, Iuon"},"content":{"rendered":"<p>H\u00e9tb\u00fckk, ? \u2020 ?: g\u00f6r. kat. pap. \u2013 H\u00e9tb\u00fckkben szolg\u00e1lt (?). Nagyapja \u00e9s \u00e9desapja, akik szint\u00e9n g\u00f6r. kat. papok voltak, \u00e9p\u00edttett\u00e9k a templomot H\u00e9tb\u00fckkben (?). <br \/><strong>Irod.:<\/strong> Dobozi<\/br><\/p>\n","protected":false},"excerpt":{"rendered":"<p>H\u00e9tb\u00fckk, ? \u2020 ?: g\u00f6r. kat. pap. \u2013 H\u00e9tb\u00fckkben szolg\u00e1lt (?). Nagyapja \u00e9s \u00e9desapja, akik szint\u00e9n g\u00f6r. kat. papok voltak, \u00e9p\u00edttett\u00e9k a templomot H\u00e9tb\u00fckkben (?). Irod.: Dobozi<\/p>\n","protected":false},"featured_media":0,"comment_status":"open","ping_status":"closed","template":"","meta":[],"product_brand":[],"product_cat":[137],"product_tag":[],"class_list":{"0":"post-5840","1":"product","2":"type-product","3":"status-publish","5":"product_cat-maros-megyei-eletrajzi-lexikon","7":"first","8":"instock","9":"shipping-taxable","10":"product-type-simple"},"_links":{"self":[{"href":"https:\/\/uj.adatbank.ro\/lexikon\/wp-json\/wp\/v2\/product\/5840","targetHints":{"allow":["GET"]}}],"collection":[{"href":"https:\/\/uj.adatbank.ro\/lexikon\/wp-json\/wp\/v2\/product"}],"about":[{"href":"https:\/\/uj.adatbank.ro\/lexikon\/wp-json\/wp\/v2\/types\/product"}],"replies":[{"embeddable":true,"href":"https:\/\/uj.adatbank.ro\/lexikon\/wp-json\/wp\/v2\/comments?post=5840"}],"wp:attachment":[{"href":"https:\/\/uj.adatbank.ro\/lexikon\/wp-json\/wp\/v2\/media?parent=5840"}],"wp:term":[{"taxonomy":"product_brand","embeddable":true,"href":"https:\/\/uj.adatbank.ro\/lexikon\/wp-json\/wp\/v2\/product_brand?post=5840"},{"taxonomy":"product_cat","embeddable":true,"href":"https:\/\/uj.adatbank.ro\/lexikon\/wp-json\/wp\/v2\/product_cat?post=5840"},{"taxonomy":"product_tag","embeddable":true,"href":"https:\/\/uj.adatbank.ro\/lexikon\/wp-json\/wp\/v2\/product_tag?post=5840"}],"curies":[{"name":"wp","href":"https:\/\/api.w.org\/{rel}","templated":true}]}}