{"id":5846,"date":"2025-06-28T17:31:33","date_gmt":"2025-06-28T15:31:33","guid":{"rendered":"https:\/\/uj.adatbank.ro\/lexikon\/termek\/creanga-horia\/"},"modified":"2025-06-28T17:31:33","modified_gmt":"2025-06-28T15:31:33","slug":"creanga-horia","status":"publish","type":"product","link":"https:\/\/uj.adatbank.ro\/lexikon\/termek\/creanga-horia\/","title":{"rendered":"CREANG\u0102 Horia"},"content":{"rendered":"<p>? \u2020 ? : \u00e9p\u00edt\u00e9szm\u00e9rn\u00f6k. \u2013 Mv.-en \u00e9p\u00edtette a Victor Groza dr. modern st\u00edlus\u00fa k\u00e9tszinteses h\u00e1z\u00e1t, aki Mv.-re telepedett (1918), \u00e9s Feny\u0151 u. 8. sz. alatt v\u00e1s\u00e1rolt telket (1937). <br \/><strong>Irod.:<\/strong> Man: Tg. M. 3.<\/br><\/p>\n","protected":false},"excerpt":{"rendered":"<p>? \u2020 ? : \u00e9p\u00edt\u00e9szm\u00e9rn\u00f6k. \u2013 Mv.-en \u00e9p\u00edtette a Victor Groza dr. modern st\u00edlus\u00fa k\u00e9tszinteses h\u00e1z\u00e1t, aki Mv.-re telepedett (1918), \u00e9s Feny\u0151 u. 8. sz. alatt v\u00e1s\u00e1rolt telket (1937). Irod.: Man: Tg. M. 3.<\/p>\n","protected":false},"featured_media":0,"comment_status":"open","ping_status":"closed","template":"","meta":[],"product_brand":[],"product_cat":[137],"product_tag":[],"class_list":{"0":"post-5846","1":"product","2":"type-product","3":"status-publish","5":"product_cat-maros-megyei-eletrajzi-lexikon","7":"first","8":"instock","9":"shipping-taxable","10":"product-type-simple"},"_links":{"self":[{"href":"https:\/\/uj.adatbank.ro\/lexikon\/wp-json\/wp\/v2\/product\/5846","targetHints":{"allow":["GET"]}}],"collection":[{"href":"https:\/\/uj.adatbank.ro\/lexikon\/wp-json\/wp\/v2\/product"}],"about":[{"href":"https:\/\/uj.adatbank.ro\/lexikon\/wp-json\/wp\/v2\/types\/product"}],"replies":[{"embeddable":true,"href":"https:\/\/uj.adatbank.ro\/lexikon\/wp-json\/wp\/v2\/comments?post=5846"}],"wp:attachment":[{"href":"https:\/\/uj.adatbank.ro\/lexikon\/wp-json\/wp\/v2\/media?parent=5846"}],"wp:term":[{"taxonomy":"product_brand","embeddable":true,"href":"https:\/\/uj.adatbank.ro\/lexikon\/wp-json\/wp\/v2\/product_brand?post=5846"},{"taxonomy":"product_cat","embeddable":true,"href":"https:\/\/uj.adatbank.ro\/lexikon\/wp-json\/wp\/v2\/product_cat?post=5846"},{"taxonomy":"product_tag","embeddable":true,"href":"https:\/\/uj.adatbank.ro\/lexikon\/wp-json\/wp\/v2\/product_tag?post=5846"}],"curies":[{"name":"wp","href":"https:\/\/api.w.org\/{rel}","templated":true}]}}