{"id":5847,"date":"2025-06-28T17:31:37","date_gmt":"2025-06-28T15:31:37","guid":{"rendered":"https:\/\/uj.adatbank.ro\/lexikon\/termek\/cremene-aurel\/"},"modified":"2025-06-28T17:31:37","modified_gmt":"2025-06-28T15:31:37","slug":"cremene-aurel","status":"publish","type":"product","link":"https:\/\/uj.adatbank.ro\/lexikon\/termek\/cremene-aurel\/","title":{"rendered":"CREMENE Aurel"},"content":{"rendered":"<p>Beresztelke, 1915. okt. 17. \u2020 ? : \u0151rmester. \u2013 7. Vad\u00e1szezredben, a rom\u00e1n hadsereg k\u00f6tel\u00e9k\u00e9ben r\u00e9szt vett a keleti hadj\u00e1ratban (1941. j\u00fan. &#8211; 44. \u00e1pr. 15.), amikor szovjet fogs\u00e1gba esett (1944. \u00e1pr. 15\u201345. \u00e1pr. 2.). Kit\u00fcntett\u00e9k a Serviciul credincios \u00e9remmel. <br \/><strong>Irod.:<\/strong> Reghin, militari<\/br><\/p>\n","protected":false},"excerpt":{"rendered":"<p>Beresztelke, 1915. okt. 17. \u2020 ? : \u0151rmester. \u2013 7. Vad\u00e1szezredben, a rom\u00e1n hadsereg k\u00f6tel\u00e9k\u00e9ben r\u00e9szt vett a keleti hadj\u00e1ratban (1941. j\u00fan. &#8211; 44. \u00e1pr. 15.), amikor szovjet fogs\u00e1gba esett (1944. \u00e1pr. 15\u201345. \u00e1pr. 2.). Kit\u00fcntett\u00e9k a Serviciul credincios \u00e9remmel. Irod.: Reghin, militari<\/p>\n","protected":false},"featured_media":0,"comment_status":"open","ping_status":"closed","template":"","meta":[],"product_brand":[],"product_cat":[137],"product_tag":[],"class_list":{"0":"post-5847","1":"product","2":"type-product","3":"status-publish","5":"product_cat-maros-megyei-eletrajzi-lexikon","7":"first","8":"instock","9":"shipping-taxable","10":"product-type-simple"},"_links":{"self":[{"href":"https:\/\/uj.adatbank.ro\/lexikon\/wp-json\/wp\/v2\/product\/5847","targetHints":{"allow":["GET"]}}],"collection":[{"href":"https:\/\/uj.adatbank.ro\/lexikon\/wp-json\/wp\/v2\/product"}],"about":[{"href":"https:\/\/uj.adatbank.ro\/lexikon\/wp-json\/wp\/v2\/types\/product"}],"replies":[{"embeddable":true,"href":"https:\/\/uj.adatbank.ro\/lexikon\/wp-json\/wp\/v2\/comments?post=5847"}],"wp:attachment":[{"href":"https:\/\/uj.adatbank.ro\/lexikon\/wp-json\/wp\/v2\/media?parent=5847"}],"wp:term":[{"taxonomy":"product_brand","embeddable":true,"href":"https:\/\/uj.adatbank.ro\/lexikon\/wp-json\/wp\/v2\/product_brand?post=5847"},{"taxonomy":"product_cat","embeddable":true,"href":"https:\/\/uj.adatbank.ro\/lexikon\/wp-json\/wp\/v2\/product_cat?post=5847"},{"taxonomy":"product_tag","embeddable":true,"href":"https:\/\/uj.adatbank.ro\/lexikon\/wp-json\/wp\/v2\/product_tag?post=5847"}],"curies":[{"name":"wp","href":"https:\/\/api.w.org\/{rel}","templated":true}]}}