{"id":5850,"date":"2025-06-28T17:31:42","date_gmt":"2025-06-28T15:31:42","guid":{"rendered":"https:\/\/uj.adatbank.ro\/lexikon\/termek\/creutzer-johannes\/"},"modified":"2025-06-28T17:31:42","modified_gmt":"2025-06-28T15:31:42","slug":"creutzer-johannes","status":"publish","type":"product","link":"https:\/\/uj.adatbank.ro\/lexikon\/termek\/creutzer-johannes\/","title":{"rendered":"CREUTZER Johannes"},"content":{"rendered":"<p>Segesv\u00e1r., ? \u2020 Z\u00e1gor, 1746. jan. 17. : ev. lelk\u00e9sz. \u2013 Tanult Halle-ban (1708). Pr\u00e9dik\u00e1tor Segesv\u00e1ron, Z\u00e1gorban. <br \/><strong>Irod.:<\/strong> Szab\u00f3\u2013Sz\u00f6gi<\/br><\/p>\n","protected":false},"excerpt":{"rendered":"<p>Segesv\u00e1r., ? \u2020 Z\u00e1gor, 1746. jan. 17. : ev. lelk\u00e9sz. \u2013 Tanult Halle-ban (1708). Pr\u00e9dik\u00e1tor Segesv\u00e1ron, Z\u00e1gorban. Irod.: Szab\u00f3\u2013Sz\u00f6gi<\/p>\n","protected":false},"featured_media":0,"comment_status":"open","ping_status":"closed","template":"","meta":[],"product_brand":[],"product_cat":[137],"product_tag":[],"class_list":{"0":"post-5850","1":"product","2":"type-product","3":"status-publish","5":"product_cat-maros-megyei-eletrajzi-lexikon","7":"first","8":"instock","9":"shipping-taxable","10":"product-type-simple"},"_links":{"self":[{"href":"https:\/\/uj.adatbank.ro\/lexikon\/wp-json\/wp\/v2\/product\/5850","targetHints":{"allow":["GET"]}}],"collection":[{"href":"https:\/\/uj.adatbank.ro\/lexikon\/wp-json\/wp\/v2\/product"}],"about":[{"href":"https:\/\/uj.adatbank.ro\/lexikon\/wp-json\/wp\/v2\/types\/product"}],"replies":[{"embeddable":true,"href":"https:\/\/uj.adatbank.ro\/lexikon\/wp-json\/wp\/v2\/comments?post=5850"}],"wp:attachment":[{"href":"https:\/\/uj.adatbank.ro\/lexikon\/wp-json\/wp\/v2\/media?parent=5850"}],"wp:term":[{"taxonomy":"product_brand","embeddable":true,"href":"https:\/\/uj.adatbank.ro\/lexikon\/wp-json\/wp\/v2\/product_brand?post=5850"},{"taxonomy":"product_cat","embeddable":true,"href":"https:\/\/uj.adatbank.ro\/lexikon\/wp-json\/wp\/v2\/product_cat?post=5850"},{"taxonomy":"product_tag","embeddable":true,"href":"https:\/\/uj.adatbank.ro\/lexikon\/wp-json\/wp\/v2\/product_tag?post=5850"}],"curies":[{"name":"wp","href":"https:\/\/api.w.org\/{rel}","templated":true}]}}