{"id":5853,"date":"2025-06-28T17:31:49","date_gmt":"2025-06-28T15:31:49","guid":{"rendered":"https:\/\/uj.adatbank.ro\/lexikon\/termek\/crisan-georgie\/"},"modified":"2025-06-28T17:31:49","modified_gmt":"2025-06-28T15:31:49","slug":"crisan-georgie","status":"publish","type":"product","link":"https:\/\/uj.adatbank.ro\/lexikon\/termek\/crisan-georgie\/","title":{"rendered":"CRI\u015eAN Georgie"},"content":{"rendered":"<p>1841., \u2020\u00a0? : g\u00f6r. kat. pap. \u2013 Mihai Cri\u015fan esperes fia. \u2013 Bal\u00e1zsfalv\u00e1n v\u00e9gezte a teol\u00f3gi\u00e1t (1866). Sz\u00e1szr\u00e9genbe helyezt\u00e9k mint seg\u00e9dpap (1866\u201375 aug.), majd pl\u00e9banos Mez\u0151-Dombon. Egy papokhoz \u00edrt \u00e1tiratban s\u00edkrasz\u00e1llt a papi n\u0151s\u00fcl\u00e9si lehet\u0151s\u00e9g mellett (1859). <br \/><strong>Irod.:<\/strong> Dobozi<\/br><\/p>\n","protected":false},"excerpt":{"rendered":"<p>1841., \u2020\u00a0? : g\u00f6r. kat. pap. \u2013 Mihai Cri\u015fan esperes fia. \u2013 Bal\u00e1zsfalv\u00e1n v\u00e9gezte a teol\u00f3gi\u00e1t (1866). Sz\u00e1szr\u00e9genbe helyezt\u00e9k mint seg\u00e9dpap (1866\u201375 aug.), majd pl\u00e9banos Mez\u0151-Dombon. Egy papokhoz \u00edrt \u00e1tiratban s\u00edkrasz\u00e1llt a papi n\u0151s\u00fcl\u00e9si lehet\u0151s\u00e9g mellett (1859). Irod.: Dobozi<\/p>\n","protected":false},"featured_media":0,"comment_status":"open","ping_status":"closed","template":"","meta":[],"product_brand":[],"product_cat":[137],"product_tag":[],"class_list":{"0":"post-5853","1":"product","2":"type-product","3":"status-publish","5":"product_cat-maros-megyei-eletrajzi-lexikon","7":"first","8":"instock","9":"shipping-taxable","10":"product-type-simple"},"_links":{"self":[{"href":"https:\/\/uj.adatbank.ro\/lexikon\/wp-json\/wp\/v2\/product\/5853","targetHints":{"allow":["GET"]}}],"collection":[{"href":"https:\/\/uj.adatbank.ro\/lexikon\/wp-json\/wp\/v2\/product"}],"about":[{"href":"https:\/\/uj.adatbank.ro\/lexikon\/wp-json\/wp\/v2\/types\/product"}],"replies":[{"embeddable":true,"href":"https:\/\/uj.adatbank.ro\/lexikon\/wp-json\/wp\/v2\/comments?post=5853"}],"wp:attachment":[{"href":"https:\/\/uj.adatbank.ro\/lexikon\/wp-json\/wp\/v2\/media?parent=5853"}],"wp:term":[{"taxonomy":"product_brand","embeddable":true,"href":"https:\/\/uj.adatbank.ro\/lexikon\/wp-json\/wp\/v2\/product_brand?post=5853"},{"taxonomy":"product_cat","embeddable":true,"href":"https:\/\/uj.adatbank.ro\/lexikon\/wp-json\/wp\/v2\/product_cat?post=5853"},{"taxonomy":"product_tag","embeddable":true,"href":"https:\/\/uj.adatbank.ro\/lexikon\/wp-json\/wp\/v2\/product_tag?post=5853"}],"curies":[{"name":"wp","href":"https:\/\/api.w.org\/{rel}","templated":true}]}}