{"id":5854,"date":"2025-06-28T17:31:51","date_gmt":"2025-06-28T15:31:51","guid":{"rendered":"https:\/\/uj.adatbank.ro\/lexikon\/termek\/crisan-georgie-krisan-georgius\/"},"modified":"2025-06-28T17:31:51","modified_gmt":"2025-06-28T15:31:51","slug":"crisan-georgie-krisan-georgius","status":"publish","type":"product","link":"https:\/\/uj.adatbank.ro\/lexikon\/termek\/crisan-georgie-krisan-georgius\/","title":{"rendered":"CRI\u015eAN Georgie, Krisan Georgius"},"content":{"rendered":"<p>? \u2020 ? : g\u00f6r. kat. pap. \u2013 Bal\u00e1zsfalv\u00e1n v\u00e9gezte a teol\u00f3gi\u00e1t (1830\u201334). Seg\u00e9dpapnak nevezt\u00e9k ki Ioan Simonetti esperes mell\u00e9 a sz\u00e1szr\u00e9geni par\u00f3ki\u00e1ra (1835\u201342). <br \/><strong>Irod.:<\/strong> Dobozi<\/br><\/p>\n","protected":false},"excerpt":{"rendered":"<p>? \u2020 ? : g\u00f6r. kat. pap. \u2013 Bal\u00e1zsfalv\u00e1n v\u00e9gezte a teol\u00f3gi\u00e1t (1830\u201334). Seg\u00e9dpapnak nevezt\u00e9k ki Ioan Simonetti esperes mell\u00e9 a sz\u00e1szr\u00e9geni par\u00f3ki\u00e1ra (1835\u201342). Irod.: Dobozi<\/p>\n","protected":false},"featured_media":0,"comment_status":"open","ping_status":"closed","template":"","meta":[],"product_brand":[],"product_cat":[137],"product_tag":[],"class_list":{"0":"post-5854","1":"product","2":"type-product","3":"status-publish","5":"product_cat-maros-megyei-eletrajzi-lexikon","7":"first","8":"instock","9":"shipping-taxable","10":"product-type-simple"},"_links":{"self":[{"href":"https:\/\/uj.adatbank.ro\/lexikon\/wp-json\/wp\/v2\/product\/5854","targetHints":{"allow":["GET"]}}],"collection":[{"href":"https:\/\/uj.adatbank.ro\/lexikon\/wp-json\/wp\/v2\/product"}],"about":[{"href":"https:\/\/uj.adatbank.ro\/lexikon\/wp-json\/wp\/v2\/types\/product"}],"replies":[{"embeddable":true,"href":"https:\/\/uj.adatbank.ro\/lexikon\/wp-json\/wp\/v2\/comments?post=5854"}],"wp:attachment":[{"href":"https:\/\/uj.adatbank.ro\/lexikon\/wp-json\/wp\/v2\/media?parent=5854"}],"wp:term":[{"taxonomy":"product_brand","embeddable":true,"href":"https:\/\/uj.adatbank.ro\/lexikon\/wp-json\/wp\/v2\/product_brand?post=5854"},{"taxonomy":"product_cat","embeddable":true,"href":"https:\/\/uj.adatbank.ro\/lexikon\/wp-json\/wp\/v2\/product_cat?post=5854"},{"taxonomy":"product_tag","embeddable":true,"href":"https:\/\/uj.adatbank.ro\/lexikon\/wp-json\/wp\/v2\/product_tag?post=5854"}],"curies":[{"name":"wp","href":"https:\/\/api.w.org\/{rel}","templated":true}]}}