{"id":5855,"date":"2025-06-28T17:31:52","date_gmt":"2025-06-28T15:31:52","guid":{"rendered":"https:\/\/uj.adatbank.ro\/lexikon\/termek\/crisan-ioan\/"},"modified":"2025-06-28T17:31:52","modified_gmt":"2025-06-28T15:31:52","slug":"crisan-ioan","status":"publish","type":"product","link":"https:\/\/uj.adatbank.ro\/lexikon\/termek\/crisan-ioan\/","title":{"rendered":"CRI\u015eAN Ioan"},"content":{"rendered":"<p>? \u2020 ? : g\u00f6r. kat. pap. \u2013 Aradon szentelt\u00e9k papp\u00e1 (1785). Szolg\u00e1lt a Ny\u00e1r\u00e1dkar\u00e1csonyfalv\u00e1hoz tartoz\u00f3 Mikl\u00f3sfalv\u00e1n, ahol 14 ort. csal\u00e1d \u00e9lt (366 szem\u00e9ly) (1805). Volt Szt. Mikl\u00f3snak aj\u00e1lott templomuk (1846\u2013), h\u00edv\u0151k hi\u00e1ny\u00e1ban, jelenleg az \u00e9p\u00fcletet m\u00e1s c\u00e9lokra haszn\u00e1lj\u00e1k. <br \/><strong>Irod.:<\/strong> \u015eincan 2006<\/br><\/p>\n","protected":false},"excerpt":{"rendered":"<p>? \u2020 ? : g\u00f6r. kat. pap. \u2013 Aradon szentelt\u00e9k papp\u00e1 (1785). Szolg\u00e1lt a Ny\u00e1r\u00e1dkar\u00e1csonyfalv\u00e1hoz tartoz\u00f3 Mikl\u00f3sfalv\u00e1n, ahol 14 ort. csal\u00e1d \u00e9lt (366 szem\u00e9ly) (1805). Volt Szt. Mikl\u00f3snak aj\u00e1lott templomuk (1846\u2013), h\u00edv\u0151k hi\u00e1ny\u00e1ban, jelenleg az \u00e9p\u00fcletet m\u00e1s c\u00e9lokra haszn\u00e1lj\u00e1k. Irod.: \u015eincan 2006<\/p>\n","protected":false},"featured_media":0,"comment_status":"open","ping_status":"closed","template":"","meta":[],"product_brand":[],"product_cat":[137],"product_tag":[],"class_list":{"0":"post-5855","1":"product","2":"type-product","3":"status-publish","5":"product_cat-maros-megyei-eletrajzi-lexikon","7":"first","8":"instock","9":"shipping-taxable","10":"product-type-simple"},"_links":{"self":[{"href":"https:\/\/uj.adatbank.ro\/lexikon\/wp-json\/wp\/v2\/product\/5855","targetHints":{"allow":["GET"]}}],"collection":[{"href":"https:\/\/uj.adatbank.ro\/lexikon\/wp-json\/wp\/v2\/product"}],"about":[{"href":"https:\/\/uj.adatbank.ro\/lexikon\/wp-json\/wp\/v2\/types\/product"}],"replies":[{"embeddable":true,"href":"https:\/\/uj.adatbank.ro\/lexikon\/wp-json\/wp\/v2\/comments?post=5855"}],"wp:attachment":[{"href":"https:\/\/uj.adatbank.ro\/lexikon\/wp-json\/wp\/v2\/media?parent=5855"}],"wp:term":[{"taxonomy":"product_brand","embeddable":true,"href":"https:\/\/uj.adatbank.ro\/lexikon\/wp-json\/wp\/v2\/product_brand?post=5855"},{"taxonomy":"product_cat","embeddable":true,"href":"https:\/\/uj.adatbank.ro\/lexikon\/wp-json\/wp\/v2\/product_cat?post=5855"},{"taxonomy":"product_tag","embeddable":true,"href":"https:\/\/uj.adatbank.ro\/lexikon\/wp-json\/wp\/v2\/product_tag?post=5855"}],"curies":[{"name":"wp","href":"https:\/\/api.w.org\/{rel}","templated":true}]}}