{"id":5856,"date":"2025-06-28T17:31:53","date_gmt":"2025-06-28T15:31:53","guid":{"rendered":"https:\/\/uj.adatbank.ro\/lexikon\/termek\/crisan-ioan-crisian-johann\/"},"modified":"2025-06-28T17:31:53","modified_gmt":"2025-06-28T15:31:53","slug":"crisan-ioan-crisian-johann","status":"publish","type":"product","link":"https:\/\/uj.adatbank.ro\/lexikon\/termek\/crisan-ioan-crisian-johann\/","title":{"rendered":"CRI\u015eAN Ioan, Cri\u015fian Johann"},"content":{"rendered":"<p>K\u00fck\u00fcll\u0151s\u00e1rd, 1853. szept. 26., \u2020 Nagyszeben, 1893. okt. 9.: teol\u00f3giai tan\u00e1r, publicista. \u2013 A k\u00f6z\u00e9piskol\u00e1t Segesv\u00e1ron, Sz\u00e9kelykereszt\u00faron, Brass\u00f3ban, a teol\u00f3gi\u00e1t Nagyszebenben v\u00e9gezte (1871\u201374), \u00f6szt\u00f6nd\u00edjat nyert \u00e9s Lipcs\u00e9ben t\u00f6rt\u00e9nelmet, pedag\u00f3gi\u00e1t, filoz\u00f3fi\u00e1t \u00e9s teol\u00f3gi\u00e1t tanult (1876\u201380); a t\u00f6rt\u00e9nelemtudom\u00e1nyok doktora (Szeben, 1882). El\u0151bb tan\u00edt\u00f3 Szebenben (1875\u201376) majd az \u00e9rseks\u00e9gen tisztvisel\u0151 (1881\u201382). A nagyszebeni Andreiana Teol\u00f3giai Int\u00e9zet helyettes tan\u00e1ra (1882\u2013), majd v\u00e9gleges tan\u00e1ra az egyh\u00e1zt\u00f6rt\u00e9neti katedr\u00e1n hal\u00e1l\u00e1ig (1883- ); diak\u00f3nus, (1887), pl\u00e9b\u00e1nos, esperes (1891), tb. \u00fcln\u00f6ke a szebeni \u00e9rseks\u00e9gnek, az ASTRA k\u00f6nyvt\u00e1rosa (1882\u2013), m\u00e1sodjegyz\u0151je (1887\u201393), a polg\u00e1ri le\u00e1nyiskola hitoktat\u00f3 tan\u00e1ra (1891), majd az iskola igazgat\u00f3ja; hitoktat\u00f3 az \u00c1llami L\u00edc. -nak (1886\u201393). \u2013 <strong>F. m.:<\/strong> Beitrag zur Geschichte der kirchlichen Union der Rom\u00e4nien in Siebenb\u00fcrgen unter Leopold I. (Hermannstadt, 1882); t\u00e1rssz: Gramatica limbii maghiare: curs practic pentru \u015fcoalele secundare, preparandii \u015fi mai ales pentru priva\u0163i (Sibiu, 1885, 1903); Carte de citire maghiar\u0103\u2026 pentru \u015fcolile secundare, preperandii \u015fi mai ales pentru priva\u0163i (Sibiu, 1880\u201386); M. nyelvtan (Putnoky Mikl\u00f3ssal, Szeben, 1894); M. olvas\u00f3k\u00f6nyv (1895\u201396); Rom\u00e1n-m. k\u00e9zisz\u00f3t\u00e1r (Bp., 1893); M. \u2013rom\u00e1n \u00e9s rom\u00e1n-m. k\u00e9zi sz\u00f3t\u00e1r iskolai \u00e9s mag\u00e1nhaszn\u00e1latra (Bp., 1896); <strong>ford.:<\/strong> Arany Janos: Toldi: nara\u0163iune poietic\u0103 \u00een 12 c\u00eenturi. (Intregit\u0103 cu adnota\u0163iuni \u015fi vocabular cu N. Putnoky; Sibiu, 1890). <br \/><strong>Irod.:<\/strong> P\u0103curariu; Predescu; Sigmirean; Todea 2013<\/br><\/p>\n","protected":false},"excerpt":{"rendered":"<p>K\u00fck\u00fcll\u0151s\u00e1rd, 1853. szept. 26., \u2020 Nagyszeben, 1893. okt. 9.: teol\u00f3giai tan\u00e1r, publicista. \u2013 A k\u00f6z\u00e9piskol\u00e1t Segesv\u00e1ron, Sz\u00e9kelykereszt\u00faron, Brass\u00f3ban, a teol\u00f3gi\u00e1t Nagyszebenben v\u00e9gezte (1871\u201374), \u00f6szt\u00f6nd\u00edjat nyert \u00e9s Lipcs\u00e9ben t\u00f6rt\u00e9nelmet, pedag\u00f3gi\u00e1t, filoz\u00f3fi\u00e1t \u00e9s teol\u00f3gi\u00e1t tanult (1876\u201380); a t\u00f6rt\u00e9nelemtudom\u00e1nyok doktora (Szeben, 1882). El\u0151bb tan\u00edt\u00f3 Szebenben (1875\u201376) majd az \u00e9rseks\u00e9gen tisztvisel\u0151 (1881\u201382). A nagyszebeni Andreiana Teol\u00f3giai Int\u00e9zet helyettes tan\u00e1ra [&hellip;]<\/p>\n","protected":false},"featured_media":0,"comment_status":"open","ping_status":"closed","template":"","meta":[],"product_brand":[],"product_cat":[137],"product_tag":[],"class_list":{"0":"post-5856","1":"product","2":"type-product","3":"status-publish","5":"product_cat-maros-megyei-eletrajzi-lexikon","7":"first","8":"instock","9":"shipping-taxable","10":"product-type-simple"},"_links":{"self":[{"href":"https:\/\/uj.adatbank.ro\/lexikon\/wp-json\/wp\/v2\/product\/5856","targetHints":{"allow":["GET"]}}],"collection":[{"href":"https:\/\/uj.adatbank.ro\/lexikon\/wp-json\/wp\/v2\/product"}],"about":[{"href":"https:\/\/uj.adatbank.ro\/lexikon\/wp-json\/wp\/v2\/types\/product"}],"replies":[{"embeddable":true,"href":"https:\/\/uj.adatbank.ro\/lexikon\/wp-json\/wp\/v2\/comments?post=5856"}],"wp:attachment":[{"href":"https:\/\/uj.adatbank.ro\/lexikon\/wp-json\/wp\/v2\/media?parent=5856"}],"wp:term":[{"taxonomy":"product_brand","embeddable":true,"href":"https:\/\/uj.adatbank.ro\/lexikon\/wp-json\/wp\/v2\/product_brand?post=5856"},{"taxonomy":"product_cat","embeddable":true,"href":"https:\/\/uj.adatbank.ro\/lexikon\/wp-json\/wp\/v2\/product_cat?post=5856"},{"taxonomy":"product_tag","embeddable":true,"href":"https:\/\/uj.adatbank.ro\/lexikon\/wp-json\/wp\/v2\/product_tag?post=5856"}],"curies":[{"name":"wp","href":"https:\/\/api.w.org\/{rel}","templated":true}]}}