{"id":5857,"date":"2025-06-28T17:31:55","date_gmt":"2025-06-28T15:31:55","guid":{"rendered":"https:\/\/uj.adatbank.ro\/lexikon\/termek\/crisan-ioana-%c2%a7\/"},"modified":"2025-06-28T17:31:55","modified_gmt":"2025-06-28T15:31:55","slug":"crisan-ioana-%c2%a7","status":"publish","type":"product","link":"https:\/\/uj.adatbank.ro\/lexikon\/termek\/crisan-ioana-%c2%a7\/","title":{"rendered":"CRI\u015eAN Ioana, \u00a7"},"content":{"rendered":"<p>Fels\u0151r\u00e9pa, 1938. nov. 8., \u2020 Sz\u00e1szr\u00e9gen, 2008. febr. 1.: tan\u00e1r. \u2013 Elemi iskol\u00e1t Als\u00f3r\u00e9p\u00e1n (1944\u201348), gimn. -ot \u00e9s l\u00edc. -ot Beszterc\u00e9n v\u00e9gzett. Ia\u015fiban a Ped. F\u0151isk. -\u00e1n (1962\u201363) \u00e9s a buk.-i egyetemen k\u00e9mia szakon is okl. -et szerzett. Tan\u00e1rk\u00e9nt t\u00f6bb iskol\u00e1ban tan\u00edtott: Palotailv\u00e1n, D\u00e9d\u00e1n, Sz\u00e1szr\u00e9genben. Tanfel\u00fcgyel\u0151 lett a MM-i Tan\u00fcgyi Oszt.-on (1991\u201393). Minden tan\u00fcgyi fokozati vizsg\u00e1t letett Kv.-on: II. fokozat (1975), I. fokozat az Electroliza \u2013 aplica\u0163ii \u00een metalurgie c. dolgozattal (1980). \u00c9rdemei elismer\u00e9sek\u00e9nt <strong>Kit\u00fcntet\u00e9sei:<\/strong> Prof. eviden\u0163iat (1989), Diploma de excelen\u0163\u0103 (2005 \u00e9s 2006), Diploma de excelen\u0163\u0103 de la Gimn. Al Ceu\u015fianu, de la Asocia\u0163ia Clepsidra. Nyugd\u00edjba vonult (1998\u2013). \u00c9rt\u00e9kes gy\u0171jtem\u00e9nyt hagyott h\u00e1tra n\u00e9pi sz\u0151ttesek-, sz\u0151nyegek, n\u00e9pviseletek-, goblenek-, ker\u00e1miat\u00e1rgyakb\u00f3l. Kutatta rom\u00e1n n\u00e9p eredet\u00e9t \u00e9s r\u00e9gi t\u00f6rt\u00e9nelm\u00e9t. T\u00f6bb hazai \u00e9s nemzet\u00f6zi d\u00e1kol\u00f3giai kongresszuson vett r\u00e9szt. A r\u00e9geni Vatra Rom. N\u0151sz\u00f6vets\u00e9g eln\u00f6ke volt (1991\u20132008), vezet\u0151s\u00e9gi tagja az Ort. N\u0151k Sz\u00f6vets\u00e9g\u00e9nek (1996\u20132008). \u2013 <strong>F. m.:<\/strong> Probleme de fizic\u0103 rezolvate din manuale \u015fi din alte lucr\u0103ri auxiliare pentru liceu Vol. 1\u20132. (Cri\u015fan Nicolae-val; Buc., 1998\u20131999); Nedeile soarelui din Mun\u0163ii Sacri (Tg. M., 2006); Semnele de pe t\u0103bli\u0163ele de la T\u0103rt\u0103ria existente in prezent in arta popular\u0103 rom\u00e2neasc\u0103 (Tg. M., 2006); Simboluri patrimoniale \u2013 arc peste timp \u2013 oglindite in arta popular\u0103 reghinean\u0103 contemporan\u0103 (Tg. M., 2006); Industria casnic\u0103 textil\u0103, suport al autohtoniei noastre \u00een Carpa\u0163i (Tg. M., 2006). <br \/><strong>Irod.:<\/strong> Profiluri reghinene<\/br><\/p>\n","protected":false},"excerpt":{"rendered":"<p>Fels\u0151r\u00e9pa, 1938. nov. 8., \u2020 Sz\u00e1szr\u00e9gen, 2008. febr. 1.: tan\u00e1r. \u2013 Elemi iskol\u00e1t Als\u00f3r\u00e9p\u00e1n (1944\u201348), gimn. -ot \u00e9s l\u00edc. -ot Beszterc\u00e9n v\u00e9gzett. Ia\u015fiban a Ped. F\u0151isk. -\u00e1n (1962\u201363) \u00e9s a buk.-i egyetemen k\u00e9mia szakon is okl. -et szerzett. Tan\u00e1rk\u00e9nt t\u00f6bb iskol\u00e1ban tan\u00edtott: Palotailv\u00e1n, D\u00e9d\u00e1n, Sz\u00e1szr\u00e9genben. Tanfel\u00fcgyel\u0151 lett a MM-i Tan\u00fcgyi Oszt.-on (1991\u201393). Minden tan\u00fcgyi fokozati [&hellip;]<\/p>\n","protected":false},"featured_media":0,"comment_status":"open","ping_status":"closed","template":"","meta":[],"product_brand":[],"product_cat":[137],"product_tag":[],"class_list":{"0":"post-5857","1":"product","2":"type-product","3":"status-publish","5":"product_cat-maros-megyei-eletrajzi-lexikon","7":"first","8":"instock","9":"shipping-taxable","10":"product-type-simple"},"_links":{"self":[{"href":"https:\/\/uj.adatbank.ro\/lexikon\/wp-json\/wp\/v2\/product\/5857","targetHints":{"allow":["GET"]}}],"collection":[{"href":"https:\/\/uj.adatbank.ro\/lexikon\/wp-json\/wp\/v2\/product"}],"about":[{"href":"https:\/\/uj.adatbank.ro\/lexikon\/wp-json\/wp\/v2\/types\/product"}],"replies":[{"embeddable":true,"href":"https:\/\/uj.adatbank.ro\/lexikon\/wp-json\/wp\/v2\/comments?post=5857"}],"wp:attachment":[{"href":"https:\/\/uj.adatbank.ro\/lexikon\/wp-json\/wp\/v2\/media?parent=5857"}],"wp:term":[{"taxonomy":"product_brand","embeddable":true,"href":"https:\/\/uj.adatbank.ro\/lexikon\/wp-json\/wp\/v2\/product_brand?post=5857"},{"taxonomy":"product_cat","embeddable":true,"href":"https:\/\/uj.adatbank.ro\/lexikon\/wp-json\/wp\/v2\/product_cat?post=5857"},{"taxonomy":"product_tag","embeddable":true,"href":"https:\/\/uj.adatbank.ro\/lexikon\/wp-json\/wp\/v2\/product_tag?post=5857"}],"curies":[{"name":"wp","href":"https:\/\/api.w.org\/{rel}","templated":true}]}}