{"id":5861,"date":"2025-06-28T17:32:04","date_gmt":"2025-06-28T15:32:04","guid":{"rendered":"https:\/\/uj.adatbank.ro\/lexikon\/termek\/crisan-teodor\/"},"modified":"2025-06-28T17:32:04","modified_gmt":"2025-06-28T15:32:04","slug":"crisan-teodor","status":"publish","type":"product","link":"https:\/\/uj.adatbank.ro\/lexikon\/termek\/crisan-teodor\/","title":{"rendered":"CRI\u015eAN Teodor"},"content":{"rendered":"<p>Mez\u0151harasztos, 1914. aug. 7. \u2020\u00a0? : ort. pap. \u2013 Pap volt Mez\u0151cs\u00e1v\u00e1son \u00e9s Mez\u0151m\u00e9nesben (1955\u201361), Kebel\u00e9ben (1961\u2013), Ny\u00e1r\u00e1dszentbenedekben (1962- 65), Mez\u0151madarasban (1965\u201371) \u00e9s Harasztker\u00e9kben, Pusztaalm\u00e1sban \u00e9s Mez\u0151majosban (1969\u201371). Maross\u00e1rpatakon (1977\u201381). Tev\u00e9kenys\u00e9g\u00e9t figyelte a securitate. K\u00f6lp\u00e9nyben szolg\u00e1lata ideje alatt a fatemplomot a temet\u0151 dombj\u00e1r\u00f3l \u00e1tk\u00f6lt\u00f6ztett\u00e9k a parokia udvar\u00e1ra. Felszentelte Emilian Birda\u015f, gyulafeh\u00e9rv\u00e1ri p\u00fcsp\u00f6k (1979. szept. 9.). <br \/><strong>Irod.:<\/strong> Bartos 2012; Berekm\u00e9ri\u2013G\u00e1lfi; Culpiu; \u015eincan 2006<\/br><\/p>\n","protected":false},"excerpt":{"rendered":"<p>Mez\u0151harasztos, 1914. aug. 7. \u2020\u00a0? : ort. pap. \u2013 Pap volt Mez\u0151cs\u00e1v\u00e1son \u00e9s Mez\u0151m\u00e9nesben (1955\u201361), Kebel\u00e9ben (1961\u2013), Ny\u00e1r\u00e1dszentbenedekben (1962- 65), Mez\u0151madarasban (1965\u201371) \u00e9s Harasztker\u00e9kben, Pusztaalm\u00e1sban \u00e9s Mez\u0151majosban (1969\u201371). Maross\u00e1rpatakon (1977\u201381). Tev\u00e9kenys\u00e9g\u00e9t figyelte a securitate. K\u00f6lp\u00e9nyben szolg\u00e1lata ideje alatt a fatemplomot a temet\u0151 dombj\u00e1r\u00f3l \u00e1tk\u00f6lt\u00f6ztett\u00e9k a parokia udvar\u00e1ra. Felszentelte Emilian Birda\u015f, gyulafeh\u00e9rv\u00e1ri p\u00fcsp\u00f6k (1979. szept. 9.). [&hellip;]<\/p>\n","protected":false},"featured_media":0,"comment_status":"open","ping_status":"closed","template":"","meta":[],"product_brand":[],"product_cat":[137],"product_tag":[],"class_list":{"0":"post-5861","1":"product","2":"type-product","3":"status-publish","5":"product_cat-maros-megyei-eletrajzi-lexikon","7":"first","8":"instock","9":"shipping-taxable","10":"product-type-simple"},"_links":{"self":[{"href":"https:\/\/uj.adatbank.ro\/lexikon\/wp-json\/wp\/v2\/product\/5861","targetHints":{"allow":["GET"]}}],"collection":[{"href":"https:\/\/uj.adatbank.ro\/lexikon\/wp-json\/wp\/v2\/product"}],"about":[{"href":"https:\/\/uj.adatbank.ro\/lexikon\/wp-json\/wp\/v2\/types\/product"}],"replies":[{"embeddable":true,"href":"https:\/\/uj.adatbank.ro\/lexikon\/wp-json\/wp\/v2\/comments?post=5861"}],"wp:attachment":[{"href":"https:\/\/uj.adatbank.ro\/lexikon\/wp-json\/wp\/v2\/media?parent=5861"}],"wp:term":[{"taxonomy":"product_brand","embeddable":true,"href":"https:\/\/uj.adatbank.ro\/lexikon\/wp-json\/wp\/v2\/product_brand?post=5861"},{"taxonomy":"product_cat","embeddable":true,"href":"https:\/\/uj.adatbank.ro\/lexikon\/wp-json\/wp\/v2\/product_cat?post=5861"},{"taxonomy":"product_tag","embeddable":true,"href":"https:\/\/uj.adatbank.ro\/lexikon\/wp-json\/wp\/v2\/product_tag?post=5861"}],"curies":[{"name":"wp","href":"https:\/\/api.w.org\/{rel}","templated":true}]}}