{"id":5867,"date":"2025-06-28T17:32:14","date_gmt":"2025-06-28T15:32:14","guid":{"rendered":"https:\/\/uj.adatbank.ro\/lexikon\/termek\/cristea-irina\/"},"modified":"2025-06-28T17:32:14","modified_gmt":"2025-06-28T15:32:14","slug":"cristea-irina","status":"publish","type":"product","link":"https:\/\/uj.adatbank.ro\/lexikon\/termek\/cristea-irina\/","title":{"rendered":"CRISTEA Irina"},"content":{"rendered":"<p>Somosd, 1912. okt. 20., \u2020 Kv., 1992. nov. 3.: tan\u00edt\u00f3. \u2013 Az elemi iskol\u00e1t Somosdon, a k\u00f6z\u00e9piskol\u00e1t Mv.-en v\u00e9gezte (1926), Craiovan szerzett tan\u00edt\u00f3i oklevelet (1935). Tan\u00edt\u00f3skodni sz\u00fcl\u0151faluj\u00e1ban, majd Radn\u00f3ton kezdett, Bal\u00e1zsfalv\u00e1n tan\u00edtott nyugd\u00edjaz\u00e1s\u00e1ig (1937\u20131968). <br \/><strong>Irod.:<\/strong> Com\u015fa\u2013Seiceanu<\/br><\/p>\n","protected":false},"excerpt":{"rendered":"<p>Somosd, 1912. okt. 20., \u2020 Kv., 1992. nov. 3.: tan\u00edt\u00f3. \u2013 Az elemi iskol\u00e1t Somosdon, a k\u00f6z\u00e9piskol\u00e1t Mv.-en v\u00e9gezte (1926), Craiovan szerzett tan\u00edt\u00f3i oklevelet (1935). Tan\u00edt\u00f3skodni sz\u00fcl\u0151faluj\u00e1ban, majd Radn\u00f3ton kezdett, Bal\u00e1zsfalv\u00e1n tan\u00edtott nyugd\u00edjaz\u00e1s\u00e1ig (1937\u20131968). Irod.: Com\u015fa\u2013Seiceanu<\/p>\n","protected":false},"featured_media":0,"comment_status":"open","ping_status":"closed","template":"","meta":[],"product_brand":[],"product_cat":[137],"product_tag":[],"class_list":{"0":"post-5867","1":"product","2":"type-product","3":"status-publish","5":"product_cat-maros-megyei-eletrajzi-lexikon","7":"first","8":"instock","9":"shipping-taxable","10":"product-type-simple"},"_links":{"self":[{"href":"https:\/\/uj.adatbank.ro\/lexikon\/wp-json\/wp\/v2\/product\/5867","targetHints":{"allow":["GET"]}}],"collection":[{"href":"https:\/\/uj.adatbank.ro\/lexikon\/wp-json\/wp\/v2\/product"}],"about":[{"href":"https:\/\/uj.adatbank.ro\/lexikon\/wp-json\/wp\/v2\/types\/product"}],"replies":[{"embeddable":true,"href":"https:\/\/uj.adatbank.ro\/lexikon\/wp-json\/wp\/v2\/comments?post=5867"}],"wp:attachment":[{"href":"https:\/\/uj.adatbank.ro\/lexikon\/wp-json\/wp\/v2\/media?parent=5867"}],"wp:term":[{"taxonomy":"product_brand","embeddable":true,"href":"https:\/\/uj.adatbank.ro\/lexikon\/wp-json\/wp\/v2\/product_brand?post=5867"},{"taxonomy":"product_cat","embeddable":true,"href":"https:\/\/uj.adatbank.ro\/lexikon\/wp-json\/wp\/v2\/product_cat?post=5867"},{"taxonomy":"product_tag","embeddable":true,"href":"https:\/\/uj.adatbank.ro\/lexikon\/wp-json\/wp\/v2\/product_tag?post=5867"}],"curies":[{"name":"wp","href":"https:\/\/api.w.org\/{rel}","templated":true}]}}