{"id":5871,"date":"2025-06-28T17:32:20","date_gmt":"2025-06-28T15:32:20","guid":{"rendered":"https:\/\/uj.adatbank.ro\/lexikon\/termek\/cristea-vasile-2\/"},"modified":"2025-06-28T17:32:20","modified_gmt":"2025-06-28T15:32:20","slug":"cristea-vasile-2","status":"publish","type":"product","link":"https:\/\/uj.adatbank.ro\/lexikon\/termek\/cristea-vasile-2\/","title":{"rendered":"CRISTEA Vasile"},"content":{"rendered":"<p>? \u2020\u00a0? : tan\u00edt\u00f3. &#8212; Mez\u0151szentandr\u00e1sban a Rom\u00e1n Nemzeti G\u00e1rda parancsnoka volt (1920\u201340 k.). <br \/><strong>Irod.:<\/strong> Reghin, Protopopiat<\/br><\/p>\n","protected":false},"excerpt":{"rendered":"<p>? \u2020\u00a0? : tan\u00edt\u00f3. &#8212; Mez\u0151szentandr\u00e1sban a Rom\u00e1n Nemzeti G\u00e1rda parancsnoka volt (1920\u201340 k.). Irod.: Reghin, Protopopiat<\/p>\n","protected":false},"featured_media":0,"comment_status":"open","ping_status":"closed","template":"","meta":[],"product_brand":[],"product_cat":[137],"product_tag":[],"class_list":{"0":"post-5871","1":"product","2":"type-product","3":"status-publish","5":"product_cat-maros-megyei-eletrajzi-lexikon","7":"first","8":"instock","9":"shipping-taxable","10":"product-type-simple"},"_links":{"self":[{"href":"https:\/\/uj.adatbank.ro\/lexikon\/wp-json\/wp\/v2\/product\/5871","targetHints":{"allow":["GET"]}}],"collection":[{"href":"https:\/\/uj.adatbank.ro\/lexikon\/wp-json\/wp\/v2\/product"}],"about":[{"href":"https:\/\/uj.adatbank.ro\/lexikon\/wp-json\/wp\/v2\/types\/product"}],"replies":[{"embeddable":true,"href":"https:\/\/uj.adatbank.ro\/lexikon\/wp-json\/wp\/v2\/comments?post=5871"}],"wp:attachment":[{"href":"https:\/\/uj.adatbank.ro\/lexikon\/wp-json\/wp\/v2\/media?parent=5871"}],"wp:term":[{"taxonomy":"product_brand","embeddable":true,"href":"https:\/\/uj.adatbank.ro\/lexikon\/wp-json\/wp\/v2\/product_brand?post=5871"},{"taxonomy":"product_cat","embeddable":true,"href":"https:\/\/uj.adatbank.ro\/lexikon\/wp-json\/wp\/v2\/product_cat?post=5871"},{"taxonomy":"product_tag","embeddable":true,"href":"https:\/\/uj.adatbank.ro\/lexikon\/wp-json\/wp\/v2\/product_tag?post=5871"}],"curies":[{"name":"wp","href":"https:\/\/api.w.org\/{rel}","templated":true}]}}