{"id":5872,"date":"2025-06-28T17:32:22","date_gmt":"2025-06-28T15:32:22","guid":{"rendered":"https:\/\/uj.adatbank.ro\/lexikon\/termek\/cristea-vasile-3\/"},"modified":"2025-06-28T17:32:22","modified_gmt":"2025-06-28T15:32:22","slug":"cristea-vasile-3","status":"publish","type":"product","link":"https:\/\/uj.adatbank.ro\/lexikon\/termek\/cristea-vasile-3\/","title":{"rendered":"CRISTEA Vasile"},"content":{"rendered":"<p>? \u2020\u00a0? : ort. pap. \u2013 B\u00e1bahalm\u00e1n szolg\u00e1lt (1953\u201374). <br \/><strong>Irod.:<\/strong> T\u00e2rn\u0103veni, cult. &#8211; ist.<\/br><\/p>\n","protected":false},"excerpt":{"rendered":"<p>? \u2020\u00a0? : ort. pap. \u2013 B\u00e1bahalm\u00e1n szolg\u00e1lt (1953\u201374). Irod.: T\u00e2rn\u0103veni, cult. &#8211; ist.<\/p>\n","protected":false},"featured_media":0,"comment_status":"open","ping_status":"closed","template":"","meta":[],"product_brand":[],"product_cat":[137],"product_tag":[],"class_list":{"0":"post-5872","1":"product","2":"type-product","3":"status-publish","5":"product_cat-maros-megyei-eletrajzi-lexikon","7":"first","8":"instock","9":"shipping-taxable","10":"product-type-simple"},"_links":{"self":[{"href":"https:\/\/uj.adatbank.ro\/lexikon\/wp-json\/wp\/v2\/product\/5872","targetHints":{"allow":["GET"]}}],"collection":[{"href":"https:\/\/uj.adatbank.ro\/lexikon\/wp-json\/wp\/v2\/product"}],"about":[{"href":"https:\/\/uj.adatbank.ro\/lexikon\/wp-json\/wp\/v2\/types\/product"}],"replies":[{"embeddable":true,"href":"https:\/\/uj.adatbank.ro\/lexikon\/wp-json\/wp\/v2\/comments?post=5872"}],"wp:attachment":[{"href":"https:\/\/uj.adatbank.ro\/lexikon\/wp-json\/wp\/v2\/media?parent=5872"}],"wp:term":[{"taxonomy":"product_brand","embeddable":true,"href":"https:\/\/uj.adatbank.ro\/lexikon\/wp-json\/wp\/v2\/product_brand?post=5872"},{"taxonomy":"product_cat","embeddable":true,"href":"https:\/\/uj.adatbank.ro\/lexikon\/wp-json\/wp\/v2\/product_cat?post=5872"},{"taxonomy":"product_tag","embeddable":true,"href":"https:\/\/uj.adatbank.ro\/lexikon\/wp-json\/wp\/v2\/product_tag?post=5872"}],"curies":[{"name":"wp","href":"https:\/\/api.w.org\/{rel}","templated":true}]}}