{"id":5874,"date":"2025-06-28T17:32:25","date_gmt":"2025-06-28T15:32:25","guid":{"rendered":"https:\/\/uj.adatbank.ro\/lexikon\/termek\/cristescu-nistor\/"},"modified":"2025-06-28T17:32:25","modified_gmt":"2025-06-28T15:32:25","slug":"cristescu-nistor","status":"publish","type":"product","link":"https:\/\/uj.adatbank.ro\/lexikon\/termek\/cristescu-nistor\/","title":{"rendered":"CRISTESCU, Nistor"},"content":{"rendered":"<p>? \u2020\u00a0? : tan\u00edt\u00f3 \u00e9s \u00fajs\u00e1g\u00edr\u00f3. \u2013 <strong>F. m.:<\/strong> Munc\u0103 rom\u00e2neasc\u0103: activitatea Consiliului Comunal al Prim\u0103riei Sighi\u015foara 1934\u201337 (Sighi\u015foara, 1937)<\/br><\/p>\n","protected":false},"excerpt":{"rendered":"<p>? \u2020\u00a0? : tan\u00edt\u00f3 \u00e9s \u00fajs\u00e1g\u00edr\u00f3. \u2013 F. m.: Munc\u0103 rom\u00e2neasc\u0103: activitatea Consiliului Comunal al Prim\u0103riei Sighi\u015foara 1934\u201337 (Sighi\u015foara, 1937)<\/p>\n","protected":false},"featured_media":0,"comment_status":"open","ping_status":"closed","template":"","meta":[],"product_brand":[],"product_cat":[137],"product_tag":[],"class_list":{"0":"post-5874","1":"product","2":"type-product","3":"status-publish","5":"product_cat-maros-megyei-eletrajzi-lexikon","7":"first","8":"instock","9":"shipping-taxable","10":"product-type-simple"},"_links":{"self":[{"href":"https:\/\/uj.adatbank.ro\/lexikon\/wp-json\/wp\/v2\/product\/5874","targetHints":{"allow":["GET"]}}],"collection":[{"href":"https:\/\/uj.adatbank.ro\/lexikon\/wp-json\/wp\/v2\/product"}],"about":[{"href":"https:\/\/uj.adatbank.ro\/lexikon\/wp-json\/wp\/v2\/types\/product"}],"replies":[{"embeddable":true,"href":"https:\/\/uj.adatbank.ro\/lexikon\/wp-json\/wp\/v2\/comments?post=5874"}],"wp:attachment":[{"href":"https:\/\/uj.adatbank.ro\/lexikon\/wp-json\/wp\/v2\/media?parent=5874"}],"wp:term":[{"taxonomy":"product_brand","embeddable":true,"href":"https:\/\/uj.adatbank.ro\/lexikon\/wp-json\/wp\/v2\/product_brand?post=5874"},{"taxonomy":"product_cat","embeddable":true,"href":"https:\/\/uj.adatbank.ro\/lexikon\/wp-json\/wp\/v2\/product_cat?post=5874"},{"taxonomy":"product_tag","embeddable":true,"href":"https:\/\/uj.adatbank.ro\/lexikon\/wp-json\/wp\/v2\/product_tag?post=5874"}],"curies":[{"name":"wp","href":"https:\/\/api.w.org\/{rel}","templated":true}]}}