{"id":5876,"date":"2025-06-28T17:32:28","date_gmt":"2025-06-28T15:32:28","guid":{"rendered":"https:\/\/uj.adatbank.ro\/lexikon\/termek\/cristianus-pictor-christan-christannus-pictor\/"},"modified":"2025-06-28T17:32:28","modified_gmt":"2025-06-28T15:32:28","slug":"cristianus-pictor-christan-christannus-pictor","status":"publish","type":"product","link":"https:\/\/uj.adatbank.ro\/lexikon\/termek\/cristianus-pictor-christan-christannus-pictor\/","title":{"rendered":"CRISTIANUS Pictor, \/ Christan \/ Christannus \u2013 Pictor"},"content":{"rendered":"<p>Segesv\u00e1r, vagy Szebenbenben (Brass\u00f31525 I 30 ?) \u2020\u00a01554: Feles\u00e9g\u00fcl vette Stoss Johann \u00f6zvegy\u00e9t, t\u00f6bb gyerek\u00fck sz\u00fcletett. <br \/><strong>Irod.:<\/strong> Firea\u2013Pop<\/br><\/p>\n","protected":false},"excerpt":{"rendered":"<p>Segesv\u00e1r, vagy Szebenbenben (Brass\u00f31525 I 30 ?) \u2020\u00a01554: Feles\u00e9g\u00fcl vette Stoss Johann \u00f6zvegy\u00e9t, t\u00f6bb gyerek\u00fck sz\u00fcletett. Irod.: Firea\u2013Pop<\/p>\n","protected":false},"featured_media":0,"comment_status":"open","ping_status":"closed","template":"","meta":[],"product_brand":[],"product_cat":[137],"product_tag":[],"class_list":{"0":"post-5876","1":"product","2":"type-product","3":"status-publish","5":"product_cat-maros-megyei-eletrajzi-lexikon","7":"first","8":"instock","9":"shipping-taxable","10":"product-type-simple"},"_links":{"self":[{"href":"https:\/\/uj.adatbank.ro\/lexikon\/wp-json\/wp\/v2\/product\/5876","targetHints":{"allow":["GET"]}}],"collection":[{"href":"https:\/\/uj.adatbank.ro\/lexikon\/wp-json\/wp\/v2\/product"}],"about":[{"href":"https:\/\/uj.adatbank.ro\/lexikon\/wp-json\/wp\/v2\/types\/product"}],"replies":[{"embeddable":true,"href":"https:\/\/uj.adatbank.ro\/lexikon\/wp-json\/wp\/v2\/comments?post=5876"}],"wp:attachment":[{"href":"https:\/\/uj.adatbank.ro\/lexikon\/wp-json\/wp\/v2\/media?parent=5876"}],"wp:term":[{"taxonomy":"product_brand","embeddable":true,"href":"https:\/\/uj.adatbank.ro\/lexikon\/wp-json\/wp\/v2\/product_brand?post=5876"},{"taxonomy":"product_cat","embeddable":true,"href":"https:\/\/uj.adatbank.ro\/lexikon\/wp-json\/wp\/v2\/product_cat?post=5876"},{"taxonomy":"product_tag","embeddable":true,"href":"https:\/\/uj.adatbank.ro\/lexikon\/wp-json\/wp\/v2\/product_tag?post=5876"}],"curies":[{"name":"wp","href":"https:\/\/api.w.org\/{rel}","templated":true}]}}