{"id":5877,"date":"2025-06-28T17:32:29","date_gmt":"2025-06-28T15:32:29","guid":{"rendered":"https:\/\/uj.adatbank.ro\/lexikon\/termek\/croitoru-constantin\/"},"modified":"2025-06-28T17:32:29","modified_gmt":"2025-06-28T15:32:29","slug":"croitoru-constantin","status":"publish","type":"product","link":"https:\/\/uj.adatbank.ro\/lexikon\/termek\/croitoru-constantin\/","title":{"rendered":"CROITORU Constantin"},"content":{"rendered":"<p>1928., \u2020\u00a0Piatra Neam\u0163, 2003. dec. 22.?\u00a0: \u00fajs\u00e1g\u00edr\u00f3. \u2013 Bukovin\u00e1b\u00f3l sz\u00e1rmazott, Mv.-en telepedett le, a munka mellett v\u00e9gezte el a k\u00f6z\u00e9piskol\u00e1t, majd az egyetemet. A Steaua Ro\u015fie szerkeszt\u0151s\u00e9g\u00e9ben dolgozott 30 \u00e9vet. Nyugd\u00edjbavonul\u00e1sa ut\u00e1n Piatra Neam\u0163-on telepedett le. <br \/><strong>Irod.:<\/strong> [Nekrol\u00f3g] (C. L., 2003. dec. 24.)<\/br><\/p>\n","protected":false},"excerpt":{"rendered":"<p>1928., \u2020\u00a0Piatra Neam\u0163, 2003. dec. 22.?\u00a0: \u00fajs\u00e1g\u00edr\u00f3. \u2013 Bukovin\u00e1b\u00f3l sz\u00e1rmazott, Mv.-en telepedett le, a munka mellett v\u00e9gezte el a k\u00f6z\u00e9piskol\u00e1t, majd az egyetemet. A Steaua Ro\u015fie szerkeszt\u0151s\u00e9g\u00e9ben dolgozott 30 \u00e9vet. Nyugd\u00edjbavonul\u00e1sa ut\u00e1n Piatra Neam\u0163-on telepedett le. Irod.: [Nekrol\u00f3g] (C. L., 2003. dec. 24.)<\/p>\n","protected":false},"featured_media":0,"comment_status":"open","ping_status":"closed","template":"","meta":[],"product_brand":[],"product_cat":[137],"product_tag":[],"class_list":{"0":"post-5877","1":"product","2":"type-product","3":"status-publish","5":"product_cat-maros-megyei-eletrajzi-lexikon","7":"first","8":"instock","9":"shipping-taxable","10":"product-type-simple"},"_links":{"self":[{"href":"https:\/\/uj.adatbank.ro\/lexikon\/wp-json\/wp\/v2\/product\/5877","targetHints":{"allow":["GET"]}}],"collection":[{"href":"https:\/\/uj.adatbank.ro\/lexikon\/wp-json\/wp\/v2\/product"}],"about":[{"href":"https:\/\/uj.adatbank.ro\/lexikon\/wp-json\/wp\/v2\/types\/product"}],"replies":[{"embeddable":true,"href":"https:\/\/uj.adatbank.ro\/lexikon\/wp-json\/wp\/v2\/comments?post=5877"}],"wp:attachment":[{"href":"https:\/\/uj.adatbank.ro\/lexikon\/wp-json\/wp\/v2\/media?parent=5877"}],"wp:term":[{"taxonomy":"product_brand","embeddable":true,"href":"https:\/\/uj.adatbank.ro\/lexikon\/wp-json\/wp\/v2\/product_brand?post=5877"},{"taxonomy":"product_cat","embeddable":true,"href":"https:\/\/uj.adatbank.ro\/lexikon\/wp-json\/wp\/v2\/product_cat?post=5877"},{"taxonomy":"product_tag","embeddable":true,"href":"https:\/\/uj.adatbank.ro\/lexikon\/wp-json\/wp\/v2\/product_tag?post=5877"}],"curies":[{"name":"wp","href":"https:\/\/api.w.org\/{rel}","templated":true}]}}