{"id":5878,"date":"2025-06-28T17:32:33","date_gmt":"2025-06-28T15:32:33","guid":{"rendered":"https:\/\/uj.adatbank.ro\/lexikon\/termek\/cucu-d-stere\/"},"modified":"2025-06-28T17:32:33","modified_gmt":"2025-06-28T15:32:33","slug":"cucu-d-stere","status":"publish","type":"product","link":"https:\/\/uj.adatbank.ro\/lexikon\/termek\/cucu-d-stere\/","title":{"rendered":"CUCU D. Stere"},"content":{"rendered":"<p>Blagojevgrad, 1917, szept 19. \u2020 ? : erd\u0151m\u00e9rn\u00f6k. \u2013 Sz\u00e1szr\u00e9genben volt erd\u0151m\u00e9rn\u00f6k. A Faipari Kitermel\u0151 \u00e9s Sz\u00e1ll\u00edt\u00e1si V\u00e1llalat (IFET) beruh\u00e1z\u00e1si oszt\u00e1ly\u00e1nak volt a f\u00f6n\u00f6ke (1960\u201362). K\u00e9t alkalommal volt el\u00edt\u00e9lve k\u00f6zt\u00f6rv\u00e9nyesk\u00e9nt. Letart\u00f3ztatt\u00e1k (1962. febr. 12) t\u00e1rsadalmi rend elleni tev\u00e9kenys\u00e9g \u00e9s fegyverrejteget\u00e9s v\u00e1dj\u00e1val. <br \/><strong>Irod.:<\/strong> \u00c1ldozatok<\/br><\/p>\n","protected":false},"excerpt":{"rendered":"<p>Blagojevgrad, 1917, szept 19. \u2020 ? : erd\u0151m\u00e9rn\u00f6k. \u2013 Sz\u00e1szr\u00e9genben volt erd\u0151m\u00e9rn\u00f6k. A Faipari Kitermel\u0151 \u00e9s Sz\u00e1ll\u00edt\u00e1si V\u00e1llalat (IFET) beruh\u00e1z\u00e1si oszt\u00e1ly\u00e1nak volt a f\u00f6n\u00f6ke (1960\u201362). K\u00e9t alkalommal volt el\u00edt\u00e9lve k\u00f6zt\u00f6rv\u00e9nyesk\u00e9nt. Letart\u00f3ztatt\u00e1k (1962. febr. 12) t\u00e1rsadalmi rend elleni tev\u00e9kenys\u00e9g \u00e9s fegyverrejteget\u00e9s v\u00e1dj\u00e1val. Irod.: \u00c1ldozatok<\/p>\n","protected":false},"featured_media":0,"comment_status":"open","ping_status":"closed","template":"","meta":[],"product_brand":[],"product_cat":[137],"product_tag":[],"class_list":{"0":"post-5878","1":"product","2":"type-product","3":"status-publish","5":"product_cat-maros-megyei-eletrajzi-lexikon","7":"first","8":"instock","9":"shipping-taxable","10":"product-type-simple"},"_links":{"self":[{"href":"https:\/\/uj.adatbank.ro\/lexikon\/wp-json\/wp\/v2\/product\/5878","targetHints":{"allow":["GET"]}}],"collection":[{"href":"https:\/\/uj.adatbank.ro\/lexikon\/wp-json\/wp\/v2\/product"}],"about":[{"href":"https:\/\/uj.adatbank.ro\/lexikon\/wp-json\/wp\/v2\/types\/product"}],"replies":[{"embeddable":true,"href":"https:\/\/uj.adatbank.ro\/lexikon\/wp-json\/wp\/v2\/comments?post=5878"}],"wp:attachment":[{"href":"https:\/\/uj.adatbank.ro\/lexikon\/wp-json\/wp\/v2\/media?parent=5878"}],"wp:term":[{"taxonomy":"product_brand","embeddable":true,"href":"https:\/\/uj.adatbank.ro\/lexikon\/wp-json\/wp\/v2\/product_brand?post=5878"},{"taxonomy":"product_cat","embeddable":true,"href":"https:\/\/uj.adatbank.ro\/lexikon\/wp-json\/wp\/v2\/product_cat?post=5878"},{"taxonomy":"product_tag","embeddable":true,"href":"https:\/\/uj.adatbank.ro\/lexikon\/wp-json\/wp\/v2\/product_tag?post=5878"}],"curies":[{"name":"wp","href":"https:\/\/api.w.org\/{rel}","templated":true}]}}