{"id":5881,"date":"2025-06-28T17:32:42","date_gmt":"2025-06-28T15:32:42","guid":{"rendered":"https:\/\/uj.adatbank.ro\/lexikon\/termek\/culcer-alexandru\/"},"modified":"2025-06-28T17:32:42","modified_gmt":"2025-06-28T15:32:42","slug":"culcer-alexandru","status":"publish","type":"product","link":"https:\/\/uj.adatbank.ro\/lexikon\/termek\/culcer-alexandru\/","title":{"rendered":"CULCER Alexandru"},"content":{"rendered":"<p>? \u2020 ? : tan\u00e1r, orvos, irodalm\u00e1r. \u2013 Feles\u00e9ge: Ersilie Gu\u0163u. Fia: Dan, \u00edr\u00f3. \u2013 T\u00fcd\u0151szanat\u00f3riumot m\u0171k\u00f6dtetett Segesv\u00e1ron. A helyi Rom\u00e1n-M. T\u00e1rsas\u00e1g eln\u00f6ke. Kutat\u00f3ja a feh\u00e9regyh\u00e1zi Pet\u0151fi eml\u00e9keknek. Szerinte a Pet\u0151fi elt\u00fcn\u00e9se rejt\u00e9j\u00e9nek kutat\u00e1sa \u00e9vtizedekig k\u00e9sett, dr. Petru Groza seg\u00edts\u00e9g\u00e9t k\u00e9rte, akinek a k\u00f6zbej\u00e1r\u00e1sa nyom\u00e1n alakult meg a RTA \u00e9s a MTA k\u00f6z\u00f6s munkacsoportja. A m.\u2013rom\u00e1n akad\u00e9miai vegyes bizotts\u00e1g tagjak\u00e9nt, Dienes Andr\u00e1s bp.-i tudom\u00e1nyos kutat\u00f3 k\u00f6zrem\u0171k\u00f6d\u00e9s\u00e9vel, az volt a kutat\u00e1si c\u00e9ljuk, hogy Pet\u0151fi S\u00e1ndor \u00e9let\u00e9nek utols\u00f3 k\u00e9t napj\u00e1t v\u00e9gig k\u00f6vess\u00e9k \u00e9s hal\u00e1l\u00e1nak k\u00f6r\u00fclm\u00e9nyeit \u00e9s hely\u00e9t meghat\u00e1rozz\u00e1k (1956. aug.). K\u00e9t heti kutat\u00e1s ut\u00e1n k\u00f6vetkeztet\u00e9s\u00fck az volt, hogy Pet\u0151fi a Feh\u00e9regyh\u00e1za \u00e9s H\u00e9jjasfalva k\u00f6z\u00f6tti Isp\u00e1n-k\u00fatn\u00e1l esett el, \u00e9s az \u00fat menti Ciontea-kertben \u00e1sott t\u00f6megs\u00edrban, 20\u201325 harcossal egy\u00fctt, temett\u00e9k el. A kutat\u00e1sr\u00f3l, meg\u00e1llap\u00edt\u00e1sair\u00f3l cikkben sz\u00e1molt be: Hol van Pet\u0151fi s\u00edrja? c. (\u00datunk, 1956). <br \/><strong>Irod.:<\/strong> Bodolai Gy\u00f6ngyi: Egy Pet\u0151fi-kutat\u00f3\u00fat eml\u00e9k\u00e9re (N\u00fa., 2016. m\u00e1rc. 15.); Marosi P\u00e9ter: M. \u00e9s rom\u00e1n szak\u00e9rt\u0151k tiszt\u00e1zt\u00e1k Pet\u0151fi S\u00e1ndor h\u0151si hal\u00e1l\u00e1nak k\u00f6r\u00fclm\u00e9nyei (Sz\u00e9kely Sz\u00f3, 1948. aug. 5.)<\/br><\/p>\n","protected":false},"excerpt":{"rendered":"<p>? \u2020 ? : tan\u00e1r, orvos, irodalm\u00e1r. \u2013 Feles\u00e9ge: Ersilie Gu\u0163u. Fia: Dan, \u00edr\u00f3. \u2013 T\u00fcd\u0151szanat\u00f3riumot m\u0171k\u00f6dtetett Segesv\u00e1ron. A helyi Rom\u00e1n-M. T\u00e1rsas\u00e1g eln\u00f6ke. Kutat\u00f3ja a feh\u00e9regyh\u00e1zi Pet\u0151fi eml\u00e9keknek. Szerinte a Pet\u0151fi elt\u00fcn\u00e9se rejt\u00e9j\u00e9nek kutat\u00e1sa \u00e9vtizedekig k\u00e9sett, dr. Petru Groza seg\u00edts\u00e9g\u00e9t k\u00e9rte, akinek a k\u00f6zbej\u00e1r\u00e1sa nyom\u00e1n alakult meg a RTA \u00e9s a MTA k\u00f6z\u00f6s munkacsoportja. A [&hellip;]<\/p>\n","protected":false},"featured_media":0,"comment_status":"open","ping_status":"closed","template":"","meta":[],"product_brand":[],"product_cat":[137],"product_tag":[],"class_list":{"0":"post-5881","1":"product","2":"type-product","3":"status-publish","5":"product_cat-maros-megyei-eletrajzi-lexikon","7":"first","8":"instock","9":"shipping-taxable","10":"product-type-simple"},"_links":{"self":[{"href":"https:\/\/uj.adatbank.ro\/lexikon\/wp-json\/wp\/v2\/product\/5881","targetHints":{"allow":["GET"]}}],"collection":[{"href":"https:\/\/uj.adatbank.ro\/lexikon\/wp-json\/wp\/v2\/product"}],"about":[{"href":"https:\/\/uj.adatbank.ro\/lexikon\/wp-json\/wp\/v2\/types\/product"}],"replies":[{"embeddable":true,"href":"https:\/\/uj.adatbank.ro\/lexikon\/wp-json\/wp\/v2\/comments?post=5881"}],"wp:attachment":[{"href":"https:\/\/uj.adatbank.ro\/lexikon\/wp-json\/wp\/v2\/media?parent=5881"}],"wp:term":[{"taxonomy":"product_brand","embeddable":true,"href":"https:\/\/uj.adatbank.ro\/lexikon\/wp-json\/wp\/v2\/product_brand?post=5881"},{"taxonomy":"product_cat","embeddable":true,"href":"https:\/\/uj.adatbank.ro\/lexikon\/wp-json\/wp\/v2\/product_cat?post=5881"},{"taxonomy":"product_tag","embeddable":true,"href":"https:\/\/uj.adatbank.ro\/lexikon\/wp-json\/wp\/v2\/product_tag?post=5881"}],"curies":[{"name":"wp","href":"https:\/\/api.w.org\/{rel}","templated":true}]}}