{"id":5882,"date":"2025-06-28T17:32:44","date_gmt":"2025-06-28T15:32:44","guid":{"rendered":"https:\/\/uj.adatbank.ro\/lexikon\/termek\/cunescu-gheorghe\/"},"modified":"2025-06-28T17:32:44","modified_gmt":"2025-06-28T15:32:44","slug":"cunescu-gheorghe","status":"publish","type":"product","link":"https:\/\/uj.adatbank.ro\/lexikon\/termek\/cunescu-gheorghe\/","title":{"rendered":"CUNESCU Gheorghe"},"content":{"rendered":"<p>Susleni, 1914. aug. 3., \u2020 Buk., 1995. dec. 31.: lelk\u00e9sz, \u00edr\u00f3, publicista. \u2013 Teol\u00f3giai Szemin\u00e1rium (1928\u201336) \u00e9s Teol\u00f3giai Egyetem Chi\u015fin\u0103u-ban v\u00e9gzett (1936\u201340). Menek\u00fcltk\u00e9nt Buk.-ben, Nichifor Crainic tan\u00e1r t\u00e1mogat\u00e1s\u00e1val, a Propaganda Miniszt\u00e9riumban dolgozott (1940\u201341). Lelk\u00e9sz Sold\u0103ne\u015fi-en (Orhei; 1942\u201344), a Dolj megyei Panaghia faluban (1945\u201347), Als\u00f3idecsen (1948\u201352), L\u00f6v\u00e9ren (1959 \u201371), Buk.-ben a Popa Tatu Templom pl\u00e9b\u00e1nosa (1972\u201375). Nyugd\u00edjask\u00e9nt lett tagja az \u00cdr\u00f3sz\u00f6vets\u00e9gnek. \u00c9l\u00e9nk levelez\u00e9st folytatott t\u00f6bb jeles \u00edr\u00f3val: T. Arghezi, Perpessicius, M. Sevastos \u00e9s m\u00e1sokkal. \u00c9rdekes irodalmi p\u00e1rbesz\u00e9det folytatott \u00e9s tett k\u00f6zz\u00e9 Tudor Vianu-, \u015eerban Cioculescu-, I. Popescu Pu\u0163uri-, Camil Baltazar-, M. Zaciu- \u00e9s Dumitu Micuval. Egyesek L\u00f6v\u00e9ren meg is l\u00e1togatt\u00e1k. T. Arghezinek, Perpessiciusnak verseket is dedik\u00e1lt. Tanulm\u00e1nyokat, recenzi\u00f3kat, nekrol\u00f3gokat k\u00f6z\u00f6lt az Anale de istorie, Telegraful rom\u00e2n, Biserica Ortdox\u0103 Rom\u00e2n\u0103, Mitopolia Olteniei, Mitropolia Banatului, Manuscriptum, Vatra, Steaua, Cronica, Convorbiri literare, Rom\u00e2nia literara, Revista de istorie \u015fi teorie literar\u0103 stb. lapokban, valamint Izrael, Kanada, Franciao., Chi\u015fin\u0103u egyes foly\u00f3irataiban. Gala Galaction r\u00e1b\u00edzta a Jurnalul 8 f\u00fczet\u00e9t, meghatalmazva \u0151t, h. \u00edrjon r\u00f3luk. A G. Galactionr\u00f3l \u00edrt k\u00f6nyvei meghozt\u00e1k az \u00cdr\u00f3sz\u00f6vets\u00e9gi tags\u00e1got \u00e9s a hivatalos elismer\u00e9st. Beszar\u00e1bia tribunja volt. K\u00e9ziratban 3 k\u00f6nyve maradt h\u00e1tra: Pe urmele poetului Ion Ag\u00e2rbiceanu, Scoici cu m\u0103rg\u0103ritare \u00e9s La Gala Galaction acas\u0103. \u2013 <strong>F. m.:<\/strong> Pe urmele lui Gala Galaction (Buk., 1982); Gala Galaction (Galati, 1989); <strong>szerk.:<\/strong> Gala Galaction: O lume nou\u0103: Antologie (bev.; Buc., 1970); Gala Galaction: Prin \u0163ar\u0103 (bev.; Buc., 1975); Gala Galaction: Opinii literare (szerk.; Buc., 1979); Gala Galaction: Eminescu (szerk., bev.; Ia\u015fi, 1987), Vasile \u0162epordei: Amintiri din Gulag (ut\u00f3sz\u00f3; Buc., 1992); Gala Galaction: Zile basarabene ( bev.; Chi\u015fin\u0103u, 1993). <br \/><strong>Irod.:<\/strong> Boar; Cosma; Lueriu; P\u0103curariu; Reghin, Protopopiat; Todea 2013<\/br><\/p>\n","protected":false},"excerpt":{"rendered":"<p>Susleni, 1914. aug. 3., \u2020 Buk., 1995. dec. 31.: lelk\u00e9sz, \u00edr\u00f3, publicista. \u2013 Teol\u00f3giai Szemin\u00e1rium (1928\u201336) \u00e9s Teol\u00f3giai Egyetem Chi\u015fin\u0103u-ban v\u00e9gzett (1936\u201340). Menek\u00fcltk\u00e9nt Buk.-ben, Nichifor Crainic tan\u00e1r t\u00e1mogat\u00e1s\u00e1val, a Propaganda Miniszt\u00e9riumban dolgozott (1940\u201341). Lelk\u00e9sz Sold\u0103ne\u015fi-en (Orhei; 1942\u201344), a Dolj megyei Panaghia faluban (1945\u201347), Als\u00f3idecsen (1948\u201352), L\u00f6v\u00e9ren (1959 \u201371), Buk.-ben a Popa Tatu Templom pl\u00e9b\u00e1nosa (1972\u201375). [&hellip;]<\/p>\n","protected":false},"featured_media":0,"comment_status":"open","ping_status":"closed","template":"","meta":[],"product_brand":[],"product_cat":[137],"product_tag":[],"class_list":{"0":"post-5882","1":"product","2":"type-product","3":"status-publish","5":"product_cat-maros-megyei-eletrajzi-lexikon","7":"first","8":"instock","9":"shipping-taxable","10":"product-type-simple"},"_links":{"self":[{"href":"https:\/\/uj.adatbank.ro\/lexikon\/wp-json\/wp\/v2\/product\/5882","targetHints":{"allow":["GET"]}}],"collection":[{"href":"https:\/\/uj.adatbank.ro\/lexikon\/wp-json\/wp\/v2\/product"}],"about":[{"href":"https:\/\/uj.adatbank.ro\/lexikon\/wp-json\/wp\/v2\/types\/product"}],"replies":[{"embeddable":true,"href":"https:\/\/uj.adatbank.ro\/lexikon\/wp-json\/wp\/v2\/comments?post=5882"}],"wp:attachment":[{"href":"https:\/\/uj.adatbank.ro\/lexikon\/wp-json\/wp\/v2\/media?parent=5882"}],"wp:term":[{"taxonomy":"product_brand","embeddable":true,"href":"https:\/\/uj.adatbank.ro\/lexikon\/wp-json\/wp\/v2\/product_brand?post=5882"},{"taxonomy":"product_cat","embeddable":true,"href":"https:\/\/uj.adatbank.ro\/lexikon\/wp-json\/wp\/v2\/product_cat?post=5882"},{"taxonomy":"product_tag","embeddable":true,"href":"https:\/\/uj.adatbank.ro\/lexikon\/wp-json\/wp\/v2\/product_tag?post=5882"}],"curies":[{"name":"wp","href":"https:\/\/api.w.org\/{rel}","templated":true}]}}