{"id":5884,"date":"2025-06-28T17:32:47","date_gmt":"2025-06-28T15:32:47","guid":{"rendered":"https:\/\/uj.adatbank.ro\/lexikon\/termek\/cupsa-liviu\/"},"modified":"2025-06-28T17:32:47","modified_gmt":"2025-06-28T15:32:47","slug":"cupsa-liviu","status":"publish","type":"product","link":"https:\/\/uj.adatbank.ro\/lexikon\/termek\/cupsa-liviu\/","title":{"rendered":"CUP\u015eA Liviu"},"content":{"rendered":"<p>? \u2020 ? : orvos. \u2013 K\u00f6rorvos S\u00e1rm\u00e1sban, a helyi l\u00edc.-ban iskola orvos is volt (1923\u2013). <br \/><strong>Irod.:<\/strong> S\u0103rma\u015fu<\/br><\/p>\n","protected":false},"excerpt":{"rendered":"<p>? \u2020 ? : orvos. \u2013 K\u00f6rorvos S\u00e1rm\u00e1sban, a helyi l\u00edc.-ban iskola orvos is volt (1923\u2013). Irod.: S\u0103rma\u015fu<\/p>\n","protected":false},"featured_media":0,"comment_status":"open","ping_status":"closed","template":"","meta":[],"product_brand":[],"product_cat":[137],"product_tag":[],"class_list":{"0":"post-5884","1":"product","2":"type-product","3":"status-publish","5":"product_cat-maros-megyei-eletrajzi-lexikon","7":"first","8":"instock","9":"shipping-taxable","10":"product-type-simple"},"_links":{"self":[{"href":"https:\/\/uj.adatbank.ro\/lexikon\/wp-json\/wp\/v2\/product\/5884","targetHints":{"allow":["GET"]}}],"collection":[{"href":"https:\/\/uj.adatbank.ro\/lexikon\/wp-json\/wp\/v2\/product"}],"about":[{"href":"https:\/\/uj.adatbank.ro\/lexikon\/wp-json\/wp\/v2\/types\/product"}],"replies":[{"embeddable":true,"href":"https:\/\/uj.adatbank.ro\/lexikon\/wp-json\/wp\/v2\/comments?post=5884"}],"wp:attachment":[{"href":"https:\/\/uj.adatbank.ro\/lexikon\/wp-json\/wp\/v2\/media?parent=5884"}],"wp:term":[{"taxonomy":"product_brand","embeddable":true,"href":"https:\/\/uj.adatbank.ro\/lexikon\/wp-json\/wp\/v2\/product_brand?post=5884"},{"taxonomy":"product_cat","embeddable":true,"href":"https:\/\/uj.adatbank.ro\/lexikon\/wp-json\/wp\/v2\/product_cat?post=5884"},{"taxonomy":"product_tag","embeddable":true,"href":"https:\/\/uj.adatbank.ro\/lexikon\/wp-json\/wp\/v2\/product_tag?post=5884"}],"curies":[{"name":"wp","href":"https:\/\/api.w.org\/{rel}","templated":true}]}}