{"id":5887,"date":"2025-06-28T17:32:54","date_gmt":"2025-06-28T15:32:54","guid":{"rendered":"https:\/\/uj.adatbank.ro\/lexikon\/termek\/curticapean-t-vasile\/"},"modified":"2025-06-28T17:32:54","modified_gmt":"2025-06-28T15:32:54","slug":"curticapean-t-vasile","status":"publish","type":"product","link":"https:\/\/uj.adatbank.ro\/lexikon\/termek\/curticapean-t-vasile\/","title":{"rendered":"CURTIC\u0102PEAN T. Vasile"},"content":{"rendered":"<p>Farag\u00f3, 1898., \u2020 Majsz\u00edn, 1944. okt. 14.: egyik \u00e1ldozata a horthyst\u00e1k \u00e1ltal Fels\u0151vis\u00f3ba k\u00e9nyszermunk\u00e1ra hurcolt farag\u00f3inak (1944. m\u00e1j.), akit t\u00f6bbedmag\u00e1val kiv\u00e9geztek. <br \/><strong>Irod.:<\/strong> F\u0103r\u0103g\u0103u<\/br><\/p>\n","protected":false},"excerpt":{"rendered":"<p>Farag\u00f3, 1898., \u2020 Majsz\u00edn, 1944. okt. 14.: egyik \u00e1ldozata a horthyst\u00e1k \u00e1ltal Fels\u0151vis\u00f3ba k\u00e9nyszermunk\u00e1ra hurcolt farag\u00f3inak (1944. m\u00e1j.), akit t\u00f6bbedmag\u00e1val kiv\u00e9geztek. Irod.: F\u0103r\u0103g\u0103u<\/p>\n","protected":false},"featured_media":0,"comment_status":"open","ping_status":"closed","template":"","meta":[],"product_brand":[],"product_cat":[137],"product_tag":[],"class_list":{"0":"post-5887","1":"product","2":"type-product","3":"status-publish","5":"product_cat-maros-megyei-eletrajzi-lexikon","7":"first","8":"instock","9":"shipping-taxable","10":"product-type-simple"},"_links":{"self":[{"href":"https:\/\/uj.adatbank.ro\/lexikon\/wp-json\/wp\/v2\/product\/5887","targetHints":{"allow":["GET"]}}],"collection":[{"href":"https:\/\/uj.adatbank.ro\/lexikon\/wp-json\/wp\/v2\/product"}],"about":[{"href":"https:\/\/uj.adatbank.ro\/lexikon\/wp-json\/wp\/v2\/types\/product"}],"replies":[{"embeddable":true,"href":"https:\/\/uj.adatbank.ro\/lexikon\/wp-json\/wp\/v2\/comments?post=5887"}],"wp:attachment":[{"href":"https:\/\/uj.adatbank.ro\/lexikon\/wp-json\/wp\/v2\/media?parent=5887"}],"wp:term":[{"taxonomy":"product_brand","embeddable":true,"href":"https:\/\/uj.adatbank.ro\/lexikon\/wp-json\/wp\/v2\/product_brand?post=5887"},{"taxonomy":"product_cat","embeddable":true,"href":"https:\/\/uj.adatbank.ro\/lexikon\/wp-json\/wp\/v2\/product_cat?post=5887"},{"taxonomy":"product_tag","embeddable":true,"href":"https:\/\/uj.adatbank.ro\/lexikon\/wp-json\/wp\/v2\/product_tag?post=5887"}],"curies":[{"name":"wp","href":"https:\/\/api.w.org\/{rel}","templated":true}]}}