{"id":5888,"date":"2025-06-28T17:32:56","date_gmt":"2025-06-28T15:32:56","guid":{"rendered":"https:\/\/uj.adatbank.ro\/lexikon\/termek\/curticapean-v-vasile-gica-pintea\/"},"modified":"2025-06-28T17:32:56","modified_gmt":"2025-06-28T15:32:56","slug":"curticapean-v-vasile-gica-pintea","status":"publish","type":"product","link":"https:\/\/uj.adatbank.ro\/lexikon\/termek\/curticapean-v-vasile-gica-pintea\/","title":{"rendered":"CURTIC\u0102PEAN, V. Vasile, Gic\u0103 Pintea"},"content":{"rendered":"<p>Farag\u00f3, 1898., \u2020 Majsz\u00edn, 1944. okt. 14.: egyik \u00e1ldozata a majsz\u00edni v\u00e9rengz\u00e9snek, ahol a horthyst\u00e1k 35 rom\u00e1n \u00e9s 3 zsid\u00f3 \u00e1rtatlant v\u00e9geztek ki, akiket azel\u0151tt k\u00e9nyszermunk\u00e1ra hurcoltak el Fels\u0151vis\u00f3ba (1944. m\u00e1j.). K\u00e9t \u00e1rv\u00e1ja maradt h\u00e1tra. <br \/><strong>Irod.:<\/strong> F\u0103r\u0103g\u0103u<\/br><\/p>\n","protected":false},"excerpt":{"rendered":"<p>Farag\u00f3, 1898., \u2020 Majsz\u00edn, 1944. okt. 14.: egyik \u00e1ldozata a majsz\u00edni v\u00e9rengz\u00e9snek, ahol a horthyst\u00e1k 35 rom\u00e1n \u00e9s 3 zsid\u00f3 \u00e1rtatlant v\u00e9geztek ki, akiket azel\u0151tt k\u00e9nyszermunk\u00e1ra hurcoltak el Fels\u0151vis\u00f3ba (1944. m\u00e1j.). K\u00e9t \u00e1rv\u00e1ja maradt h\u00e1tra. Irod.: F\u0103r\u0103g\u0103u<\/p>\n","protected":false},"featured_media":0,"comment_status":"open","ping_status":"closed","template":"","meta":[],"product_brand":[],"product_cat":[137],"product_tag":[],"class_list":{"0":"post-5888","1":"product","2":"type-product","3":"status-publish","5":"product_cat-maros-megyei-eletrajzi-lexikon","7":"first","8":"instock","9":"shipping-taxable","10":"product-type-simple"},"_links":{"self":[{"href":"https:\/\/uj.adatbank.ro\/lexikon\/wp-json\/wp\/v2\/product\/5888","targetHints":{"allow":["GET"]}}],"collection":[{"href":"https:\/\/uj.adatbank.ro\/lexikon\/wp-json\/wp\/v2\/product"}],"about":[{"href":"https:\/\/uj.adatbank.ro\/lexikon\/wp-json\/wp\/v2\/types\/product"}],"replies":[{"embeddable":true,"href":"https:\/\/uj.adatbank.ro\/lexikon\/wp-json\/wp\/v2\/comments?post=5888"}],"wp:attachment":[{"href":"https:\/\/uj.adatbank.ro\/lexikon\/wp-json\/wp\/v2\/media?parent=5888"}],"wp:term":[{"taxonomy":"product_brand","embeddable":true,"href":"https:\/\/uj.adatbank.ro\/lexikon\/wp-json\/wp\/v2\/product_brand?post=5888"},{"taxonomy":"product_cat","embeddable":true,"href":"https:\/\/uj.adatbank.ro\/lexikon\/wp-json\/wp\/v2\/product_cat?post=5888"},{"taxonomy":"product_tag","embeddable":true,"href":"https:\/\/uj.adatbank.ro\/lexikon\/wp-json\/wp\/v2\/product_tag?post=5888"}],"curies":[{"name":"wp","href":"https:\/\/api.w.org\/{rel}","templated":true}]}}