{"id":5890,"date":"2025-06-28T17:33:01","date_gmt":"2025-06-28T15:33:01","guid":{"rendered":"https:\/\/uj.adatbank.ro\/lexikon\/termek\/czaich-arpad-gilbert-czaich-gilbert\/"},"modified":"2025-06-28T17:33:01","modified_gmt":"2025-06-28T15:33:01","slug":"czaich-arpad-gilbert-czaich-gilbert","status":"publish","type":"product","link":"https:\/\/uj.adatbank.ro\/lexikon\/termek\/czaich-arpad-gilbert-czaich-gilbert\/","title":{"rendered":"CZAICH \u00c1rp\u00e1d Gilbert, CZAICH Gilbert"},"content":{"rendered":"<p>Rozsny\u00f3, 1866. okt. 19., \u2020 Nagyb\u00e1nya, 1932. jan. 26.: r. k. pap, h\u00e1zf\u0151n\u00f6k. \u2013 Sz\u00fcl\u0151v\u00e1ros\u00e1ban \u00e9s Kass\u00e1n v\u00e9gezte tanulm\u00e1nyait, itt a teol\u00f3giai f\u0151iskol\u00e1n tanult, a minoritarenbe k\u00e9rte felv\u00e9tel\u00e9t, Egerben lett szerzetes (1886. szept. 6.), R\u00f3m\u00e1ban a Propaganda Fide egyetemen szerzett hittudori oklevelet \u00e9s papp\u00e1 szentelt\u00e9k (1890). Egerben a rendtartom\u00e1ny n\u00f6vend\u00e9keit nevelte, majd visszarendelt\u00e9k R\u00f3m\u00e1ba, m. gy\u00f3ntat\u00f3 papi tiszts\u00e9gbe (1895\u20131911). Kutat\u00f3i megb\u00edz\u00e1st is kapott, t\u00f6rt\u00e9net\u00edr\u00f3i tev\u00e9kenys\u00e9get folytatott. Nagyb\u00e1ny\u00e1n volt rendh\u00e1zf\u0151n\u00f6k (1911\u2013), Kv.-on h\u00e1zf\u0151n\u00f6k (1913\u2013) \u00e9s az egyetemre bej\u00e1r\u00f3 tan\u00e1rjel\u0151lt ifj\u00fa papok igazgat\u00f3ja. A mv.-i rendh\u00e1z vezet\u00e9s\u00e9t b\u00edzt\u00e1k r\u00e1. (1925\u2013), megjav\u00edtott\u00e1k az \u00e9p\u00fcletet, Sz\u00e9ll Edd\u00e9t nevezt\u00e9k ki h\u00e1zf\u0151n\u00f6knek. Nagyb\u00e1ny\u00e1n a papnevel\u0151 int\u00e9zet \u00e9s hittudom\u00e1nyi f\u0151iskola igazgat\u00f3ja hal\u00e1l\u00e1ig. Cikkeit, tanulm\u00e1nyait k\u00f6z\u00f6lte a M. T\u00f6rt\u00e9nelmi T\u00e1r, Sz\u00e1zadok. \u2013 <strong>F. m.:<\/strong> X. Pius P\u00e1pa \u00e9let\u00e9nek \u00e9s uralkod\u00e1s\u00e1nak t\u00f6rt\u00e9nete napjainkig (t\u00e1rssz. Fr\u00e1ter Alad\u00e1r; Bp., 1907). <br \/><strong>Irod.:<\/strong> Maros megyei m. t\u00f6rt. 5; Monay: R. m. gy.<\/br><\/p>\n","protected":false},"excerpt":{"rendered":"<p>Rozsny\u00f3, 1866. okt. 19., \u2020 Nagyb\u00e1nya, 1932. jan. 26.: r. k. pap, h\u00e1zf\u0151n\u00f6k. \u2013 Sz\u00fcl\u0151v\u00e1ros\u00e1ban \u00e9s Kass\u00e1n v\u00e9gezte tanulm\u00e1nyait, itt a teol\u00f3giai f\u0151iskol\u00e1n tanult, a minoritarenbe k\u00e9rte felv\u00e9tel\u00e9t, Egerben lett szerzetes (1886. szept. 6.), R\u00f3m\u00e1ban a Propaganda Fide egyetemen szerzett hittudori oklevelet \u00e9s papp\u00e1 szentelt\u00e9k (1890). Egerben a rendtartom\u00e1ny n\u00f6vend\u00e9keit nevelte, majd visszarendelt\u00e9k R\u00f3m\u00e1ba, m. [&hellip;]<\/p>\n","protected":false},"featured_media":0,"comment_status":"open","ping_status":"closed","template":"","meta":[],"product_brand":[],"product_cat":[137],"product_tag":[],"class_list":{"0":"post-5890","1":"product","2":"type-product","3":"status-publish","5":"product_cat-maros-megyei-eletrajzi-lexikon","7":"first","8":"instock","9":"shipping-taxable","10":"product-type-simple"},"_links":{"self":[{"href":"https:\/\/uj.adatbank.ro\/lexikon\/wp-json\/wp\/v2\/product\/5890","targetHints":{"allow":["GET"]}}],"collection":[{"href":"https:\/\/uj.adatbank.ro\/lexikon\/wp-json\/wp\/v2\/product"}],"about":[{"href":"https:\/\/uj.adatbank.ro\/lexikon\/wp-json\/wp\/v2\/types\/product"}],"replies":[{"embeddable":true,"href":"https:\/\/uj.adatbank.ro\/lexikon\/wp-json\/wp\/v2\/comments?post=5890"}],"wp:attachment":[{"href":"https:\/\/uj.adatbank.ro\/lexikon\/wp-json\/wp\/v2\/media?parent=5890"}],"wp:term":[{"taxonomy":"product_brand","embeddable":true,"href":"https:\/\/uj.adatbank.ro\/lexikon\/wp-json\/wp\/v2\/product_brand?post=5890"},{"taxonomy":"product_cat","embeddable":true,"href":"https:\/\/uj.adatbank.ro\/lexikon\/wp-json\/wp\/v2\/product_cat?post=5890"},{"taxonomy":"product_tag","embeddable":true,"href":"https:\/\/uj.adatbank.ro\/lexikon\/wp-json\/wp\/v2\/product_tag?post=5890"}],"curies":[{"name":"wp","href":"https:\/\/api.w.org\/{rel}","templated":true}]}}