{"id":5891,"date":"2025-06-28T17:33:05","date_gmt":"2025-06-28T15:33:05","guid":{"rendered":"https:\/\/uj.adatbank.ro\/lexikon\/termek\/czaich-todor-gyula\/"},"modified":"2025-06-28T17:33:05","modified_gmt":"2025-06-28T15:33:05","slug":"czaich-todor-gyula","status":"publish","type":"product","link":"https:\/\/uj.adatbank.ro\/lexikon\/termek\/czaich-todor-gyula\/","title":{"rendered":"CZAICH Todor Gyula"},"content":{"rendered":"<p>Szatm\u00e1rn\u00e9meti, 1865., \u2020\u00a0? : gy\u00f3gyszer\u00e9sz. \u2013 Diplom\u00e1j\u00e1t Bp.-en szerezte (1892). Gy\u00f3gyszer\u00e9sz volt D\u00e9d\u00e1n. K\u00f6z\u00f6lt a Gy\u00f3gyszer\u00e9szeti \u00c9rtes\u00edt\u0151, Gy\u00f3gyszer\u00e9szeti Hetilap, Gy\u00f3gyszer\u00e9szeti K\u00f6zl\u00f6ny-ben. \u2013 <strong>F. m.:<\/strong> Eml\u00e9kk\u00f6nyv a Bp.-i Kir. M. Tudom\u00e1ny Egyetem Gy\u00f3gyszer\u00e9sz-hallgat\u00f3inak Seg\u00e9ly \u00e9s \u00d6nk\u00e9pz\u0151 Egyes\u00fclet\u00e9nek 25. \u00e9vi f\u00f6nn\u00e1ll\u00e1s\u00e1ra (Bp., 1888). <br \/><strong>Irod.:<\/strong> Matolcsi; P\u00e9ter H. M.; Todea\u2013F\u00fcl\u00f6p\u2013Avram<\/br><\/p>\n","protected":false},"excerpt":{"rendered":"<p>Szatm\u00e1rn\u00e9meti, 1865., \u2020\u00a0? : gy\u00f3gyszer\u00e9sz. \u2013 Diplom\u00e1j\u00e1t Bp.-en szerezte (1892). Gy\u00f3gyszer\u00e9sz volt D\u00e9d\u00e1n. K\u00f6z\u00f6lt a Gy\u00f3gyszer\u00e9szeti \u00c9rtes\u00edt\u0151, Gy\u00f3gyszer\u00e9szeti Hetilap, Gy\u00f3gyszer\u00e9szeti K\u00f6zl\u00f6ny-ben. \u2013 F. m.: Eml\u00e9kk\u00f6nyv a Bp.-i Kir. M. Tudom\u00e1ny Egyetem Gy\u00f3gyszer\u00e9sz-hallgat\u00f3inak Seg\u00e9ly \u00e9s \u00d6nk\u00e9pz\u0151 Egyes\u00fclet\u00e9nek 25. \u00e9vi f\u00f6nn\u00e1ll\u00e1s\u00e1ra (Bp., 1888). Irod.: Matolcsi; P\u00e9ter H. M.; Todea\u2013F\u00fcl\u00f6p\u2013Avram<\/p>\n","protected":false},"featured_media":0,"comment_status":"open","ping_status":"closed","template":"","meta":[],"product_brand":[],"product_cat":[137],"product_tag":[],"class_list":{"0":"post-5891","1":"product","2":"type-product","3":"status-publish","5":"product_cat-maros-megyei-eletrajzi-lexikon","7":"first","8":"instock","9":"shipping-taxable","10":"product-type-simple"},"_links":{"self":[{"href":"https:\/\/uj.adatbank.ro\/lexikon\/wp-json\/wp\/v2\/product\/5891","targetHints":{"allow":["GET"]}}],"collection":[{"href":"https:\/\/uj.adatbank.ro\/lexikon\/wp-json\/wp\/v2\/product"}],"about":[{"href":"https:\/\/uj.adatbank.ro\/lexikon\/wp-json\/wp\/v2\/types\/product"}],"replies":[{"embeddable":true,"href":"https:\/\/uj.adatbank.ro\/lexikon\/wp-json\/wp\/v2\/comments?post=5891"}],"wp:attachment":[{"href":"https:\/\/uj.adatbank.ro\/lexikon\/wp-json\/wp\/v2\/media?parent=5891"}],"wp:term":[{"taxonomy":"product_brand","embeddable":true,"href":"https:\/\/uj.adatbank.ro\/lexikon\/wp-json\/wp\/v2\/product_brand?post=5891"},{"taxonomy":"product_cat","embeddable":true,"href":"https:\/\/uj.adatbank.ro\/lexikon\/wp-json\/wp\/v2\/product_cat?post=5891"},{"taxonomy":"product_tag","embeddable":true,"href":"https:\/\/uj.adatbank.ro\/lexikon\/wp-json\/wp\/v2\/product_tag?post=5891"}],"curies":[{"name":"wp","href":"https:\/\/api.w.org\/{rel}","templated":true}]}}