{"id":5892,"date":"2025-06-28T17:33:08","date_gmt":"2025-06-28T15:33:08","guid":{"rendered":"https:\/\/uj.adatbank.ro\/lexikon\/termek\/czaka-rozalia\/"},"modified":"2025-06-28T17:33:08","modified_gmt":"2025-06-28T15:33:08","slug":"czaka-rozalia","status":"publish","type":"product","link":"https:\/\/uj.adatbank.ro\/lexikon\/termek\/czaka-rozalia\/","title":{"rendered":"CZ\u00c1KA Roz\u00e1lia"},"content":{"rendered":"<p>Szov\u00e1ta, ? \u2020\u00a0? : f\u00f6ldbirtokos. \u2013 Maroskereszt\u00faron haszon\u00e9lvezeti joga volt a volt Kn\u00f6pfler-f\u00e9le uradalom ter\u00fclet\u00e9n. &#8211;<br \/><strong>Irod.:<\/strong> Sz\u00e9kelyf\u00f6ld \u00ed. k<\/br><\/p>\n","protected":false},"excerpt":{"rendered":"<p>Szov\u00e1ta, ? \u2020\u00a0? : f\u00f6ldbirtokos. \u2013 Maroskereszt\u00faron haszon\u00e9lvezeti joga volt a volt Kn\u00f6pfler-f\u00e9le uradalom ter\u00fclet\u00e9n. &#8211;Irod.: Sz\u00e9kelyf\u00f6ld \u00ed. k<\/p>\n","protected":false},"featured_media":0,"comment_status":"open","ping_status":"closed","template":"","meta":[],"product_brand":[],"product_cat":[137],"product_tag":[],"class_list":{"0":"post-5892","1":"product","2":"type-product","3":"status-publish","5":"product_cat-maros-megyei-eletrajzi-lexikon","7":"first","8":"instock","9":"shipping-taxable","10":"product-type-simple"},"_links":{"self":[{"href":"https:\/\/uj.adatbank.ro\/lexikon\/wp-json\/wp\/v2\/product\/5892","targetHints":{"allow":["GET"]}}],"collection":[{"href":"https:\/\/uj.adatbank.ro\/lexikon\/wp-json\/wp\/v2\/product"}],"about":[{"href":"https:\/\/uj.adatbank.ro\/lexikon\/wp-json\/wp\/v2\/types\/product"}],"replies":[{"embeddable":true,"href":"https:\/\/uj.adatbank.ro\/lexikon\/wp-json\/wp\/v2\/comments?post=5892"}],"wp:attachment":[{"href":"https:\/\/uj.adatbank.ro\/lexikon\/wp-json\/wp\/v2\/media?parent=5892"}],"wp:term":[{"taxonomy":"product_brand","embeddable":true,"href":"https:\/\/uj.adatbank.ro\/lexikon\/wp-json\/wp\/v2\/product_brand?post=5892"},{"taxonomy":"product_cat","embeddable":true,"href":"https:\/\/uj.adatbank.ro\/lexikon\/wp-json\/wp\/v2\/product_cat?post=5892"},{"taxonomy":"product_tag","embeddable":true,"href":"https:\/\/uj.adatbank.ro\/lexikon\/wp-json\/wp\/v2\/product_tag?post=5892"}],"curies":[{"name":"wp","href":"https:\/\/api.w.org\/{rel}","templated":true}]}}