{"id":5893,"date":"2025-06-28T17:33:09","date_gmt":"2025-06-28T15:33:09","guid":{"rendered":"https:\/\/uj.adatbank.ro\/lexikon\/termek\/czako-ferenc-dr\/"},"modified":"2025-06-28T17:33:09","modified_gmt":"2025-06-28T15:33:09","slug":"czako-ferenc-dr","status":"publish","type":"product","link":"https:\/\/uj.adatbank.ro\/lexikon\/termek\/czako-ferenc-dr\/","title":{"rendered":"CZAK\u00d3 Ferenc, dr."},"content":{"rendered":"<p>Sz\u00e9kelyk\u00f6vesd, 1891. aug. 6., \u2020 Csernovic, 1916. aug. 16.: f\u00f6ldbirtokos. \u2013 V\u00edt\u00e9zi rendfokozata: tartal\u00e9kos egy\u00e9ves \u00f6nk\u00e9ntes szakaszvezet\u0151 (1943. febr. 26.). <br \/><strong>Irod.:<\/strong> Berekm\u00e9ri\u2013Nemes<\/br><\/p>\n","protected":false},"excerpt":{"rendered":"<p>Sz\u00e9kelyk\u00f6vesd, 1891. aug. 6., \u2020 Csernovic, 1916. aug. 16.: f\u00f6ldbirtokos. \u2013 V\u00edt\u00e9zi rendfokozata: tartal\u00e9kos egy\u00e9ves \u00f6nk\u00e9ntes szakaszvezet\u0151 (1943. febr. 26.). Irod.: Berekm\u00e9ri\u2013Nemes<\/p>\n","protected":false},"featured_media":0,"comment_status":"open","ping_status":"closed","template":"","meta":[],"product_brand":[],"product_cat":[137],"product_tag":[],"class_list":{"0":"post-5893","1":"product","2":"type-product","3":"status-publish","5":"product_cat-maros-megyei-eletrajzi-lexikon","7":"first","8":"instock","9":"shipping-taxable","10":"product-type-simple"},"_links":{"self":[{"href":"https:\/\/uj.adatbank.ro\/lexikon\/wp-json\/wp\/v2\/product\/5893","targetHints":{"allow":["GET"]}}],"collection":[{"href":"https:\/\/uj.adatbank.ro\/lexikon\/wp-json\/wp\/v2\/product"}],"about":[{"href":"https:\/\/uj.adatbank.ro\/lexikon\/wp-json\/wp\/v2\/types\/product"}],"replies":[{"embeddable":true,"href":"https:\/\/uj.adatbank.ro\/lexikon\/wp-json\/wp\/v2\/comments?post=5893"}],"wp:attachment":[{"href":"https:\/\/uj.adatbank.ro\/lexikon\/wp-json\/wp\/v2\/media?parent=5893"}],"wp:term":[{"taxonomy":"product_brand","embeddable":true,"href":"https:\/\/uj.adatbank.ro\/lexikon\/wp-json\/wp\/v2\/product_brand?post=5893"},{"taxonomy":"product_cat","embeddable":true,"href":"https:\/\/uj.adatbank.ro\/lexikon\/wp-json\/wp\/v2\/product_cat?post=5893"},{"taxonomy":"product_tag","embeddable":true,"href":"https:\/\/uj.adatbank.ro\/lexikon\/wp-json\/wp\/v2\/product_tag?post=5893"}],"curies":[{"name":"wp","href":"https:\/\/api.w.org\/{rel}","templated":true}]}}