{"id":5898,"date":"2025-06-28T17:33:22","date_gmt":"2025-06-28T15:33:22","guid":{"rendered":"https:\/\/uj.adatbank.ro\/lexikon\/termek\/czako-jozsef-sepsikilyeni-2\/"},"modified":"2025-06-28T17:33:22","modified_gmt":"2025-06-28T15:33:22","slug":"czako-jozsef-sepsikilyeni-2","status":"publish","type":"product","link":"https:\/\/uj.adatbank.ro\/lexikon\/termek\/czako-jozsef-sepsikilyeni-2\/","title":{"rendered":"CZAK\u00d3 J\u00f3zsef, sepsikily\u00e9ni"},"content":{"rendered":"<p>1855, \u2020 1900.: jog\u00e1sz, f\u00f6ldbirtokos. \u2013 Feles\u00e9ge: Korbuly Erzs\u00e9bet. \u2013 Sz\u00e9kelyk\u00f6vesdi f\u00f6ldbirtokos. Petelei Istv\u00e1n j\u00f3 bar\u00e1tja, sogora volt. \u00cdr\u00e1sai jelentek meg h\u00edrlapokban. A sz\u00e9kelyk\u00f6vesdi ref. templomban a papi pad f\u00f6l\u00f6tt \u00e1ll a bekeretezett c\u00edmeres eml\u00e9klapja. EMKE alap\u00edt\u00f3 \u00e9s \u00f6r\u00f6k\u00f6s tagja feles\u00e9g\u00e9vel egy\u00fctt. A Marosi Ref. Egyh\u00e1zmegye algondnokak\u00e9nt r\u00e9szt vett az Erd\u00e9yli Ref. Egyh\u00e1zker\u00fclet k\u00f6zgy\u0171l\u00e9s\u00e9n (1888). <br \/><strong>Irod.:<\/strong> EMKE 120; Az Erd\u00e9lyi Ref. Egyh\u00e1zker\u00fclet k\u00f6zgy\u0171l\u00e9s\u00e9nek jegyz\u0151k\u00f6nyve (Kv, 1888) Marosi-KZST; Mv.-Bal\u00e1s; Sepsisz\u00e9ki<\/br><\/p>\n","protected":false},"excerpt":{"rendered":"<p>1855, \u2020 1900.: jog\u00e1sz, f\u00f6ldbirtokos. \u2013 Feles\u00e9ge: Korbuly Erzs\u00e9bet. \u2013 Sz\u00e9kelyk\u00f6vesdi f\u00f6ldbirtokos. Petelei Istv\u00e1n j\u00f3 bar\u00e1tja, sogora volt. \u00cdr\u00e1sai jelentek meg h\u00edrlapokban. A sz\u00e9kelyk\u00f6vesdi ref. templomban a papi pad f\u00f6l\u00f6tt \u00e1ll a bekeretezett c\u00edmeres eml\u00e9klapja. EMKE alap\u00edt\u00f3 \u00e9s \u00f6r\u00f6k\u00f6s tagja feles\u00e9g\u00e9vel egy\u00fctt. A Marosi Ref. Egyh\u00e1zmegye algondnokak\u00e9nt r\u00e9szt vett az Erd\u00e9yli Ref. Egyh\u00e1zker\u00fclet k\u00f6zgy\u0171l\u00e9s\u00e9n (1888). [&hellip;]<\/p>\n","protected":false},"featured_media":0,"comment_status":"open","ping_status":"closed","template":"","meta":[],"product_brand":[],"product_cat":[137],"product_tag":[],"class_list":{"0":"post-5898","1":"product","2":"type-product","3":"status-publish","5":"product_cat-maros-megyei-eletrajzi-lexikon","7":"first","8":"instock","9":"shipping-taxable","10":"product-type-simple"},"_links":{"self":[{"href":"https:\/\/uj.adatbank.ro\/lexikon\/wp-json\/wp\/v2\/product\/5898","targetHints":{"allow":["GET"]}}],"collection":[{"href":"https:\/\/uj.adatbank.ro\/lexikon\/wp-json\/wp\/v2\/product"}],"about":[{"href":"https:\/\/uj.adatbank.ro\/lexikon\/wp-json\/wp\/v2\/types\/product"}],"replies":[{"embeddable":true,"href":"https:\/\/uj.adatbank.ro\/lexikon\/wp-json\/wp\/v2\/comments?post=5898"}],"wp:attachment":[{"href":"https:\/\/uj.adatbank.ro\/lexikon\/wp-json\/wp\/v2\/media?parent=5898"}],"wp:term":[{"taxonomy":"product_brand","embeddable":true,"href":"https:\/\/uj.adatbank.ro\/lexikon\/wp-json\/wp\/v2\/product_brand?post=5898"},{"taxonomy":"product_cat","embeddable":true,"href":"https:\/\/uj.adatbank.ro\/lexikon\/wp-json\/wp\/v2\/product_cat?post=5898"},{"taxonomy":"product_tag","embeddable":true,"href":"https:\/\/uj.adatbank.ro\/lexikon\/wp-json\/wp\/v2\/product_tag?post=5898"}],"curies":[{"name":"wp","href":"https:\/\/api.w.org\/{rel}","templated":true}]}}