{"id":5899,"date":"2025-06-28T17:33:25","date_gmt":"2025-06-28T15:33:25","guid":{"rendered":"https:\/\/uj.adatbank.ro\/lexikon\/termek\/czako-zsigmond\/"},"modified":"2025-06-28T17:33:25","modified_gmt":"2025-06-28T15:33:25","slug":"czako-zsigmond","status":"publish","type":"product","link":"https:\/\/uj.adatbank.ro\/lexikon\/termek\/czako-zsigmond\/","title":{"rendered":"CZAK\u00d3 Zsigmond"},"content":{"rendered":"<p>1820. \u2020\u00a01847.: sz\u00edn\u00e9sz, dr\u00e1ma\u00edr\u00f3. \u2013 Kov\u00e1cs J\u00f3zsef \u00e9s Perg\u0151 Celesztin t\u00e1rsulat\u00e1val Mv.-en szerepelt (1841). <br \/><strong>Irod.:<\/strong> Id\u0151t\u00e1r 1\u00a0; Kem\u00e9ny Zs.<\/br><\/p>\n","protected":false},"excerpt":{"rendered":"<p>1820. \u2020\u00a01847.: sz\u00edn\u00e9sz, dr\u00e1ma\u00edr\u00f3. \u2013 Kov\u00e1cs J\u00f3zsef \u00e9s Perg\u0151 Celesztin t\u00e1rsulat\u00e1val Mv.-en szerepelt (1841). Irod.: Id\u0151t\u00e1r 1\u00a0; Kem\u00e9ny Zs.<\/p>\n","protected":false},"featured_media":0,"comment_status":"open","ping_status":"closed","template":"","meta":[],"product_brand":[],"product_cat":[137],"product_tag":[],"class_list":{"0":"post-5899","1":"product","2":"type-product","3":"status-publish","5":"product_cat-maros-megyei-eletrajzi-lexikon","7":"first","8":"instock","9":"shipping-taxable","10":"product-type-simple"},"_links":{"self":[{"href":"https:\/\/uj.adatbank.ro\/lexikon\/wp-json\/wp\/v2\/product\/5899","targetHints":{"allow":["GET"]}}],"collection":[{"href":"https:\/\/uj.adatbank.ro\/lexikon\/wp-json\/wp\/v2\/product"}],"about":[{"href":"https:\/\/uj.adatbank.ro\/lexikon\/wp-json\/wp\/v2\/types\/product"}],"replies":[{"embeddable":true,"href":"https:\/\/uj.adatbank.ro\/lexikon\/wp-json\/wp\/v2\/comments?post=5899"}],"wp:attachment":[{"href":"https:\/\/uj.adatbank.ro\/lexikon\/wp-json\/wp\/v2\/media?parent=5899"}],"wp:term":[{"taxonomy":"product_brand","embeddable":true,"href":"https:\/\/uj.adatbank.ro\/lexikon\/wp-json\/wp\/v2\/product_brand?post=5899"},{"taxonomy":"product_cat","embeddable":true,"href":"https:\/\/uj.adatbank.ro\/lexikon\/wp-json\/wp\/v2\/product_cat?post=5899"},{"taxonomy":"product_tag","embeddable":true,"href":"https:\/\/uj.adatbank.ro\/lexikon\/wp-json\/wp\/v2\/product_tag?post=5899"}],"curies":[{"name":"wp","href":"https:\/\/api.w.org\/{rel}","templated":true}]}}