{"id":5900,"date":"2025-06-28T17:33:26","date_gmt":"2025-06-28T15:33:26","guid":{"rendered":"https:\/\/uj.adatbank.ro\/lexikon\/termek\/czampa-gusztav\/"},"modified":"2025-06-28T17:33:26","modified_gmt":"2025-06-28T15:33:26","slug":"czampa-gusztav","status":"publish","type":"product","link":"https:\/\/uj.adatbank.ro\/lexikon\/termek\/czampa-gusztav\/","title":{"rendered":"CZ\u00c1MPA Guszt\u00e1v"},"content":{"rendered":"<p>1895.? \u2020 Zaicycy (orosz harct\u00e9r), 1916. szept. 20. Temet\u00e9se Mv., 1917. \u00e1pr. 24.: hadnagy. \u2013 Cz. Guszt\u00e1v, it\u00e9l\u0151t\u00e1blai b\u00edr\u00f3 \u00e9s Tib\u00e1ld Etelka fia. \u2013 A m. kir. 5. t\u0171z\u00e9r ezred \u00ab Signum Laudis\u00a0\u00ab \u00e9s a hadidisz\u00edtn\u00e9nyes 3. o. katonai \u00e9rdemkereszt a kardokkal kit\u00fcntetett hadnagya. <br \/><strong>Irod.:<\/strong> Gy\u00e1szjelent\u0151<\/br><\/p>\n","protected":false},"excerpt":{"rendered":"<p>1895.? \u2020 Zaicycy (orosz harct\u00e9r), 1916. szept. 20. Temet\u00e9se Mv., 1917. \u00e1pr. 24.: hadnagy. \u2013 Cz. Guszt\u00e1v, it\u00e9l\u0151t\u00e1blai b\u00edr\u00f3 \u00e9s Tib\u00e1ld Etelka fia. \u2013 A m. kir. 5. t\u0171z\u00e9r ezred \u00ab Signum Laudis\u00a0\u00ab \u00e9s a hadidisz\u00edtn\u00e9nyes 3. o. katonai \u00e9rdemkereszt a kardokkal kit\u00fcntetett hadnagya. Irod.: Gy\u00e1szjelent\u0151<\/p>\n","protected":false},"featured_media":0,"comment_status":"open","ping_status":"closed","template":"","meta":[],"product_brand":[],"product_cat":[137],"product_tag":[],"class_list":{"0":"post-5900","1":"product","2":"type-product","3":"status-publish","5":"product_cat-maros-megyei-eletrajzi-lexikon","7":"first","8":"instock","9":"shipping-taxable","10":"product-type-simple"},"_links":{"self":[{"href":"https:\/\/uj.adatbank.ro\/lexikon\/wp-json\/wp\/v2\/product\/5900","targetHints":{"allow":["GET"]}}],"collection":[{"href":"https:\/\/uj.adatbank.ro\/lexikon\/wp-json\/wp\/v2\/product"}],"about":[{"href":"https:\/\/uj.adatbank.ro\/lexikon\/wp-json\/wp\/v2\/types\/product"}],"replies":[{"embeddable":true,"href":"https:\/\/uj.adatbank.ro\/lexikon\/wp-json\/wp\/v2\/comments?post=5900"}],"wp:attachment":[{"href":"https:\/\/uj.adatbank.ro\/lexikon\/wp-json\/wp\/v2\/media?parent=5900"}],"wp:term":[{"taxonomy":"product_brand","embeddable":true,"href":"https:\/\/uj.adatbank.ro\/lexikon\/wp-json\/wp\/v2\/product_brand?post=5900"},{"taxonomy":"product_cat","embeddable":true,"href":"https:\/\/uj.adatbank.ro\/lexikon\/wp-json\/wp\/v2\/product_cat?post=5900"},{"taxonomy":"product_tag","embeddable":true,"href":"https:\/\/uj.adatbank.ro\/lexikon\/wp-json\/wp\/v2\/product_tag?post=5900"}],"curies":[{"name":"wp","href":"https:\/\/api.w.org\/{rel}","templated":true}]}}