{"id":5902,"date":"2025-06-28T17:33:29","date_gmt":"2025-06-28T15:33:29","guid":{"rendered":"https:\/\/uj.adatbank.ro\/lexikon\/termek\/czaran-erzsebet\/"},"modified":"2025-06-28T17:33:29","modified_gmt":"2025-06-28T15:33:29","slug":"czaran-erzsebet","status":"publish","type":"product","link":"https:\/\/uj.adatbank.ro\/lexikon\/termek\/czaran-erzsebet\/","title":{"rendered":"CZ\u00c1R\u00c1N Erzs\u00e9bet"},"content":{"rendered":"<p>1890.? \u2020\u00a0Mv., 1984.: f\u00f6ldbirtokos. \u2013 Birtokaik az Arad megyei Sepr\u0151s\u00f6n voltak. Mv.-re k\u00e9nyszerlakhelyre 59 \u00e9ves kor\u00e1ban hurcolt\u00e1k, a testv\u00e9reivel egy\u00fctt (1949). Az \u00e1llamos\u00edt\u00e1s ut\u00e1n csuh\u00e9talpk\u00e9sz\u00edt\u0151 Mv.-en. Eml\u00e9keinek t\u00f6red\u00e9k\u00e9t \u00edrta meg Eml\u00e9kkeres\u0151ben Sepr\u0151s hat\u00e1r\u00e1ban c. \u00edr\u00e1s\u00e1ban, jegyzetekkel kieg\u00e9sz\u00edtette dr. Pappsz\u00e1sz K\u00e1rolyn\u00e9. <br \/><strong>Irod.:<\/strong> Mik\u00f3; (N\u00fa., M\u00fazsa, 385. sz., 1999. m\u00e1rc. 13.)<\/br><\/p>\n","protected":false},"excerpt":{"rendered":"<p>1890.? \u2020\u00a0Mv., 1984.: f\u00f6ldbirtokos. \u2013 Birtokaik az Arad megyei Sepr\u0151s\u00f6n voltak. Mv.-re k\u00e9nyszerlakhelyre 59 \u00e9ves kor\u00e1ban hurcolt\u00e1k, a testv\u00e9reivel egy\u00fctt (1949). Az \u00e1llamos\u00edt\u00e1s ut\u00e1n csuh\u00e9talpk\u00e9sz\u00edt\u0151 Mv.-en. Eml\u00e9keinek t\u00f6red\u00e9k\u00e9t \u00edrta meg Eml\u00e9kkeres\u0151ben Sepr\u0151s hat\u00e1r\u00e1ban c. \u00edr\u00e1s\u00e1ban, jegyzetekkel kieg\u00e9sz\u00edtette dr. Pappsz\u00e1sz K\u00e1rolyn\u00e9. Irod.: Mik\u00f3; (N\u00fa., M\u00fazsa, 385. sz., 1999. m\u00e1rc. 13.)<\/p>\n","protected":false},"featured_media":0,"comment_status":"open","ping_status":"closed","template":"","meta":[],"product_brand":[],"product_cat":[137],"product_tag":[],"class_list":{"0":"post-5902","1":"product","2":"type-product","3":"status-publish","5":"product_cat-maros-megyei-eletrajzi-lexikon","7":"first","8":"instock","9":"shipping-taxable","10":"product-type-simple"},"_links":{"self":[{"href":"https:\/\/uj.adatbank.ro\/lexikon\/wp-json\/wp\/v2\/product\/5902","targetHints":{"allow":["GET"]}}],"collection":[{"href":"https:\/\/uj.adatbank.ro\/lexikon\/wp-json\/wp\/v2\/product"}],"about":[{"href":"https:\/\/uj.adatbank.ro\/lexikon\/wp-json\/wp\/v2\/types\/product"}],"replies":[{"embeddable":true,"href":"https:\/\/uj.adatbank.ro\/lexikon\/wp-json\/wp\/v2\/comments?post=5902"}],"wp:attachment":[{"href":"https:\/\/uj.adatbank.ro\/lexikon\/wp-json\/wp\/v2\/media?parent=5902"}],"wp:term":[{"taxonomy":"product_brand","embeddable":true,"href":"https:\/\/uj.adatbank.ro\/lexikon\/wp-json\/wp\/v2\/product_brand?post=5902"},{"taxonomy":"product_cat","embeddable":true,"href":"https:\/\/uj.adatbank.ro\/lexikon\/wp-json\/wp\/v2\/product_cat?post=5902"},{"taxonomy":"product_tag","embeddable":true,"href":"https:\/\/uj.adatbank.ro\/lexikon\/wp-json\/wp\/v2\/product_tag?post=5902"}],"curies":[{"name":"wp","href":"https:\/\/api.w.org\/{rel}","templated":true}]}}