{"id":5907,"date":"2025-06-28T17:33:39","date_gmt":"2025-06-28T15:33:39","guid":{"rendered":"https:\/\/uj.adatbank.ro\/lexikon\/termek\/czecz-adeodat\/"},"modified":"2025-06-28T17:33:39","modified_gmt":"2025-06-28T15:33:39","slug":"czecz-adeodat","status":"publish","type":"product","link":"https:\/\/uj.adatbank.ro\/lexikon\/termek\/czecz-adeodat\/","title":{"rendered":"CZECZ Adeod\u00e1t"},"content":{"rendered":"<p>1766.?, \u2020 Mv., 1867. szept. 5.: szamos\u00fajv\u00e1ri tan\u00e1csos. \u2013 Feles\u00e9ge: Keresztes Rebeka. Gyermekei: Cz. Istv\u00e1n, M\u00e1rton, Mikl\u00f3s, Katalin, \u00fcgyv\u00e9d Szentgy\u00f6rgyi Gy\u00f6rgyn\u00e9. <br \/><strong>Irod.:<\/strong> Gy\u00e1szjelent\u0151<\/br><\/p>\n","protected":false},"excerpt":{"rendered":"<p>1766.?, \u2020 Mv., 1867. szept. 5.: szamos\u00fajv\u00e1ri tan\u00e1csos. \u2013 Feles\u00e9ge: Keresztes Rebeka. Gyermekei: Cz. Istv\u00e1n, M\u00e1rton, Mikl\u00f3s, Katalin, \u00fcgyv\u00e9d Szentgy\u00f6rgyi Gy\u00f6rgyn\u00e9. Irod.: Gy\u00e1szjelent\u0151<\/p>\n","protected":false},"featured_media":0,"comment_status":"open","ping_status":"closed","template":"","meta":[],"product_brand":[],"product_cat":[137],"product_tag":[],"class_list":{"0":"post-5907","1":"product","2":"type-product","3":"status-publish","5":"product_cat-maros-megyei-eletrajzi-lexikon","7":"first","8":"instock","9":"shipping-taxable","10":"product-type-simple"},"_links":{"self":[{"href":"https:\/\/uj.adatbank.ro\/lexikon\/wp-json\/wp\/v2\/product\/5907","targetHints":{"allow":["GET"]}}],"collection":[{"href":"https:\/\/uj.adatbank.ro\/lexikon\/wp-json\/wp\/v2\/product"}],"about":[{"href":"https:\/\/uj.adatbank.ro\/lexikon\/wp-json\/wp\/v2\/types\/product"}],"replies":[{"embeddable":true,"href":"https:\/\/uj.adatbank.ro\/lexikon\/wp-json\/wp\/v2\/comments?post=5907"}],"wp:attachment":[{"href":"https:\/\/uj.adatbank.ro\/lexikon\/wp-json\/wp\/v2\/media?parent=5907"}],"wp:term":[{"taxonomy":"product_brand","embeddable":true,"href":"https:\/\/uj.adatbank.ro\/lexikon\/wp-json\/wp\/v2\/product_brand?post=5907"},{"taxonomy":"product_cat","embeddable":true,"href":"https:\/\/uj.adatbank.ro\/lexikon\/wp-json\/wp\/v2\/product_cat?post=5907"},{"taxonomy":"product_tag","embeddable":true,"href":"https:\/\/uj.adatbank.ro\/lexikon\/wp-json\/wp\/v2\/product_tag?post=5907"}],"curies":[{"name":"wp","href":"https:\/\/api.w.org\/{rel}","templated":true}]}}