{"id":5908,"date":"2025-06-28T17:33:41","date_gmt":"2025-06-28T15:33:41","guid":{"rendered":"https:\/\/uj.adatbank.ro\/lexikon\/termek\/czecz-marton-czetz-marton\/"},"modified":"2025-06-28T17:33:41","modified_gmt":"2025-06-28T15:33:41","slug":"czecz-marton-czetz-marton","status":"publish","type":"product","link":"https:\/\/uj.adatbank.ro\/lexikon\/termek\/czecz-marton-czetz-marton\/","title":{"rendered":"CZECZ M\u00e1rton, Czetz M\u00e1rton"},"content":{"rendered":"<p>? \u2020 1910. el\u0151tt ?: f\u00e9nyk\u00e9p\u00e9sz. \u2013 C. Adeod\u00e1t \u00e9s Keresztes Rebeka fia. Feles\u00e9ge: b\u00e9lafalvi B\u00edr\u00f3 M\u00e1ria (1835- Mv., 1910. j\u00fan. 2.). V\u00e1ndorf\u00e9nyk\u00e9p\u00e9szk\u00e9nt Mv.-en aj\u00e1lnta fel minden m\u00e9ret\u0171 k\u00e9pek k\u00e9sz\u00edt\u00e9s\u00e9t (1859), a daguerrotipi\u00e1k els\u0151 ismert k\u00e9sz\u00edt\u0151je itt. <br \/><strong>Irod.:<\/strong> Gy\u00e1szjelent\u0151; T\u00f6r\u00f6k G\u00e1sp\u00e1r: Visszapillant\u00e1s a fot\u00f3m\u0171v\u00e9szet v\u00e1s\u00e1rhelyi el\u0151zm\u00e9nyeire (N\u00fa., M\u00fazsa, 302. sz., 1997. j\u00fal. 11.)<\/br><\/p>\n","protected":false},"excerpt":{"rendered":"<p>? \u2020 1910. el\u0151tt ?: f\u00e9nyk\u00e9p\u00e9sz. \u2013 C. Adeod\u00e1t \u00e9s Keresztes Rebeka fia. Feles\u00e9ge: b\u00e9lafalvi B\u00edr\u00f3 M\u00e1ria (1835- Mv., 1910. j\u00fan. 2.). V\u00e1ndorf\u00e9nyk\u00e9p\u00e9szk\u00e9nt Mv.-en aj\u00e1lnta fel minden m\u00e9ret\u0171 k\u00e9pek k\u00e9sz\u00edt\u00e9s\u00e9t (1859), a daguerrotipi\u00e1k els\u0151 ismert k\u00e9sz\u00edt\u0151je itt. Irod.: Gy\u00e1szjelent\u0151; T\u00f6r\u00f6k G\u00e1sp\u00e1r: Visszapillant\u00e1s a fot\u00f3m\u0171v\u00e9szet v\u00e1s\u00e1rhelyi el\u0151zm\u00e9nyeire (N\u00fa., M\u00fazsa, 302. sz., 1997. j\u00fal. 11.)<\/p>\n","protected":false},"featured_media":0,"comment_status":"open","ping_status":"closed","template":"","meta":[],"product_brand":[],"product_cat":[137],"product_tag":[],"class_list":{"0":"post-5908","1":"product","2":"type-product","3":"status-publish","5":"product_cat-maros-megyei-eletrajzi-lexikon","7":"first","8":"instock","9":"shipping-taxable","10":"product-type-simple"},"_links":{"self":[{"href":"https:\/\/uj.adatbank.ro\/lexikon\/wp-json\/wp\/v2\/product\/5908","targetHints":{"allow":["GET"]}}],"collection":[{"href":"https:\/\/uj.adatbank.ro\/lexikon\/wp-json\/wp\/v2\/product"}],"about":[{"href":"https:\/\/uj.adatbank.ro\/lexikon\/wp-json\/wp\/v2\/types\/product"}],"replies":[{"embeddable":true,"href":"https:\/\/uj.adatbank.ro\/lexikon\/wp-json\/wp\/v2\/comments?post=5908"}],"wp:attachment":[{"href":"https:\/\/uj.adatbank.ro\/lexikon\/wp-json\/wp\/v2\/media?parent=5908"}],"wp:term":[{"taxonomy":"product_brand","embeddable":true,"href":"https:\/\/uj.adatbank.ro\/lexikon\/wp-json\/wp\/v2\/product_brand?post=5908"},{"taxonomy":"product_cat","embeddable":true,"href":"https:\/\/uj.adatbank.ro\/lexikon\/wp-json\/wp\/v2\/product_cat?post=5908"},{"taxonomy":"product_tag","embeddable":true,"href":"https:\/\/uj.adatbank.ro\/lexikon\/wp-json\/wp\/v2\/product_tag?post=5908"}],"curies":[{"name":"wp","href":"https:\/\/api.w.org\/{rel}","templated":true}]}}