{"id":5912,"date":"2025-06-28T17:33:48","date_gmt":"2025-06-28T15:33:48","guid":{"rendered":"https:\/\/uj.adatbank.ro\/lexikon\/termek\/czegeni-jozsef\/"},"modified":"2025-06-28T17:33:48","modified_gmt":"2025-06-28T15:33:48","slug":"czegeni-jozsef","status":"publish","type":"product","link":"https:\/\/uj.adatbank.ro\/lexikon\/termek\/czegeni-jozsef\/","title":{"rendered":"CZ\u00c9GENI J\u00f3zsef"},"content":{"rendered":"<p>Kv., 1933., \u2020 Mv., 1989. dec. 4. A H\u00e1zsong\u00e1rdi temet\u0151ben nyugszik: k\u00e9mikus, tudom\u00e1nyos k\u00f6z\u00edr\u00f3. \u2013 A Kv.-i BTE szervesk\u00e9mia szak\u00e1n v\u00e9gzett (1958). A MOGYI K\u00e9miai Tansz\u00e9k\u00e9nek, a Farmakogn\u00f3zia munkat\u00e1rsa (1958\u201359), el\u0151bb gyakornok, tan\u00e1rseg\u00e9d (1959\u201380), majd a Metalotechnika Iskolak\u00f6zpont tan\u00e1ra hal\u00e1l\u00e1ig. K\u00f6z\u00f6lt az Orvosi Szemle, Revista de fizic\u0103 \u015fi Chimie, Revista Medical\u0103, Tett stb. c. foly\u00f3iratokban tudom\u00e1nyn\u00e9pszer\u0171s\u00edt\u0151 cikkeket, ugyanakkor a V. Z. k\u00fclmunkat\u00e1rsa \u00e9s tudom\u00e1nyos k\u00f6z\u00edr\u00f3ja, tudom\u00e1nyn\u00e9pszer\u0171s\u00edt\u0151 el\u0151ad\u00e1sokat is tartott rendszeresen a mv.-i M\u0171vel\u0151d\u00e9si \u00e9s Tudom\u00e1nyos Egyetemen. A H\u00e9t Berde \u00c1ron d\u00edj\u00e1t nyeri el (1975). \u2013 <strong>F. m.:<\/strong> <strong>t\u00e1rssz.:<\/strong> Curs de chimie organic\u0103 (Buc., 1965); Farmacopeea Rom\u00e2n\u0103 (Buc., 1965); \u00cendrum\u0103tor de lucr\u0103ri practice de chimie organic\u0103 (Tg. M., 1967). <br \/><strong>Irod.:<\/strong> Facultatea de Farmacie; Genersich; Id\u0151t\u00e1r 4; Mv.-i Gy\u00f3gyszer\u00e9szeti Kar; [Nekrol\u00f3g] (V. Z., 1989. dec. 6.); Tett (1977. 3. sz.); Todea\u2013F\u00fcl\u00f6p\u2013Avram<\/br><\/p>\n","protected":false},"excerpt":{"rendered":"<p>Kv., 1933., \u2020 Mv., 1989. dec. 4. A H\u00e1zsong\u00e1rdi temet\u0151ben nyugszik: k\u00e9mikus, tudom\u00e1nyos k\u00f6z\u00edr\u00f3. \u2013 A Kv.-i BTE szervesk\u00e9mia szak\u00e1n v\u00e9gzett (1958). A MOGYI K\u00e9miai Tansz\u00e9k\u00e9nek, a Farmakogn\u00f3zia munkat\u00e1rsa (1958\u201359), el\u0151bb gyakornok, tan\u00e1rseg\u00e9d (1959\u201380), majd a Metalotechnika Iskolak\u00f6zpont tan\u00e1ra hal\u00e1l\u00e1ig. K\u00f6z\u00f6lt az Orvosi Szemle, Revista de fizic\u0103 \u015fi Chimie, Revista Medical\u0103, Tett stb. c. foly\u00f3iratokban [&hellip;]<\/p>\n","protected":false},"featured_media":0,"comment_status":"open","ping_status":"closed","template":"","meta":[],"product_brand":[],"product_cat":[137],"product_tag":[],"class_list":{"0":"post-5912","1":"product","2":"type-product","3":"status-publish","5":"product_cat-maros-megyei-eletrajzi-lexikon","7":"first","8":"instock","9":"shipping-taxable","10":"product-type-simple"},"_links":{"self":[{"href":"https:\/\/uj.adatbank.ro\/lexikon\/wp-json\/wp\/v2\/product\/5912","targetHints":{"allow":["GET"]}}],"collection":[{"href":"https:\/\/uj.adatbank.ro\/lexikon\/wp-json\/wp\/v2\/product"}],"about":[{"href":"https:\/\/uj.adatbank.ro\/lexikon\/wp-json\/wp\/v2\/types\/product"}],"replies":[{"embeddable":true,"href":"https:\/\/uj.adatbank.ro\/lexikon\/wp-json\/wp\/v2\/comments?post=5912"}],"wp:attachment":[{"href":"https:\/\/uj.adatbank.ro\/lexikon\/wp-json\/wp\/v2\/media?parent=5912"}],"wp:term":[{"taxonomy":"product_brand","embeddable":true,"href":"https:\/\/uj.adatbank.ro\/lexikon\/wp-json\/wp\/v2\/product_brand?post=5912"},{"taxonomy":"product_cat","embeddable":true,"href":"https:\/\/uj.adatbank.ro\/lexikon\/wp-json\/wp\/v2\/product_cat?post=5912"},{"taxonomy":"product_tag","embeddable":true,"href":"https:\/\/uj.adatbank.ro\/lexikon\/wp-json\/wp\/v2\/product_tag?post=5912"}],"curies":[{"name":"wp","href":"https:\/\/api.w.org\/{rel}","templated":true}]}}