{"id":5921,"date":"2025-06-28T17:34:08","date_gmt":"2025-06-28T15:34:08","guid":{"rendered":"https:\/\/uj.adatbank.ro\/lexikon\/termek\/czekelius-pal\/"},"modified":"2025-06-28T17:34:08","modified_gmt":"2025-06-28T15:34:08","slug":"czekelius-pal","status":"publish","type":"product","link":"https:\/\/uj.adatbank.ro\/lexikon\/termek\/czekelius-pal\/","title":{"rendered":"CZEKELIUS P\u00e1l"},"content":{"rendered":"<p>Keresd, ? \u2020\u00a0? : gimn. tanul\u00f3. \u2013 A boroszl\u00f3i Gimn. n\u00f6vend\u00e9ke 1682 k\u00f6r\u00fcl. Ottani tan\u00e1r\u00e1t \u00fcdv\u00f6zl\u0151 verse a RMK III. 3172 (Brieg. 1682) sz. m\u0171ben. <br \/><strong>Irod.:<\/strong> Guly\u00e1s<\/br><\/p>\n","protected":false},"excerpt":{"rendered":"<p>Keresd, ? \u2020\u00a0? : gimn. tanul\u00f3. \u2013 A boroszl\u00f3i Gimn. n\u00f6vend\u00e9ke 1682 k\u00f6r\u00fcl. Ottani tan\u00e1r\u00e1t \u00fcdv\u00f6zl\u0151 verse a RMK III. 3172 (Brieg. 1682) sz. m\u0171ben. Irod.: Guly\u00e1s<\/p>\n","protected":false},"featured_media":0,"comment_status":"open","ping_status":"closed","template":"","meta":[],"product_brand":[],"product_cat":[137],"product_tag":[],"class_list":{"0":"post-5921","1":"product","2":"type-product","3":"status-publish","5":"product_cat-maros-megyei-eletrajzi-lexikon","7":"first","8":"instock","9":"shipping-taxable","10":"product-type-simple"},"_links":{"self":[{"href":"https:\/\/uj.adatbank.ro\/lexikon\/wp-json\/wp\/v2\/product\/5921","targetHints":{"allow":["GET"]}}],"collection":[{"href":"https:\/\/uj.adatbank.ro\/lexikon\/wp-json\/wp\/v2\/product"}],"about":[{"href":"https:\/\/uj.adatbank.ro\/lexikon\/wp-json\/wp\/v2\/types\/product"}],"replies":[{"embeddable":true,"href":"https:\/\/uj.adatbank.ro\/lexikon\/wp-json\/wp\/v2\/comments?post=5921"}],"wp:attachment":[{"href":"https:\/\/uj.adatbank.ro\/lexikon\/wp-json\/wp\/v2\/media?parent=5921"}],"wp:term":[{"taxonomy":"product_brand","embeddable":true,"href":"https:\/\/uj.adatbank.ro\/lexikon\/wp-json\/wp\/v2\/product_brand?post=5921"},{"taxonomy":"product_cat","embeddable":true,"href":"https:\/\/uj.adatbank.ro\/lexikon\/wp-json\/wp\/v2\/product_cat?post=5921"},{"taxonomy":"product_tag","embeddable":true,"href":"https:\/\/uj.adatbank.ro\/lexikon\/wp-json\/wp\/v2\/product_tag?post=5921"}],"curies":[{"name":"wp","href":"https:\/\/api.w.org\/{rel}","templated":true}]}}