{"id":5926,"date":"2025-06-28T17:34:20","date_gmt":"2025-06-28T15:34:20","guid":{"rendered":"https:\/\/uj.adatbank.ro\/lexikon\/termek\/czetter-samuel-tzetter-samuel\/"},"modified":"2025-06-28T17:34:20","modified_gmt":"2025-06-28T15:34:20","slug":"czetter-samuel-tzetter-samuel","status":"publish","type":"product","link":"https:\/\/uj.adatbank.ro\/lexikon\/termek\/czetter-samuel-tzetter-samuel\/","title":{"rendered":"CZETTER S\u00e1muel, Tzetter S\u00e1muel"},"content":{"rendered":"<p>Orosh\u00e1za, 1770. t\u00e1j\u00e1n \u2020\u00a0?: k\u00f6nyvjegy metsz\u0151. \u2013 Egyike volt a legjobb 18. sz.-i metsz\u0151knek. \u0150 k\u00e9sz\u00edtette Teleki S\u00e1mueln\u00e9 Bethlen Zsuzs\u00e1nna ex librisz\u00e9t. F\u0151k\u00e9nt B\u00e9csben dolgozott. Ott metszette r\u00e9zbe Teleki S\u00e1muelnek azt az arck\u00e9p\u00e9t, amely a gr. k\u00f6nyvjegyz\u00e9k\u00e9nek els\u0151 r\u00e9sz\u00e9ben jelent meg. <br \/><strong>Irod.:<\/strong> Sikl\u00f3ssy L\u00e1szl\u00f3<\/br><\/p>\n","protected":false},"excerpt":{"rendered":"<p>Orosh\u00e1za, 1770. t\u00e1j\u00e1n \u2020\u00a0?: k\u00f6nyvjegy metsz\u0151. \u2013 Egyike volt a legjobb 18. sz.-i metsz\u0151knek. \u0150 k\u00e9sz\u00edtette Teleki S\u00e1mueln\u00e9 Bethlen Zsuzs\u00e1nna ex librisz\u00e9t. F\u0151k\u00e9nt B\u00e9csben dolgozott. Ott metszette r\u00e9zbe Teleki S\u00e1muelnek azt az arck\u00e9p\u00e9t, amely a gr. k\u00f6nyvjegyz\u00e9k\u00e9nek els\u0151 r\u00e9sz\u00e9ben jelent meg. Irod.: Sikl\u00f3ssy L\u00e1szl\u00f3<\/p>\n","protected":false},"featured_media":0,"comment_status":"open","ping_status":"closed","template":"","meta":[],"product_brand":[],"product_cat":[137],"product_tag":[],"class_list":{"0":"post-5926","1":"product","2":"type-product","3":"status-publish","5":"product_cat-maros-megyei-eletrajzi-lexikon","7":"first","8":"instock","9":"shipping-taxable","10":"product-type-simple"},"_links":{"self":[{"href":"https:\/\/uj.adatbank.ro\/lexikon\/wp-json\/wp\/v2\/product\/5926","targetHints":{"allow":["GET"]}}],"collection":[{"href":"https:\/\/uj.adatbank.ro\/lexikon\/wp-json\/wp\/v2\/product"}],"about":[{"href":"https:\/\/uj.adatbank.ro\/lexikon\/wp-json\/wp\/v2\/types\/product"}],"replies":[{"embeddable":true,"href":"https:\/\/uj.adatbank.ro\/lexikon\/wp-json\/wp\/v2\/comments?post=5926"}],"wp:attachment":[{"href":"https:\/\/uj.adatbank.ro\/lexikon\/wp-json\/wp\/v2\/media?parent=5926"}],"wp:term":[{"taxonomy":"product_brand","embeddable":true,"href":"https:\/\/uj.adatbank.ro\/lexikon\/wp-json\/wp\/v2\/product_brand?post=5926"},{"taxonomy":"product_cat","embeddable":true,"href":"https:\/\/uj.adatbank.ro\/lexikon\/wp-json\/wp\/v2\/product_cat?post=5926"},{"taxonomy":"product_tag","embeddable":true,"href":"https:\/\/uj.adatbank.ro\/lexikon\/wp-json\/wp\/v2\/product_tag?post=5926"}],"curies":[{"name":"wp","href":"https:\/\/api.w.org\/{rel}","templated":true}]}}