{"id":5931,"date":"2025-06-28T17:34:30","date_gmt":"2025-06-28T15:34:30","guid":{"rendered":"https:\/\/uj.adatbank.ro\/lexikon\/termek\/czikeli-friedrich\/"},"modified":"2025-06-28T17:34:30","modified_gmt":"2025-06-28T15:34:30","slug":"czikeli-friedrich","status":"publish","type":"product","link":"https:\/\/uj.adatbank.ro\/lexikon\/termek\/czikeli-friedrich\/","title":{"rendered":"CZIKELI Friedrich"},"content":{"rendered":"<p>Nagyszeben, 1884. febr. 11., \u2020\u00a0Freilassing, 1965. aug. 2.: tan\u00e1r. \u2013 Apja keresked\u0151. \u2013 A szebeni ev. gimn.-ban \u00e9retts\u00e9gizett. Egyetemen tanult Berlinben a Hittud. Karon (1904\u201306), a z\u00fcrichi egy. B\u00f6lcs. Kar\u00e1n (195\u201306) \u00e9s Hall\u00e9ban. Tan\u00edtott a szebeni ev. gimn.-ban ill. re\u00e1liskol\u00e1ban (1906\u201307), helyettes\u00edt\u0151 tan\u00e1r az ev. polg\u00e1ri le\u00e1nyiskol\u00e1ban (\u20131912). Tan\u00e1r: a sz\u00e1szr\u00e9geni ev. polg. le\u00e1nyiskol\u00e1ban (\u20131921), a segesv\u00e1ri tan\u00edt\u00f3k\u00e9pz\u0151ben (\u20131948), helyettes\u00edt\u0151 tan\u00e1r a szent\u00e1gotai elemi iskol\u00e1ban (\u20131950), lelk\u00e9sz Segesv\u00e1ron (1951\u201357), Trapoldon (1957\u201358), Freilassigba k\u00f6lt\u00f6z\u00f6tt (1959). <br \/><strong>Irod.:<\/strong> Szab\u00f3\u2013Simon\u2013Sz\u00f6gi<\/br><\/p>\n","protected":false},"excerpt":{"rendered":"<p>Nagyszeben, 1884. febr. 11., \u2020\u00a0Freilassing, 1965. aug. 2.: tan\u00e1r. \u2013 Apja keresked\u0151. \u2013 A szebeni ev. gimn.-ban \u00e9retts\u00e9gizett. Egyetemen tanult Berlinben a Hittud. Karon (1904\u201306), a z\u00fcrichi egy. B\u00f6lcs. Kar\u00e1n (195\u201306) \u00e9s Hall\u00e9ban. Tan\u00edtott a szebeni ev. gimn.-ban ill. re\u00e1liskol\u00e1ban (1906\u201307), helyettes\u00edt\u0151 tan\u00e1r az ev. polg\u00e1ri le\u00e1nyiskol\u00e1ban (\u20131912). Tan\u00e1r: a sz\u00e1szr\u00e9geni ev. polg. le\u00e1nyiskol\u00e1ban (\u20131921), [&hellip;]<\/p>\n","protected":false},"featured_media":0,"comment_status":"open","ping_status":"closed","template":"","meta":[],"product_brand":[],"product_cat":[137],"product_tag":[],"class_list":{"0":"post-5931","1":"product","2":"type-product","3":"status-publish","5":"product_cat-maros-megyei-eletrajzi-lexikon","7":"first","8":"instock","9":"shipping-taxable","10":"product-type-simple"},"_links":{"self":[{"href":"https:\/\/uj.adatbank.ro\/lexikon\/wp-json\/wp\/v2\/product\/5931","targetHints":{"allow":["GET"]}}],"collection":[{"href":"https:\/\/uj.adatbank.ro\/lexikon\/wp-json\/wp\/v2\/product"}],"about":[{"href":"https:\/\/uj.adatbank.ro\/lexikon\/wp-json\/wp\/v2\/types\/product"}],"replies":[{"embeddable":true,"href":"https:\/\/uj.adatbank.ro\/lexikon\/wp-json\/wp\/v2\/comments?post=5931"}],"wp:attachment":[{"href":"https:\/\/uj.adatbank.ro\/lexikon\/wp-json\/wp\/v2\/media?parent=5931"}],"wp:term":[{"taxonomy":"product_brand","embeddable":true,"href":"https:\/\/uj.adatbank.ro\/lexikon\/wp-json\/wp\/v2\/product_brand?post=5931"},{"taxonomy":"product_cat","embeddable":true,"href":"https:\/\/uj.adatbank.ro\/lexikon\/wp-json\/wp\/v2\/product_cat?post=5931"},{"taxonomy":"product_tag","embeddable":true,"href":"https:\/\/uj.adatbank.ro\/lexikon\/wp-json\/wp\/v2\/product_tag?post=5931"}],"curies":[{"name":"wp","href":"https:\/\/api.w.org\/{rel}","templated":true}]}}