{"id":5932,"date":"2025-06-28T17:34:31","date_gmt":"2025-06-28T15:34:31","guid":{"rendered":"https:\/\/uj.adatbank.ro\/lexikon\/termek\/czikeli-laszlo-%c2%a7\/"},"modified":"2025-06-28T17:34:31","modified_gmt":"2025-06-28T15:34:31","slug":"czikeli-laszlo-%c2%a7","status":"publish","type":"product","link":"https:\/\/uj.adatbank.ro\/lexikon\/termek\/czikeli-laszlo-%c2%a7\/","title":{"rendered":"CZIK\u00c9LI L\u00e1szl\u00f3, \u00a7"},"content":{"rendered":"<p>Buk., 1934. j\u00fal. 31., \u2020\u00a02007. j\u00fan. 1.: sz\u00edn\u00e9sz. \u2013 Kv.-on g\u00e9pipari- \u00e9s villamoss\u00e1gi szakiskol\u00e1t v\u00e9gzett (1951), majd m\u0171szaki rajzol\u00f3k\u00e9nt dolgozott. A mv.-i Szentgy\u00f6rgyi Istv\u00e1n Sz\u00ednm\u0171v\u00e9szeti Int\u00e9zetben v\u00e9gzett (1961) \u00e9s a mv.-i \u00c1llami Sz\u00ednh\u00e1z tagja lett (1961\u201368). A nagyv\u00e1radi \u00c1llami Sz\u00ednh\u00e1z m. tagozat\u00e1nak sz\u00edn\u00e9sze (1968\u201376), a kv.-i \u00c1llami M. Sz\u00ednh\u00e1zban j\u00e1tszott (1976\u201387), majd a veszpr\u00e9mi Pet\u0151fi Sz\u00ednh\u00e1z m\u0171v\u00e9sze lett. T\u00f6bb filmben szerepelt. \u2013 <strong>F. sz.:<\/strong> Ernst (Fr. Wolf: Mamlock professzor); Gyurk\u00f3 (Karvas: \u00c9jf\u00e9li mise); Traian (Mu\u015fatescu: Titanic kering\u0151); Melcu (Baranga: \u00c1d\u00e1m \u00e9s \u00c9va); Sturzu (Everac: L\u00e1thatatlan staf\u00e9ta); Trotu\u015fan (Lovinescu: Petru Rares); Pista (S\u00fct\u0151: Pomp\u00e1s Gedeon); Pablo (T. Williams: A v\u00e1gy villamosa); Zsiga (Cs\u00e1vossy-Komzsik: A f\u00fcl); Klescs (Gorkij: \u00c9jjeli mened\u00e9khely); Angelo (Shakespeare: T\u00e9ved\u00e9sek vigj\u00e1t\u00e9ka); Viktor (Zorin: Vars\u00f3i mel\u00f3dia); Tyrone (E. O\u2019Neill: Boldogtalan hold); Slim (Steinbeck: Egerek \u00e9s emberek); Nagelschmidt (S\u00fct\u0151 Andr\u00e1s: Egy l\u00f3csisz\u00e1r vir\u00e1gvas\u00e1rnapja); Aba S\u00e1muel (Sik S\u00e1ndor: Istv\u00e1n kir\u00e1ly); IV. B\u00e9la (Kocsis I.: \u00c1rp\u00e1d-h\u00e1zi Szent Margit); Loriot \u0151rmester (Herv\u00e9: Neb\u00e1ncsvir\u00e1g) <strong>F. f.:<\/strong>: It\u00e9let, Lup\u00e9ny 29. <br \/><strong>Irod.:<\/strong> Id\u0151t\u00e1r 4; Katona Szab\u00f3 Istv\u00e1n: Az \u00daj \u00c9let lexikona, 31 (\u00daj \u00c9let, 19. sz., 1971); Sz. L.: Egy sz\u00edn\u00e9sz be\u00e9rett (\u00daj \u00c9let, 24. sz., 1975.)<\/br><\/p>\n","protected":false},"excerpt":{"rendered":"<p>Buk., 1934. j\u00fal. 31., \u2020\u00a02007. j\u00fan. 1.: sz\u00edn\u00e9sz. \u2013 Kv.-on g\u00e9pipari- \u00e9s villamoss\u00e1gi szakiskol\u00e1t v\u00e9gzett (1951), majd m\u0171szaki rajzol\u00f3k\u00e9nt dolgozott. A mv.-i Szentgy\u00f6rgyi Istv\u00e1n Sz\u00ednm\u0171v\u00e9szeti Int\u00e9zetben v\u00e9gzett (1961) \u00e9s a mv.-i \u00c1llami Sz\u00ednh\u00e1z tagja lett (1961\u201368). A nagyv\u00e1radi \u00c1llami Sz\u00ednh\u00e1z m. tagozat\u00e1nak sz\u00edn\u00e9sze (1968\u201376), a kv.-i \u00c1llami M. Sz\u00ednh\u00e1zban j\u00e1tszott (1976\u201387), majd a veszpr\u00e9mi Pet\u0151fi [&hellip;]<\/p>\n","protected":false},"featured_media":0,"comment_status":"open","ping_status":"closed","template":"","meta":[],"product_brand":[],"product_cat":[137],"product_tag":[],"class_list":{"0":"post-5932","1":"product","2":"type-product","3":"status-publish","5":"product_cat-maros-megyei-eletrajzi-lexikon","7":"first","8":"instock","9":"shipping-taxable","10":"product-type-simple"},"_links":{"self":[{"href":"https:\/\/uj.adatbank.ro\/lexikon\/wp-json\/wp\/v2\/product\/5932","targetHints":{"allow":["GET"]}}],"collection":[{"href":"https:\/\/uj.adatbank.ro\/lexikon\/wp-json\/wp\/v2\/product"}],"about":[{"href":"https:\/\/uj.adatbank.ro\/lexikon\/wp-json\/wp\/v2\/types\/product"}],"replies":[{"embeddable":true,"href":"https:\/\/uj.adatbank.ro\/lexikon\/wp-json\/wp\/v2\/comments?post=5932"}],"wp:attachment":[{"href":"https:\/\/uj.adatbank.ro\/lexikon\/wp-json\/wp\/v2\/media?parent=5932"}],"wp:term":[{"taxonomy":"product_brand","embeddable":true,"href":"https:\/\/uj.adatbank.ro\/lexikon\/wp-json\/wp\/v2\/product_brand?post=5932"},{"taxonomy":"product_cat","embeddable":true,"href":"https:\/\/uj.adatbank.ro\/lexikon\/wp-json\/wp\/v2\/product_cat?post=5932"},{"taxonomy":"product_tag","embeddable":true,"href":"https:\/\/uj.adatbank.ro\/lexikon\/wp-json\/wp\/v2\/product_tag?post=5932"}],"curies":[{"name":"wp","href":"https:\/\/api.w.org\/{rel}","templated":true}]}}