{"id":5933,"date":"2025-06-28T17:34:32","date_gmt":"2025-06-28T15:34:32","guid":{"rendered":"https:\/\/uj.adatbank.ro\/lexikon\/termek\/czikes-stephan-franz\/"},"modified":"2025-06-28T17:34:32","modified_gmt":"2025-06-28T15:34:32","slug":"czikes-stephan-franz","status":"publish","type":"product","link":"https:\/\/uj.adatbank.ro\/lexikon\/termek\/czikes-stephan-franz\/","title":{"rendered":"CZIKES Stephan Franz"},"content":{"rendered":"<p>Segesv\u00e1r, ? \u2020 Sz\u00e1sz\u00f6rm\u00e9nyes, 1826.: tan\u00e1r. \u2013 T\u00fcbingenben teol\u00f3giai tanulm\u00e1nyokat folytatott (1904). Tan\u00e1r Segesv\u00e1ron; lelk\u00e9sz Sz\u00e1sz\u00f6rm\u00e9nyesen. <br \/><strong>Irod.:<\/strong> Szab\u00f3\u2013Sz\u00f6gi<\/br><\/p>\n","protected":false},"excerpt":{"rendered":"<p>Segesv\u00e1r, ? \u2020 Sz\u00e1sz\u00f6rm\u00e9nyes, 1826.: tan\u00e1r. \u2013 T\u00fcbingenben teol\u00f3giai tanulm\u00e1nyokat folytatott (1904). Tan\u00e1r Segesv\u00e1ron; lelk\u00e9sz Sz\u00e1sz\u00f6rm\u00e9nyesen. Irod.: Szab\u00f3\u2013Sz\u00f6gi<\/p>\n","protected":false},"featured_media":0,"comment_status":"open","ping_status":"closed","template":"","meta":[],"product_brand":[],"product_cat":[137],"product_tag":[],"class_list":{"0":"post-5933","1":"product","2":"type-product","3":"status-publish","5":"product_cat-maros-megyei-eletrajzi-lexikon","7":"first","8":"instock","9":"shipping-taxable","10":"product-type-simple"},"_links":{"self":[{"href":"https:\/\/uj.adatbank.ro\/lexikon\/wp-json\/wp\/v2\/product\/5933","targetHints":{"allow":["GET"]}}],"collection":[{"href":"https:\/\/uj.adatbank.ro\/lexikon\/wp-json\/wp\/v2\/product"}],"about":[{"href":"https:\/\/uj.adatbank.ro\/lexikon\/wp-json\/wp\/v2\/types\/product"}],"replies":[{"embeddable":true,"href":"https:\/\/uj.adatbank.ro\/lexikon\/wp-json\/wp\/v2\/comments?post=5933"}],"wp:attachment":[{"href":"https:\/\/uj.adatbank.ro\/lexikon\/wp-json\/wp\/v2\/media?parent=5933"}],"wp:term":[{"taxonomy":"product_brand","embeddable":true,"href":"https:\/\/uj.adatbank.ro\/lexikon\/wp-json\/wp\/v2\/product_brand?post=5933"},{"taxonomy":"product_cat","embeddable":true,"href":"https:\/\/uj.adatbank.ro\/lexikon\/wp-json\/wp\/v2\/product_cat?post=5933"},{"taxonomy":"product_tag","embeddable":true,"href":"https:\/\/uj.adatbank.ro\/lexikon\/wp-json\/wp\/v2\/product_tag?post=5933"}],"curies":[{"name":"wp","href":"https:\/\/api.w.org\/{rel}","templated":true}]}}