{"id":5934,"date":"2025-06-28T17:34:34","date_gmt":"2025-06-28T15:34:34","guid":{"rendered":"https:\/\/uj.adatbank.ro\/lexikon\/termek\/czimbalmos-jozsef\/"},"modified":"2025-06-28T17:34:34","modified_gmt":"2025-06-28T15:34:34","slug":"czimbalmos-jozsef","status":"publish","type":"product","link":"https:\/\/uj.adatbank.ro\/lexikon\/termek\/czimbalmos-jozsef\/","title":{"rendered":"CZIMBALMOS J\u00f3zsef"},"content":{"rendered":"<p>Gyergy\u00f3sz\u00e1rhegy, 1872. m\u00e1rc. 12., \u2020\u00a01929. m\u00e1rc. 12.: lelk\u00e9sz, tan\u00e1r. \u2013 A gimn. -ot Mv.-en \u00e9s Sz\u00e9kelyudvarhelyen, a teol\u00f3giai tanulm\u00e1nyait Gyulafeh\u00e9rv\u00e1ron v\u00e9gezte, papp\u00e1 szentelt\u00e9k (1895. j\u00fal. 14.). Kv.-on tov\u00e1bb tanult. Tan\u00e1r Gyulafeh\u00e9rv\u00e1ron (1898). A mv.-i R. K. Gimn. matematika-fizika szakos tan\u00e1ra (1900\u2013). 30 \u00e9ves tan\u00e1ri p\u00e1lyafut\u00e1s\u00e1t meg\u00fcnnepelt\u00e9k, a p\u00fcsp\u00f6k c\u00edmzetes f\u0151gimn.-i igazgat\u00f3v\u00e1 nevezte ki (1928). 100 ezer lejt adom\u00e1nyozott a f\u0151gimn. megment\u00e9s\u00e9re. Cikke a mv.-i R. K. F\u0151gimn\u00e1zium \u00c9rtes\u00edt\u0151j\u00e9ben (1912. A Fi\u00fanevel\u0151 Int\u00e9zet 200 \u00e9. t\u00f6rt.), Az Erd\u00e9lyi R. K. St\u00e1tus Tan\u00e1rai XI. Kongresszus\u00e1nak \u00e9vk\u00f6nyve (Mv., 1906). \u2013 <strong>F. m.:<\/strong> K\u00e9pek a Mv.-i F\u0151gimn\u00e1zium m\u00faltj\u00e1b\u00f3l (Mv., 1928); <strong>t\u00e1rssz.:<\/strong> A matematikai k\u00f6nyvek ismertet\u00e9se =2023. j\u00fal. 10. Az Erd\u00e9lyi R. K. Status Tan\u00e1rai XI. Kongresszus\u00e1nak evk\u00f6nyve (Mv., 1906). <br \/><strong>Irod.:<\/strong> Az Erd\u00e9lyi R. K. St\u00e1tus tan\u00e1rai XV. Kongresszus\u00e1nak \u00e9vk\u00f6nyve (Gyulafeh\u00e9rv\u00e1r, 1911); Ferenczi S\u00e1ndor 2009; Guly\u00e1s; Id\u0151t\u00e1r 3<\/br><\/p>\n","protected":false},"excerpt":{"rendered":"<p>Gyergy\u00f3sz\u00e1rhegy, 1872. m\u00e1rc. 12., \u2020\u00a01929. m\u00e1rc. 12.: lelk\u00e9sz, tan\u00e1r. \u2013 A gimn. -ot Mv.-en \u00e9s Sz\u00e9kelyudvarhelyen, a teol\u00f3giai tanulm\u00e1nyait Gyulafeh\u00e9rv\u00e1ron v\u00e9gezte, papp\u00e1 szentelt\u00e9k (1895. j\u00fal. 14.). Kv.-on tov\u00e1bb tanult. Tan\u00e1r Gyulafeh\u00e9rv\u00e1ron (1898). A mv.-i R. K. Gimn. matematika-fizika szakos tan\u00e1ra (1900\u2013). 30 \u00e9ves tan\u00e1ri p\u00e1lyafut\u00e1s\u00e1t meg\u00fcnnepelt\u00e9k, a p\u00fcsp\u00f6k c\u00edmzetes f\u0151gimn.-i igazgat\u00f3v\u00e1 nevezte ki (1928). 100 [&hellip;]<\/p>\n","protected":false},"featured_media":0,"comment_status":"open","ping_status":"closed","template":"","meta":[],"product_brand":[],"product_cat":[137],"product_tag":[],"class_list":{"0":"post-5934","1":"product","2":"type-product","3":"status-publish","5":"product_cat-maros-megyei-eletrajzi-lexikon","7":"first","8":"instock","9":"shipping-taxable","10":"product-type-simple"},"_links":{"self":[{"href":"https:\/\/uj.adatbank.ro\/lexikon\/wp-json\/wp\/v2\/product\/5934","targetHints":{"allow":["GET"]}}],"collection":[{"href":"https:\/\/uj.adatbank.ro\/lexikon\/wp-json\/wp\/v2\/product"}],"about":[{"href":"https:\/\/uj.adatbank.ro\/lexikon\/wp-json\/wp\/v2\/types\/product"}],"replies":[{"embeddable":true,"href":"https:\/\/uj.adatbank.ro\/lexikon\/wp-json\/wp\/v2\/comments?post=5934"}],"wp:attachment":[{"href":"https:\/\/uj.adatbank.ro\/lexikon\/wp-json\/wp\/v2\/media?parent=5934"}],"wp:term":[{"taxonomy":"product_brand","embeddable":true,"href":"https:\/\/uj.adatbank.ro\/lexikon\/wp-json\/wp\/v2\/product_brand?post=5934"},{"taxonomy":"product_cat","embeddable":true,"href":"https:\/\/uj.adatbank.ro\/lexikon\/wp-json\/wp\/v2\/product_cat?post=5934"},{"taxonomy":"product_tag","embeddable":true,"href":"https:\/\/uj.adatbank.ro\/lexikon\/wp-json\/wp\/v2\/product_tag?post=5934"}],"curies":[{"name":"wp","href":"https:\/\/api.w.org\/{rel}","templated":true}]}}