{"id":5936,"date":"2025-06-28T17:34:36","date_gmt":"2025-06-28T15:34:36","guid":{"rendered":"https:\/\/uj.adatbank.ro\/lexikon\/termek\/cziriel-sandor-ignac-p\/"},"modified":"2025-06-28T17:34:36","modified_gmt":"2025-06-28T15:34:36","slug":"cziriel-sandor-ignac-p","status":"publish","type":"product","link":"https:\/\/uj.adatbank.ro\/lexikon\/termek\/cziriel-sandor-ignac-p\/","title":{"rendered":"CZIRIEL S\u00e1ndor Ign\u00e1c, P."},"content":{"rendered":"<p>Cs\u00edkmindszent, 1818. aug. 12., \u2020 G\u00f6rg\u00e9nyszentimre, 1853. \u00e1pr. 22.: r. k. k\u00e1pl\u00e1n. \u2013 Ferencrendi szerzetes, be\u00f6lt\u00f6z\u00f6tt (1839. szept. 26.), felszentelt\u00e9k (1842. dec. 27.). <br \/><strong>Irod.:<\/strong> Gy\u00f6rgy: A ferencrendiek<\/br><\/p>\n","protected":false},"excerpt":{"rendered":"<p>Cs\u00edkmindszent, 1818. aug. 12., \u2020 G\u00f6rg\u00e9nyszentimre, 1853. \u00e1pr. 22.: r. k. k\u00e1pl\u00e1n. \u2013 Ferencrendi szerzetes, be\u00f6lt\u00f6z\u00f6tt (1839. szept. 26.), felszentelt\u00e9k (1842. dec. 27.). Irod.: Gy\u00f6rgy: A ferencrendiek<\/p>\n","protected":false},"featured_media":0,"comment_status":"open","ping_status":"closed","template":"","meta":[],"product_brand":[],"product_cat":[137],"product_tag":[],"class_list":{"0":"post-5936","1":"product","2":"type-product","3":"status-publish","5":"product_cat-maros-megyei-eletrajzi-lexikon","7":"first","8":"instock","9":"shipping-taxable","10":"product-type-simple"},"_links":{"self":[{"href":"https:\/\/uj.adatbank.ro\/lexikon\/wp-json\/wp\/v2\/product\/5936","targetHints":{"allow":["GET"]}}],"collection":[{"href":"https:\/\/uj.adatbank.ro\/lexikon\/wp-json\/wp\/v2\/product"}],"about":[{"href":"https:\/\/uj.adatbank.ro\/lexikon\/wp-json\/wp\/v2\/types\/product"}],"replies":[{"embeddable":true,"href":"https:\/\/uj.adatbank.ro\/lexikon\/wp-json\/wp\/v2\/comments?post=5936"}],"wp:attachment":[{"href":"https:\/\/uj.adatbank.ro\/lexikon\/wp-json\/wp\/v2\/media?parent=5936"}],"wp:term":[{"taxonomy":"product_brand","embeddable":true,"href":"https:\/\/uj.adatbank.ro\/lexikon\/wp-json\/wp\/v2\/product_brand?post=5936"},{"taxonomy":"product_cat","embeddable":true,"href":"https:\/\/uj.adatbank.ro\/lexikon\/wp-json\/wp\/v2\/product_cat?post=5936"},{"taxonomy":"product_tag","embeddable":true,"href":"https:\/\/uj.adatbank.ro\/lexikon\/wp-json\/wp\/v2\/product_tag?post=5936"}],"curies":[{"name":"wp","href":"https:\/\/api.w.org\/{rel}","templated":true}]}}