{"id":5938,"date":"2025-06-28T17:34:41","date_gmt":"2025-06-28T15:34:41","guid":{"rendered":"https:\/\/uj.adatbank.ro\/lexikon\/termek\/czirjek-istvan\/"},"modified":"2025-06-28T17:34:41","modified_gmt":"2025-06-28T15:34:41","slug":"czirjek-istvan","status":"publish","type":"product","link":"https:\/\/uj.adatbank.ro\/lexikon\/termek\/czirjek-istvan\/","title":{"rendered":"CZIRJ\u00c9K Istv\u00e1n"},"content":{"rendered":"<p>Mez\u0151madaras, 1922. dec. 25., \u2020 Mez\u0151madaras, ?: gzd\u00e1lkod\u00f3. \u2013 Letart\u00f3ztatt\u00e1k (1959. j\u00fan. 11.). A MAT\u00a0Katonai \u00dcgy\u00e9szs\u00e9ge egy 21 tagu jehovista csoporttal \u00e1ll\u00edtotta b\u00edr\u00f3s\u00e1g el\u00e9, it\u00e9lete 18 \u00e9v volt, szabadult (1964. j\u00fan. 22.). Visszat\u00e9rt Mez\u0151madarasra. &#8211;<br \/><strong>Irod.:<\/strong> 1956 Erd\u00e9lyben<\/br><\/p>\n","protected":false},"excerpt":{"rendered":"<p>Mez\u0151madaras, 1922. dec. 25., \u2020 Mez\u0151madaras, ?: gzd\u00e1lkod\u00f3. \u2013 Letart\u00f3ztatt\u00e1k (1959. j\u00fan. 11.). A MAT\u00a0Katonai \u00dcgy\u00e9szs\u00e9ge egy 21 tagu jehovista csoporttal \u00e1ll\u00edtotta b\u00edr\u00f3s\u00e1g el\u00e9, it\u00e9lete 18 \u00e9v volt, szabadult (1964. j\u00fan. 22.). Visszat\u00e9rt Mez\u0151madarasra. &#8211;Irod.: 1956 Erd\u00e9lyben<\/p>\n","protected":false},"featured_media":0,"comment_status":"open","ping_status":"closed","template":"","meta":[],"product_brand":[],"product_cat":[137],"product_tag":[],"class_list":{"0":"post-5938","1":"product","2":"type-product","3":"status-publish","5":"product_cat-maros-megyei-eletrajzi-lexikon","7":"first","8":"instock","9":"shipping-taxable","10":"product-type-simple"},"_links":{"self":[{"href":"https:\/\/uj.adatbank.ro\/lexikon\/wp-json\/wp\/v2\/product\/5938","targetHints":{"allow":["GET"]}}],"collection":[{"href":"https:\/\/uj.adatbank.ro\/lexikon\/wp-json\/wp\/v2\/product"}],"about":[{"href":"https:\/\/uj.adatbank.ro\/lexikon\/wp-json\/wp\/v2\/types\/product"}],"replies":[{"embeddable":true,"href":"https:\/\/uj.adatbank.ro\/lexikon\/wp-json\/wp\/v2\/comments?post=5938"}],"wp:attachment":[{"href":"https:\/\/uj.adatbank.ro\/lexikon\/wp-json\/wp\/v2\/media?parent=5938"}],"wp:term":[{"taxonomy":"product_brand","embeddable":true,"href":"https:\/\/uj.adatbank.ro\/lexikon\/wp-json\/wp\/v2\/product_brand?post=5938"},{"taxonomy":"product_cat","embeddable":true,"href":"https:\/\/uj.adatbank.ro\/lexikon\/wp-json\/wp\/v2\/product_cat?post=5938"},{"taxonomy":"product_tag","embeddable":true,"href":"https:\/\/uj.adatbank.ro\/lexikon\/wp-json\/wp\/v2\/product_tag?post=5938"}],"curies":[{"name":"wp","href":"https:\/\/api.w.org\/{rel}","templated":true}]}}