{"id":5939,"date":"2025-06-28T17:34:45","date_gmt":"2025-06-28T15:34:45","guid":{"rendered":"https:\/\/uj.adatbank.ro\/lexikon\/termek\/czirjek-terez-%c2%a7-szigethi\/"},"modified":"2025-06-28T17:34:45","modified_gmt":"2025-06-28T15:34:45","slug":"czirjek-terez-%c2%a7-szigethi","status":"publish","type":"product","link":"https:\/\/uj.adatbank.ro\/lexikon\/termek\/czirjek-terez-%c2%a7-szigethi\/","title":{"rendered":"CZIRJ\u00c9K Ter\u00e9z, \u00a7 Szigethi"},"content":{"rendered":"<p>1932., \u2020\u00a0Mv., 1987. febr. 14.: korrektor. \u2013 A mv.-i V. Z. napilap f\u0151korrektora volt (1953. szept. \u2013). A RSZK \u00e9rdem- \u00e9s eml\u00e9k\u00e9rmeivel t\u00fcntett\u00e9k ki. <br \/><strong>Irod.:<\/strong> [Nekrol\u00f3g] (V. Z., 1987. febr. 17.)<\/br><\/p>\n","protected":false},"excerpt":{"rendered":"<p>1932., \u2020\u00a0Mv., 1987. febr. 14.: korrektor. \u2013 A mv.-i V. Z. napilap f\u0151korrektora volt (1953. szept. \u2013). A RSZK \u00e9rdem- \u00e9s eml\u00e9k\u00e9rmeivel t\u00fcntett\u00e9k ki. Irod.: [Nekrol\u00f3g] (V. Z., 1987. febr. 17.)<\/p>\n","protected":false},"featured_media":0,"comment_status":"open","ping_status":"closed","template":"","meta":[],"product_brand":[],"product_cat":[137],"product_tag":[],"class_list":{"0":"post-5939","1":"product","2":"type-product","3":"status-publish","5":"product_cat-maros-megyei-eletrajzi-lexikon","7":"first","8":"instock","9":"shipping-taxable","10":"product-type-simple"},"_links":{"self":[{"href":"https:\/\/uj.adatbank.ro\/lexikon\/wp-json\/wp\/v2\/product\/5939","targetHints":{"allow":["GET"]}}],"collection":[{"href":"https:\/\/uj.adatbank.ro\/lexikon\/wp-json\/wp\/v2\/product"}],"about":[{"href":"https:\/\/uj.adatbank.ro\/lexikon\/wp-json\/wp\/v2\/types\/product"}],"replies":[{"embeddable":true,"href":"https:\/\/uj.adatbank.ro\/lexikon\/wp-json\/wp\/v2\/comments?post=5939"}],"wp:attachment":[{"href":"https:\/\/uj.adatbank.ro\/lexikon\/wp-json\/wp\/v2\/media?parent=5939"}],"wp:term":[{"taxonomy":"product_brand","embeddable":true,"href":"https:\/\/uj.adatbank.ro\/lexikon\/wp-json\/wp\/v2\/product_brand?post=5939"},{"taxonomy":"product_cat","embeddable":true,"href":"https:\/\/uj.adatbank.ro\/lexikon\/wp-json\/wp\/v2\/product_cat?post=5939"},{"taxonomy":"product_tag","embeddable":true,"href":"https:\/\/uj.adatbank.ro\/lexikon\/wp-json\/wp\/v2\/product_tag?post=5939"}],"curies":[{"name":"wp","href":"https:\/\/api.w.org\/{rel}","templated":true}]}}