{"id":5942,"date":"2025-06-28T17:34:49","date_gmt":"2025-06-28T15:34:49","guid":{"rendered":"https:\/\/uj.adatbank.ro\/lexikon\/termek\/czitrom-albert-%c2%a7\/"},"modified":"2025-06-28T17:34:49","modified_gmt":"2025-06-28T15:34:49","slug":"czitrom-albert-%c2%a7","status":"publish","type":"product","link":"https:\/\/uj.adatbank.ro\/lexikon\/termek\/czitrom-albert-%c2%a7\/","title":{"rendered":"CZITROM Albert, \u00a7"},"content":{"rendered":"<p>Mez\u0151s\u00e1msond, 1881, \u2020\u00a0? : tisztvisel\u0151. \u2013 Kereskedelmi \u00fcgyn\u00f6ks\u00e9g vezet\u0151 Mv.-en. R\u00e9szt vett az I. vh.-ban (1915\u201317). A 22. h. n\u00e9pfelkel\u0151 gy. -ezreddel az orrosz frontol Lembergn\u00e9l harcol, s\u00falyosan megsebes\u00fclt. Mint hadnagy szerelt le kit\u00fcntet\u00e9ssel. <br \/><strong>Irod.:<\/strong> Er\u00add\u00e9lyi ezredek<\/br><\/p>\n","protected":false},"excerpt":{"rendered":"<p>Mez\u0151s\u00e1msond, 1881, \u2020\u00a0? : tisztvisel\u0151. \u2013 Kereskedelmi \u00fcgyn\u00f6ks\u00e9g vezet\u0151 Mv.-en. R\u00e9szt vett az I. vh.-ban (1915\u201317). A 22. h. n\u00e9pfelkel\u0151 gy. -ezreddel az orrosz frontol Lembergn\u00e9l harcol, s\u00falyosan megsebes\u00fclt. Mint hadnagy szerelt le kit\u00fcntet\u00e9ssel. Irod.: Er\u00add\u00e9lyi ezredek<\/p>\n","protected":false},"featured_media":0,"comment_status":"open","ping_status":"closed","template":"","meta":[],"product_brand":[],"product_cat":[137],"product_tag":[],"class_list":{"0":"post-5942","1":"product","2":"type-product","3":"status-publish","5":"product_cat-maros-megyei-eletrajzi-lexikon","7":"first","8":"instock","9":"shipping-taxable","10":"product-type-simple"},"_links":{"self":[{"href":"https:\/\/uj.adatbank.ro\/lexikon\/wp-json\/wp\/v2\/product\/5942","targetHints":{"allow":["GET"]}}],"collection":[{"href":"https:\/\/uj.adatbank.ro\/lexikon\/wp-json\/wp\/v2\/product"}],"about":[{"href":"https:\/\/uj.adatbank.ro\/lexikon\/wp-json\/wp\/v2\/types\/product"}],"replies":[{"embeddable":true,"href":"https:\/\/uj.adatbank.ro\/lexikon\/wp-json\/wp\/v2\/comments?post=5942"}],"wp:attachment":[{"href":"https:\/\/uj.adatbank.ro\/lexikon\/wp-json\/wp\/v2\/media?parent=5942"}],"wp:term":[{"taxonomy":"product_brand","embeddable":true,"href":"https:\/\/uj.adatbank.ro\/lexikon\/wp-json\/wp\/v2\/product_brand?post=5942"},{"taxonomy":"product_cat","embeddable":true,"href":"https:\/\/uj.adatbank.ro\/lexikon\/wp-json\/wp\/v2\/product_cat?post=5942"},{"taxonomy":"product_tag","embeddable":true,"href":"https:\/\/uj.adatbank.ro\/lexikon\/wp-json\/wp\/v2\/product_tag?post=5942"}],"curies":[{"name":"wp","href":"https:\/\/api.w.org\/{rel}","templated":true}]}}