{"id":5943,"date":"2025-06-28T17:34:52","date_gmt":"2025-06-28T15:34:52","guid":{"rendered":"https:\/\/uj.adatbank.ro\/lexikon\/termek\/czitrom-bela-%c2%a7\/"},"modified":"2025-06-28T17:34:52","modified_gmt":"2025-06-28T15:34:52","slug":"czitrom-bela-%c2%a7","status":"publish","type":"product","link":"https:\/\/uj.adatbank.ro\/lexikon\/termek\/czitrom-bela-%c2%a7\/","title":{"rendered":"CZITROM B\u00e9la, \u00a7"},"content":{"rendered":"<p>Cikm\u00e1ntor, 1885., \u2020\u00a0Mv., 1979. dec. 25.: \u00fcgyv\u00e9d. \u2013 Keresked\u0151i csal\u00e1db\u00f3l sz\u00e1rmazott. \u2013 A mv.-i Ref. Koll. &#8211; ban \u00e9retts\u00e9gizett, a jogot Kv.-on v\u00e9gezte, doktor\u00e1lt (1908), majd \u00fcgyv\u00e9di vizsg\u00e1t tett (1910). Mv.-en \u00f6n\u00e1ll\u00f3 \u00fcgyv\u00e9d (1910\u2013). R\u00e9szt vett az I. vh.-ban (1915. febr. \u2013 18. nov.), az orosz, szerb, olasz \u00e9s rom\u00e1n fronton volt szakaszparancsnok, t\u0171z\u00e9rs\u00e9gi megfigyel\u0151, felder\u00edt\u0151 \u00e9s l\u0151szeroszlopparancsnok, f\u0151hadnagy. <strong>Kit\u00fcntet\u00e9sei:<\/strong> arany \u00e9rdemkereszt, nagy ez\u00fcst vit\u00e9zs\u00e9gi \u00e9rem, bronz Signum Laudis kardokkal \u00e9s a K\u00e1roly cs. k. Az Erd\u00e9lyi Bank \u00e9s Kereskedelmi Rt. Fi\u00f3kj\u00e1nak \u00e9s a B\u00e9csi Creditoren Verein fi\u00f3kj\u00e1nak \u00fcgy\u00e9sze. A t\u00e1rsadalmi \u00e9letben is szerepet j\u00e1tszott, mint a kereskedelmi \u00fcgyek szak\u00e9rt\u0151je. Az Erd\u00e9lyi Helikon mv.-i tagjai k\u00f6zt szerepelt (1930). Az Orsz\u00e1gos Zsid\u00f3 P\u00e1rt, amit 300 zsid\u00f3k\u00fcld\u00f6tt alak\u00edtotta meg Mv.-en (1931. m\u00e1j. 13.), a mv.-i tagozat eln\u00f6ke (1931). Sikertelen\u00fcl vett r\u00e9szt a p\u00e1rt sz\u00edneiben a Rom\u00e1n Parlamenti v\u00e1laszt\u00e1sokon (1931). <br \/><strong>Irod.:<\/strong> Almanah Tg. M.; Id\u0151t\u00e1r 3; Ki kicsoda\u00a0?; M. hadviselt zsid\u00f3k; Marosi-Helikon; Mv.-i zsid\u00f3 temet\u0151 dok.; Pan\u0103; Reghin, militari; Visnai<\/br><\/p>\n","protected":false},"excerpt":{"rendered":"<p>Cikm\u00e1ntor, 1885., \u2020\u00a0Mv., 1979. dec. 25.: \u00fcgyv\u00e9d. \u2013 Keresked\u0151i csal\u00e1db\u00f3l sz\u00e1rmazott. \u2013 A mv.-i Ref. Koll. &#8211; ban \u00e9retts\u00e9gizett, a jogot Kv.-on v\u00e9gezte, doktor\u00e1lt (1908), majd \u00fcgyv\u00e9di vizsg\u00e1t tett (1910). Mv.-en \u00f6n\u00e1ll\u00f3 \u00fcgyv\u00e9d (1910\u2013). R\u00e9szt vett az I. vh.-ban (1915. febr. \u2013 18. nov.), az orosz, szerb, olasz \u00e9s rom\u00e1n fronton volt szakaszparancsnok, t\u0171z\u00e9rs\u00e9gi megfigyel\u0151, [&hellip;]<\/p>\n","protected":false},"featured_media":0,"comment_status":"open","ping_status":"closed","template":"","meta":[],"product_brand":[],"product_cat":[137],"product_tag":[],"class_list":{"0":"post-5943","1":"product","2":"type-product","3":"status-publish","5":"product_cat-maros-megyei-eletrajzi-lexikon","7":"first","8":"instock","9":"shipping-taxable","10":"product-type-simple"},"_links":{"self":[{"href":"https:\/\/uj.adatbank.ro\/lexikon\/wp-json\/wp\/v2\/product\/5943","targetHints":{"allow":["GET"]}}],"collection":[{"href":"https:\/\/uj.adatbank.ro\/lexikon\/wp-json\/wp\/v2\/product"}],"about":[{"href":"https:\/\/uj.adatbank.ro\/lexikon\/wp-json\/wp\/v2\/types\/product"}],"replies":[{"embeddable":true,"href":"https:\/\/uj.adatbank.ro\/lexikon\/wp-json\/wp\/v2\/comments?post=5943"}],"wp:attachment":[{"href":"https:\/\/uj.adatbank.ro\/lexikon\/wp-json\/wp\/v2\/media?parent=5943"}],"wp:term":[{"taxonomy":"product_brand","embeddable":true,"href":"https:\/\/uj.adatbank.ro\/lexikon\/wp-json\/wp\/v2\/product_brand?post=5943"},{"taxonomy":"product_cat","embeddable":true,"href":"https:\/\/uj.adatbank.ro\/lexikon\/wp-json\/wp\/v2\/product_cat?post=5943"},{"taxonomy":"product_tag","embeddable":true,"href":"https:\/\/uj.adatbank.ro\/lexikon\/wp-json\/wp\/v2\/product_tag?post=5943"}],"curies":[{"name":"wp","href":"https:\/\/api.w.org\/{rel}","templated":true}]}}