{"id":5944,"date":"2025-06-28T17:34:54","date_gmt":"2025-06-28T15:34:54","guid":{"rendered":"https:\/\/uj.adatbank.ro\/lexikon\/termek\/czitrom-janos\/"},"modified":"2025-06-28T17:34:54","modified_gmt":"2025-06-28T15:34:54","slug":"czitrom-janos","status":"publish","type":"product","link":"https:\/\/uj.adatbank.ro\/lexikon\/termek\/czitrom-janos\/","title":{"rendered":"CZITROM J\u00e1nos"},"content":{"rendered":"<p>Mv., 1923. dec. 5. \u2020\u00a0? : pszichol\u00f3gus, m\u0171ford\u00edt\u00f3. \u2013 Mint munkaszolg\u00e1latos esett hadifogs\u00e1gba, hazat\u00e9rte ut\u00e1n (1948) a BTE pedag\u00f3gia-l\u00e9lektan szak\u00e1n szerzett oklevelet (1952). Kv.-on a T\u00e1rsadalomtud. K\u00f6zpont l\u00e9lektani kutat\u00f3ja; az Unirea G\u00e9pgy\u00e1r v\u00e1llalati pszichol\u00f3gusa (1975\u2013). Tudom\u00e1nyos m\u0171veket, l\u00e9lektani \u00e9s logikai tank\u00f6nyveket ford\u00edtott orosz \u00e9s rom\u00e1n nyelvb\u0151l. Az Orosz K\u00f6nyv Sz\u00fcl\u0151knek a nevel\u00e9sr\u0151&#8221; \u00e9s N\u00e9pszer\u0171 tudom\u00e1ny sorozataiban is jelentek meg ford\u00edt\u00e1sai. Mint Petre \u015eaiti\u015f munkat\u00e1rsa vett r\u00e9szt annak n\u00e9h\u00e1ny k\u00f6tetnyi ford\u00edt\u00e1s\u00e1ban (m. n\u00e9pballad\u00e1k, \u00c1prily versv\u00e1logat\u00e1s, Arany ballad\u00e1k). \u2013 <strong>F. m.:<\/strong><strong>ford.:<\/strong> Sejnman, M.: A Vatik\u00e1n a k\u00e9t vil\u00e1gh\u00e1bor\u00fa k\u00f6z\u00f6tt (Bp., 1949); Gulia, G.: V\u00e1rosok v\u00e1rosa (Buk., 1950); Nikiforov, V., Ehrenburg, G., Jurjev, N. A n\u00e9pi forradalom Kin\u00e1ban (Buk., 1951); Vinogradov, N \u2013 Kuzmin, A. F.: Logika (Buk., 1951); Prokovszkij, Sz. V.: Mamutvad\u00e1szok (Buk., 1956); Bajev, K. L: Sisakov, V. A.: A vil\u00e1gegyetemr\u0151l (Buk., 1956); Bogdanov, J. M.: Az anyagok ellen\u00e1ll\u00e1s\u00e1r\u00f3l (Buk., 1956); Ziszman, G. A.: Az atom vil\u00e1ga (Buk., 57); Rado, G.: A hangfal ostroma (Buk., 1957); Antropova, M.: Az iskol\u00e1s gyermek napirendje (Buk., 1959); Fortunatov G. A. \u2013 Petrovszkij A. V.: L\u00e9lektan. Tank\u00f6nyv a k\u00f6z\u00e9piskol\u00e1k sz\u00e1m\u00e1ra. (Z\u00f6rg\u0151 Benj\u00e1min-al, Buk., 1960, ); Fartunatov G. H. \u2013 Petrovszkij A. V.: L\u00e9lektan. Tank\u00f6nyv a XI. oszt\u00e1ly sz\u00e1m\u00e1ra. (Z\u00f6rg\u0151 Benj\u00e1min-al. Buk., 1961., 1962, 1963); Bogdanova, O. Sz.: A kisiskol\u00e1sok szabadideje (Buk., 1961); Prozorov, G. Sz.: A szesz\u00e9lyes gyermek (Buk., 1961); Vl\u0103descu Luiza: K\u00e9rdezz\u00fck meg \u0151ket is (Buk., 1961); Morozova, N. G.: A gyermek \u00e9rdekl\u0151d\u00e9si k\u00f6r\u00e9nek nevel\u00e9se a csal\u00e1dban (Buk., 1963); Chivirig\u0103 Mihai: Egyetlen gyermek a csal\u00e1dban. (Buc., 1966.); Didilescu I., Pavelcu Vasile: Logika. Tank\u00f6nyv a l\u00edc. -ok a XII. o. -ok \u00e9s a pedag\u00f3giai l\u00edc. -ok V. \u00e9folyama sz\u00e1m\u00e1ra. (Fodor Katalin-al; Buc., 1968); ford. rom\u00e1nra: Magyar n\u00e9pballad\u00e1k (Buk., 1975); \u00c1prily Lajos v\u00e1logatott versei (Buk., 1978); Arany ballad\u00e1k (Buk., 1979). <br \/><strong>Irod.:<\/strong> KKACs, R\u00e9thy\u2013\u00dajv\u00e1ri\u2013V\u00e1czy; RMIL; Szigethy\u2013\u00dajv\u00e1ri<\/br><\/p>\n","protected":false},"excerpt":{"rendered":"<p>Mv., 1923. dec. 5. \u2020\u00a0? : pszichol\u00f3gus, m\u0171ford\u00edt\u00f3. \u2013 Mint munkaszolg\u00e1latos esett hadifogs\u00e1gba, hazat\u00e9rte ut\u00e1n (1948) a BTE pedag\u00f3gia-l\u00e9lektan szak\u00e1n szerzett oklevelet (1952). Kv.-on a T\u00e1rsadalomtud. K\u00f6zpont l\u00e9lektani kutat\u00f3ja; az Unirea G\u00e9pgy\u00e1r v\u00e1llalati pszichol\u00f3gusa (1975\u2013). Tudom\u00e1nyos m\u0171veket, l\u00e9lektani \u00e9s logikai tank\u00f6nyveket ford\u00edtott orosz \u00e9s rom\u00e1n nyelvb\u0151l. Az Orosz K\u00f6nyv Sz\u00fcl\u0151knek a nevel\u00e9sr\u0151&#8221; \u00e9s N\u00e9pszer\u0171 tudom\u00e1ny [&hellip;]<\/p>\n","protected":false},"featured_media":0,"comment_status":"open","ping_status":"closed","template":"","meta":[],"product_brand":[],"product_cat":[137],"product_tag":[],"class_list":{"0":"post-5944","1":"product","2":"type-product","3":"status-publish","5":"product_cat-maros-megyei-eletrajzi-lexikon","7":"first","8":"instock","9":"shipping-taxable","10":"product-type-simple"},"_links":{"self":[{"href":"https:\/\/uj.adatbank.ro\/lexikon\/wp-json\/wp\/v2\/product\/5944","targetHints":{"allow":["GET"]}}],"collection":[{"href":"https:\/\/uj.adatbank.ro\/lexikon\/wp-json\/wp\/v2\/product"}],"about":[{"href":"https:\/\/uj.adatbank.ro\/lexikon\/wp-json\/wp\/v2\/types\/product"}],"replies":[{"embeddable":true,"href":"https:\/\/uj.adatbank.ro\/lexikon\/wp-json\/wp\/v2\/comments?post=5944"}],"wp:attachment":[{"href":"https:\/\/uj.adatbank.ro\/lexikon\/wp-json\/wp\/v2\/media?parent=5944"}],"wp:term":[{"taxonomy":"product_brand","embeddable":true,"href":"https:\/\/uj.adatbank.ro\/lexikon\/wp-json\/wp\/v2\/product_brand?post=5944"},{"taxonomy":"product_cat","embeddable":true,"href":"https:\/\/uj.adatbank.ro\/lexikon\/wp-json\/wp\/v2\/product_cat?post=5944"},{"taxonomy":"product_tag","embeddable":true,"href":"https:\/\/uj.adatbank.ro\/lexikon\/wp-json\/wp\/v2\/product_tag?post=5944"}],"curies":[{"name":"wp","href":"https:\/\/api.w.org\/{rel}","templated":true}]}}