{"id":5945,"date":"2025-06-28T17:34:55","date_gmt":"2025-06-28T15:34:55","guid":{"rendered":"https:\/\/uj.adatbank.ro\/lexikon\/termek\/czitrom-laszlo\/"},"modified":"2025-06-28T17:34:55","modified_gmt":"2025-06-28T15:34:55","slug":"czitrom-laszlo","status":"publish","type":"product","link":"https:\/\/uj.adatbank.ro\/lexikon\/termek\/czitrom-laszlo\/","title":{"rendered":"CZITROM L\u00e1szl\u00f3"},"content":{"rendered":"<p>1948., \u2020 Bp., 2003. j\u00fan. 15., Mv.-en temett\u00e9k: \u00e9p\u00edt\u00e9szm\u00e9rn\u00f6k. \u2013 A Solel Boneh region\u00e1lis igazgat\u00f3ja. <br \/><strong>Irod.:<\/strong> Mv.-i zsid\u00f3 temet\u0151 dok.; [Nekrol\u00f3g] (N\u00fa., 2003. szept. 20.)<\/br><\/p>\n","protected":false},"excerpt":{"rendered":"<p>1948., \u2020 Bp., 2003. j\u00fan. 15., Mv.-en temett\u00e9k: \u00e9p\u00edt\u00e9szm\u00e9rn\u00f6k. \u2013 A Solel Boneh region\u00e1lis igazgat\u00f3ja. Irod.: Mv.-i zsid\u00f3 temet\u0151 dok.; [Nekrol\u00f3g] (N\u00fa., 2003. szept. 20.)<\/p>\n","protected":false},"featured_media":0,"comment_status":"open","ping_status":"closed","template":"","meta":[],"product_brand":[],"product_cat":[137],"product_tag":[],"class_list":{"0":"post-5945","1":"product","2":"type-product","3":"status-publish","5":"product_cat-maros-megyei-eletrajzi-lexikon","7":"first","8":"instock","9":"shipping-taxable","10":"product-type-simple"},"_links":{"self":[{"href":"https:\/\/uj.adatbank.ro\/lexikon\/wp-json\/wp\/v2\/product\/5945","targetHints":{"allow":["GET"]}}],"collection":[{"href":"https:\/\/uj.adatbank.ro\/lexikon\/wp-json\/wp\/v2\/product"}],"about":[{"href":"https:\/\/uj.adatbank.ro\/lexikon\/wp-json\/wp\/v2\/types\/product"}],"replies":[{"embeddable":true,"href":"https:\/\/uj.adatbank.ro\/lexikon\/wp-json\/wp\/v2\/comments?post=5945"}],"wp:attachment":[{"href":"https:\/\/uj.adatbank.ro\/lexikon\/wp-json\/wp\/v2\/media?parent=5945"}],"wp:term":[{"taxonomy":"product_brand","embeddable":true,"href":"https:\/\/uj.adatbank.ro\/lexikon\/wp-json\/wp\/v2\/product_brand?post=5945"},{"taxonomy":"product_cat","embeddable":true,"href":"https:\/\/uj.adatbank.ro\/lexikon\/wp-json\/wp\/v2\/product_cat?post=5945"},{"taxonomy":"product_tag","embeddable":true,"href":"https:\/\/uj.adatbank.ro\/lexikon\/wp-json\/wp\/v2\/product_tag?post=5945"}],"curies":[{"name":"wp","href":"https:\/\/api.w.org\/{rel}","templated":true}]}}