{"id":5949,"date":"2025-06-28T17:35:04","date_gmt":"2025-06-28T15:35:04","guid":{"rendered":"https:\/\/uj.adatbank.ro\/lexikon\/termek\/czitrom-vilma-raaberne\/"},"modified":"2025-06-28T17:35:04","modified_gmt":"2025-06-28T15:35:04","slug":"czitrom-vilma-raaberne","status":"publish","type":"product","link":"https:\/\/uj.adatbank.ro\/lexikon\/termek\/czitrom-vilma-raaberne\/","title":{"rendered":"CZITROM Vilma, Ra\u00e1bern\u00e9"},"content":{"rendered":"<p>Kissolymos, 1889. m\u00e1rc. 18., \u2020 ? : gy\u00f3gyszer\u00e9sz. \u2013 Apja Czitrom Jakab sz\u00edkv\u00edzgy\u00e1ros. F\u00e9rje: Ra\u00e1ber Lajos gy\u00f3gyszer\u00e9sz (Bp., 1882. jan. 9. \u2013). \u2013 A kv.-i FJTE szerzett gy\u00f3gyszer\u00e9sz oklevelet (1910. j\u00fan. 22.). A mv.-i Sas gy\u00f3gyszert\u00e1r tulajdonosa k\u00f6z\u00f6sen Weinrich K\u00e1rollyal (1918\u201324). Megv\u00e1lasztott\u00e1k p\u00e9nzt\u00e1rosnak a Maros-Torda \u00e9s Kis-K\u00fck\u00fcll\u0151 v\u00e1rmegy\u00e9k Gy\u00f3gyszer\u00e9szi Kamar\u00e1j\u00e1nak (1922). A gy\u00f3gyszert\u00e1r elad\u00e1sa ut\u00e1n letelepedett Temesv\u00e1ron, ahol gy\u00f3gyszert\u00e1rat b\u00e9relt, majd alap\u00edtott (1927\u2013). <br \/><strong>Irod.:<\/strong> P\u00e9ter H. M.; P\u00e9ter H. M. 2013<\/br><\/p>\n","protected":false},"excerpt":{"rendered":"<p>Kissolymos, 1889. m\u00e1rc. 18., \u2020 ? : gy\u00f3gyszer\u00e9sz. \u2013 Apja Czitrom Jakab sz\u00edkv\u00edzgy\u00e1ros. F\u00e9rje: Ra\u00e1ber Lajos gy\u00f3gyszer\u00e9sz (Bp., 1882. jan. 9. \u2013). \u2013 A kv.-i FJTE szerzett gy\u00f3gyszer\u00e9sz oklevelet (1910. j\u00fan. 22.). A mv.-i Sas gy\u00f3gyszert\u00e1r tulajdonosa k\u00f6z\u00f6sen Weinrich K\u00e1rollyal (1918\u201324). Megv\u00e1lasztott\u00e1k p\u00e9nzt\u00e1rosnak a Maros-Torda \u00e9s Kis-K\u00fck\u00fcll\u0151 v\u00e1rmegy\u00e9k Gy\u00f3gyszer\u00e9szi Kamar\u00e1j\u00e1nak (1922). A gy\u00f3gyszert\u00e1r elad\u00e1sa ut\u00e1n [&hellip;]<\/p>\n","protected":false},"featured_media":0,"comment_status":"open","ping_status":"closed","template":"","meta":[],"product_brand":[],"product_cat":[137],"product_tag":[],"class_list":{"0":"post-5949","1":"product","2":"type-product","3":"status-publish","5":"product_cat-maros-megyei-eletrajzi-lexikon","7":"first","8":"instock","9":"shipping-taxable","10":"product-type-simple"},"_links":{"self":[{"href":"https:\/\/uj.adatbank.ro\/lexikon\/wp-json\/wp\/v2\/product\/5949","targetHints":{"allow":["GET"]}}],"collection":[{"href":"https:\/\/uj.adatbank.ro\/lexikon\/wp-json\/wp\/v2\/product"}],"about":[{"href":"https:\/\/uj.adatbank.ro\/lexikon\/wp-json\/wp\/v2\/types\/product"}],"replies":[{"embeddable":true,"href":"https:\/\/uj.adatbank.ro\/lexikon\/wp-json\/wp\/v2\/comments?post=5949"}],"wp:attachment":[{"href":"https:\/\/uj.adatbank.ro\/lexikon\/wp-json\/wp\/v2\/media?parent=5949"}],"wp:term":[{"taxonomy":"product_brand","embeddable":true,"href":"https:\/\/uj.adatbank.ro\/lexikon\/wp-json\/wp\/v2\/product_brand?post=5949"},{"taxonomy":"product_cat","embeddable":true,"href":"https:\/\/uj.adatbank.ro\/lexikon\/wp-json\/wp\/v2\/product_cat?post=5949"},{"taxonomy":"product_tag","embeddable":true,"href":"https:\/\/uj.adatbank.ro\/lexikon\/wp-json\/wp\/v2\/product_tag?post=5949"}],"curies":[{"name":"wp","href":"https:\/\/api.w.org\/{rel}","templated":true}]}}