{"id":5950,"date":"2025-06-28T17:35:10","date_gmt":"2025-06-28T15:35:10","guid":{"rendered":"https:\/\/uj.adatbank.ro\/lexikon\/termek\/czizek-kornelia\/"},"modified":"2025-06-28T17:35:10","modified_gmt":"2025-06-28T15:35:10","slug":"czizek-kornelia","status":"publish","type":"product","link":"https:\/\/uj.adatbank.ro\/lexikon\/termek\/czizek-kornelia\/","title":{"rendered":"CZIZEK Korn\u00e9lia"},"content":{"rendered":"<p>Nasz\u00f3d, 1924. febr. 15., \u2020 Mv., 1994. szept. 12.: gy\u00f3gyszer\u00e9sz. \u2013 Cz. Lajos \u00e9s Scholtz Anna le\u00e1nya. F\u00e9rje: C\u0103reian Augustin \u00e1llatorvos. \u2013 A MOGYI-n kapott gy\u00f3gyszr\u00e9sz diplom\u00e1t (1950). Marosh\u00e9v\u00edzen k\u00f3rh\u00e1zi gy\u00f3gyszer\u00e9sz, majd csal\u00e1dj\u00e1val Mv.-re t\u00e9rtek vissza, az 1. sz. Gy\u00f3gyszert\u00e1rban dolgozott nyugd\u00edjaz\u00e1s\u00e1ig (1953\u20131979. okt. 1.). <br \/><strong>Irod.:<\/strong> P\u00e9ter H. M.; P\u00e9ter H. M. 2013<\/br><\/p>\n","protected":false},"excerpt":{"rendered":"<p>Nasz\u00f3d, 1924. febr. 15., \u2020 Mv., 1994. szept. 12.: gy\u00f3gyszer\u00e9sz. \u2013 Cz. Lajos \u00e9s Scholtz Anna le\u00e1nya. F\u00e9rje: C\u0103reian Augustin \u00e1llatorvos. \u2013 A MOGYI-n kapott gy\u00f3gyszr\u00e9sz diplom\u00e1t (1950). Marosh\u00e9v\u00edzen k\u00f3rh\u00e1zi gy\u00f3gyszer\u00e9sz, majd csal\u00e1dj\u00e1val Mv.-re t\u00e9rtek vissza, az 1. sz. Gy\u00f3gyszert\u00e1rban dolgozott nyugd\u00edjaz\u00e1s\u00e1ig (1953\u20131979. okt. 1.). Irod.: P\u00e9ter H. M.; P\u00e9ter H. M. 2013<\/p>\n","protected":false},"featured_media":0,"comment_status":"open","ping_status":"closed","template":"","meta":[],"product_brand":[],"product_cat":[137],"product_tag":[],"class_list":{"0":"post-5950","1":"product","2":"type-product","3":"status-publish","5":"product_cat-maros-megyei-eletrajzi-lexikon","7":"first","8":"instock","9":"shipping-taxable","10":"product-type-simple"},"_links":{"self":[{"href":"https:\/\/uj.adatbank.ro\/lexikon\/wp-json\/wp\/v2\/product\/5950","targetHints":{"allow":["GET"]}}],"collection":[{"href":"https:\/\/uj.adatbank.ro\/lexikon\/wp-json\/wp\/v2\/product"}],"about":[{"href":"https:\/\/uj.adatbank.ro\/lexikon\/wp-json\/wp\/v2\/types\/product"}],"replies":[{"embeddable":true,"href":"https:\/\/uj.adatbank.ro\/lexikon\/wp-json\/wp\/v2\/comments?post=5950"}],"wp:attachment":[{"href":"https:\/\/uj.adatbank.ro\/lexikon\/wp-json\/wp\/v2\/media?parent=5950"}],"wp:term":[{"taxonomy":"product_brand","embeddable":true,"href":"https:\/\/uj.adatbank.ro\/lexikon\/wp-json\/wp\/v2\/product_brand?post=5950"},{"taxonomy":"product_cat","embeddable":true,"href":"https:\/\/uj.adatbank.ro\/lexikon\/wp-json\/wp\/v2\/product_cat?post=5950"},{"taxonomy":"product_tag","embeddable":true,"href":"https:\/\/uj.adatbank.ro\/lexikon\/wp-json\/wp\/v2\/product_tag?post=5950"}],"curies":[{"name":"wp","href":"https:\/\/api.w.org\/{rel}","templated":true}]}}