{"id":5953,"date":"2025-06-28T17:35:18","date_gmt":"2025-06-28T15:35:18","guid":{"rendered":"https:\/\/uj.adatbank.ro\/lexikon\/termek\/czoppelt-frigyes-czoppelt-fridericus\/"},"modified":"2025-06-28T17:35:18","modified_gmt":"2025-06-28T15:35:18","slug":"czoppelt-frigyes-czoppelt-fridericus","status":"publish","type":"product","link":"https:\/\/uj.adatbank.ro\/lexikon\/termek\/czoppelt-frigyes-czoppelt-fridericus\/","title":{"rendered":"CZOPPELT Frigyes, Czoppelt Fridericus"},"content":{"rendered":"<p>Sz\u00e1szr\u00e9gen, 1812., \u2020\u00a0?: gy\u00f3gyszer\u00e9sz. \u2013 \u00d6zvegy anyja, Catherina nevelte. Pesten volt gy\u00f3gyszer\u00e9szhallgat\u00f3 (1835\u201336). Vizsg\u00e1zott, felesk\u00fcd\u00f6tt, oklevelet kapott 24 \u00e9ves kor\u00e1ban (1836. aug. 4. \u20135.). <br \/><strong>Irod.:<\/strong> P\u00e9ter H. M.; P\u00e9ter H. M. 2013; Szab\u00f3 Mikl\u00f3s 2005<\/br><\/p>\n","protected":false},"excerpt":{"rendered":"<p>Sz\u00e1szr\u00e9gen, 1812., \u2020\u00a0?: gy\u00f3gyszer\u00e9sz. \u2013 \u00d6zvegy anyja, Catherina nevelte. Pesten volt gy\u00f3gyszer\u00e9szhallgat\u00f3 (1835\u201336). Vizsg\u00e1zott, felesk\u00fcd\u00f6tt, oklevelet kapott 24 \u00e9ves kor\u00e1ban (1836. aug. 4. \u20135.). Irod.: P\u00e9ter H. M.; P\u00e9ter H. M. 2013; Szab\u00f3 Mikl\u00f3s 2005<\/p>\n","protected":false},"featured_media":0,"comment_status":"open","ping_status":"closed","template":"","meta":[],"product_brand":[],"product_cat":[137],"product_tag":[],"class_list":{"0":"post-5953","1":"product","2":"type-product","3":"status-publish","5":"product_cat-maros-megyei-eletrajzi-lexikon","7":"first","8":"instock","9":"shipping-taxable","10":"product-type-simple"},"_links":{"self":[{"href":"https:\/\/uj.adatbank.ro\/lexikon\/wp-json\/wp\/v2\/product\/5953","targetHints":{"allow":["GET"]}}],"collection":[{"href":"https:\/\/uj.adatbank.ro\/lexikon\/wp-json\/wp\/v2\/product"}],"about":[{"href":"https:\/\/uj.adatbank.ro\/lexikon\/wp-json\/wp\/v2\/types\/product"}],"replies":[{"embeddable":true,"href":"https:\/\/uj.adatbank.ro\/lexikon\/wp-json\/wp\/v2\/comments?post=5953"}],"wp:attachment":[{"href":"https:\/\/uj.adatbank.ro\/lexikon\/wp-json\/wp\/v2\/media?parent=5953"}],"wp:term":[{"taxonomy":"product_brand","embeddable":true,"href":"https:\/\/uj.adatbank.ro\/lexikon\/wp-json\/wp\/v2\/product_brand?post=5953"},{"taxonomy":"product_cat","embeddable":true,"href":"https:\/\/uj.adatbank.ro\/lexikon\/wp-json\/wp\/v2\/product_cat?post=5953"},{"taxonomy":"product_tag","embeddable":true,"href":"https:\/\/uj.adatbank.ro\/lexikon\/wp-json\/wp\/v2\/product_tag?post=5953"}],"curies":[{"name":"wp","href":"https:\/\/api.w.org\/{rel}","templated":true}]}}